{"id":18113,"date":"2025-07-25T12:49:52","date_gmt":"2025-07-25T12:49:52","guid":{"rendered":"https:\/\/boreait.com\/it\/?post_type=product&#038;p=18113"},"modified":"2025-07-25T12:50:46","modified_gmt":"2025-07-25T12:50:46","slug":"scheda-madre-hp-chromebook-11a-g8-ee-l92813-001-ricambi-originali-per-laptop","status":"publish","type":"product","link":"https:\/\/boreait.com\/it\/product\/scheda-madre-hp-chromebook-11a-g8-ee-l92813-001-ricambi-originali-per-laptop\/","title":{"rendered":"Scheda madre HP Chromebook 11A G8 EE L92813-001 Ricambi originali per laptop"},"content":{"rendered":"<p>Rinvigorisci il tuo HP Chromebook 11A G8 EE con la scheda madre originale HP Chromebook 11A G8 EE L92813-001. Realizzata con ingegneria di precisione e attenzione alla compatibilit\u00e0, questa scheda madre sostitutiva \u00e8 progettata per integrarsi perfettamente con il tuo dispositivo, garantendo prestazioni e funzionalit\u00e0 affidabili.<\/p>\n<p>Questa scheda madre \u00e8 dotata di una CPU <strong>AMD A4-9120C<\/strong>, che offre una potenza di elaborazione efficiente per gestire le tue attivit\u00e0 quotidiane con facilit\u00e0. Dispone inoltre di <strong>4 GB di RAM<\/strong>, che consentono un multitasking fluido e prestazioni migliorate. Inoltre, la scheda madre include un\u2019unit\u00e0 di archiviazione eMMC da <strong>32 GB<\/strong>, che offre ampio spazio per le tue applicazioni e file essenziali.<\/p>\n<p>Dotata di qualit\u00e0 HP autentica, questa scheda madre sostitutiva \u00e8 la soluzione ideale per ripristinare il tuo Chromebook al suo stato originale. Che tu stia riscontrando problemi con la tua scheda madre attuale o che tu stia cercando di aggiornarla, questo ricambio originale soddisfa i pi\u00f9 elevati standard di qualit\u00e0 e compatibilit\u00e0. <\/p>\n<p>Semplice da installare e costruita per durare, questa scheda madre sostitutiva offre una soluzione semplice e intuitiva per le esigenze di riparazione del tuo laptop. Grazie alla sua struttura robusta e alle prestazioni affidabili, puoi essere certo che il tuo HP Chromebook 11A G8 EE torner\u00e0 a funzionare in pochissimo tempo.<\/p>\n<p>Scopri la differenza che i ricambi originali HP possono fare e assicurati che il tuo laptop continui a funzionare al meglio con la scheda madre originale HP Chromebook 11A G8 EE L92813-001. Ordinala oggi stesso e ripristina le funzionalit\u00e0 del tuo laptop in tutta sicurezza.<\/p>\n","protected":false},"excerpt":{"rendered":"<p>Ripristina le prestazioni ottimali del tuo HP Chromebook 11A G8 EE con questa scheda madre sostitutiva originale. Progettata per garantire compatibilit\u00e0 e affidabilit\u00e0, questa scheda madre di alta qualit\u00e0 garantisce una funzionalit\u00e0 impeccabile, rendendola la soluzione perfetta per le tue esigenze di riparazione del laptop.<\/p>\n","protected":false},"featured_media":18175,"template":"","meta":[],"product_brand":[],"product_cat":[28],"product_tag":[26],"class_list":{"0":"post-18113","1":"product","2":"type-product","3":"status-publish","4":"has-post-thumbnail","6":"product_cat-motherboards-board-parts","7":"product_tag-hp","9":"first","10":"instock","11":"taxable","12":"shipping-taxable","13":"purchasable","14":"product-type-simple"},"_links":{"self":[{"href":"https:\/\/boreait.com\/it\/wp-json\/wp\/v2\/product\/18113","targetHints":{"allow":["GET"]}}],"collection":[{"href":"https:\/\/boreait.com\/it\/wp-json\/wp\/v2\/product"}],"about":[{"href":"https:\/\/boreait.com\/it\/wp-json\/wp\/v2\/types\/product"}],"wp:featuredmedia":[{"embeddable":true,"href":"https:\/\/boreait.com\/it\/wp-json\/wp\/v2\/media\/18175"}],"wp:attachment":[{"href":"https:\/\/boreait.com\/it\/wp-json\/wp\/v2\/media?parent=18113"}],"wp:term":[{"taxonomy":"product_brand","embeddable":true,"href":"https:\/\/boreait.com\/it\/wp-json\/wp\/v2\/product_brand?post=18113"},{"taxonomy":"product_cat","embeddable":true,"href":"https:\/\/boreait.com\/it\/wp-json\/wp\/v2\/product_cat?post=18113"},{"taxonomy":"product_tag","embeddable":true,"href":"https:\/\/boreait.com\/it\/wp-json\/wp\/v2\/product_tag?post=18113"}],"curies":[{"name":"wp","href":"https:\/\/api.w.org\/{rel}","templated":true}]}}