{"id":18091,"date":"2025-07-25T12:49:28","date_gmt":"2025-07-25T12:49:28","guid":{"rendered":"https:\/\/boreait.com\/it\/?post_type=product&#038;p=18091"},"modified":"2025-07-25T12:50:24","modified_gmt":"2025-07-25T12:50:24","slug":"schermo-lcd-di-ricambio-per-hp-11-g8-ee-chromebook-b116xan06-3-parti-per-laptop","status":"publish","type":"product","link":"https:\/\/boreait.com\/it\/product\/schermo-lcd-di-ricambio-per-hp-11-g8-ee-chromebook-b116xan06-3-parti-per-laptop\/","title":{"rendered":"Schermo LCD di ricambio per HP 11 G8 EE Chromebook B116XAN06.3, parti per laptop"},"content":{"rendered":"<p>Migliora la tua esperienza visiva e ripristina la funzionalit\u00e0 del tuo Chromebook HP 11 G8 EE B116XAN06.3 con questo schermo LCD sostitutivo per Chromebook HP 11 G8 EE B116XAN06.3. Che tu stia cercando di aggiornare il tuo attuale display o di sostituire uno schermo danneggiato o malfunzionante, questo schermo sostitutivo di alta qualit\u00e0 offre la soluzione perfetta.<\/p>\n<p>Le caratteristiche principali dello schermo B116XAN06.3 includono:<\/p>\n<p>\u2013 **Risoluzione HD:** Goditi una nitidezza straordinaria con una risoluzione di 1366\u00d7768, che garantisce che ogni dettaglio sia nitido e chiaro.<\/p>\n<p>\u2013 **Tecnologia IPS:** Sperimenta ampi angoli di visione e una riproduzione dei colori uniforme con la tecnologia In-Plane Switching (IPS).<\/p>\n<p>\u2013 **Connettore EDP a 30 pin:** Garantisce una compatibilit\u00e0 perfetta con il tuo laptop Chromebook HP 11 G8 EE.<\/p>\n<p>\u2013 **Retroilluminazione a LED:** Fornisce un\u2019illuminazione a risparmio energetico, riducendo il consumo energetico e offrendo immagini luminose e vivide.<\/p>\n<p>Realizzato con precisione e durata, questo display LCD offre immagini nitide e chiare e colori vivaci, permettendoti di goderti al meglio i contenuti del tuo Chromebook. Grazie alla sua perfetta compatibilit\u00e0 e alla semplice procedura di installazione, aggiornare o sostituire il display non \u00e8 mai stato cos\u00ec facile.<\/p>\n<p>Progettato per soddisfare i pi\u00f9 elevati standard di qualit\u00e0 e prestazioni, questo display LCD sostitutivo garantisce un funzionamento affidabile e una lunga durata. Che tu utilizzi il tuo Chromebook per lavoro, studio o intrattenimento, puoi essere certo che questo display offrir\u00e0 prestazioni eccezionali giorno dopo giorno.<\/p>\n<p>Riporta il tuo HP 11 G8 EE Chromebook B116XAN06.3 al suo pieno potenziale e goditi un\u2019esperienza visiva immersiva con questo display LCD sostitutivo per HP 11 G8 EE Chromebook B116XAN06.3. Aggiorna o sostituisci il tuo display oggi stesso e migliora la tua esperienza con il Chromebook in tutta sicurezza.<\/p>\n<p>\u00a0<\/p>\n","protected":false},"excerpt":{"rendered":"<p>Aggiorna o sostituisci il display LCD del tuo Chromebook HP 11 G8 EE B116XAN06.3 con questo ricambio. Goditi immagini nitide e chiare e prestazioni impeccabili con questo display di alta qualit\u00e0, progettato per una facile installazione.<\/p>\n","protected":false},"featured_media":18153,"template":"","meta":[],"product_brand":[],"product_cat":[64,22],"product_tag":[26],"class_list":{"0":"post-18091","1":"product","2":"type-product","3":"status-publish","4":"has-post-thumbnail","6":"product_cat-11-6","7":"product_cat-laptop-screens-lcd-panels","8":"product_tag-hp","10":"first","11":"instock","12":"taxable","13":"shipping-taxable","14":"purchasable","15":"product-type-simple"},"_links":{"self":[{"href":"https:\/\/boreait.com\/it\/wp-json\/wp\/v2\/product\/18091","targetHints":{"allow":["GET"]}}],"collection":[{"href":"https:\/\/boreait.com\/it\/wp-json\/wp\/v2\/product"}],"about":[{"href":"https:\/\/boreait.com\/it\/wp-json\/wp\/v2\/types\/product"}],"wp:featuredmedia":[{"embeddable":true,"href":"https:\/\/boreait.com\/it\/wp-json\/wp\/v2\/media\/18153"}],"wp:attachment":[{"href":"https:\/\/boreait.com\/it\/wp-json\/wp\/v2\/media?parent=18091"}],"wp:term":[{"taxonomy":"product_brand","embeddable":true,"href":"https:\/\/boreait.com\/it\/wp-json\/wp\/v2\/product_brand?post=18091"},{"taxonomy":"product_cat","embeddable":true,"href":"https:\/\/boreait.com\/it\/wp-json\/wp\/v2\/product_cat?post=18091"},{"taxonomy":"product_tag","embeddable":true,"href":"https:\/\/boreait.com\/it\/wp-json\/wp\/v2\/product_tag?post=18091"}],"curies":[{"name":"wp","href":"https:\/\/api.w.org\/{rel}","templated":true}]}}