{"id":18088,"date":"2025-07-25T12:49:28","date_gmt":"2025-07-25T12:49:28","guid":{"rendered":"https:\/\/boreait.com\/it\/?post_type=product&#038;p=18088"},"modified":"2026-01-30T07:30:38","modified_gmt":"2026-01-30T07:30:38","slug":"scheda-connettore-disco-rigido-per-laptop-ibm-lenovo-thinkpad-t430s-t420s-ricambio-originale","status":"publish","type":"product","link":"https:\/\/boreait.com\/it\/product\/scheda-connettore-disco-rigido-per-laptop-ibm-lenovo-thinkpad-t430s-t420s-ricambio-originale\/","title":{"rendered":"Scheda connettore disco rigido per laptop IBM Lenovo ThinkPad T430S T420S, ricambio originale"},"content":{"rendered":"<p>Aggiorna il tuo laptop IBM Lenovo ThinkPad T430S o T420S con la scheda di connessione del disco rigido originale per laptop IBM Lenovo ThinkPad T430S T420S. Realizzata con precisione e progettata per la massima compatibilit\u00e0, questa parte di ricambio originale \u00e8 progettata per integrarsi perfettamente con il tuo dispositivo, garantendo prestazioni e connettivit\u00e0 affidabili.<\/p>\n<p>Se riscontri problemi con la tua attuale scheda di connessione del disco rigido o desideri aggiornarla, questa parte di ricambio originale \u00e8 la soluzione perfetta. Progettata per soddisfare i pi\u00f9 elevati standard di qualit\u00e0 e compatibilit\u00e0, questa scheda garantisce connettivit\u00e0 e funzionalit\u00e0 ottimali per il tuo laptop.<\/p>\n<p>Grazie alla sua semplice installazione, puoi sostituire rapidamente la scheda di connessione del disco rigido esistente e ripristinare le prestazioni del tuo laptop. Inoltre, grazie alla qualit\u00e0 originale IBM Lenovo, puoi essere certo che questa parte di ricambio offrir\u00e0 durata e affidabilit\u00e0 a lungo termine.<\/p>\n<p>Non lasciare che una scheda di connessione del disco rigido difettosa rallenti le prestazioni del tuo laptop. Passa alla scheda di connessione del disco rigido originale per laptop IBM Lenovo ThinkPad T430S T420S e scopri connettivit\u00e0 e funzionalit\u00e0 impeccabili. Ordinalo oggi stesso e goditi la tranquillit\u00e0 di sapere che il tuo portatile \u00e8 dotato di parti di ricambio originali.<\/p>\n","protected":false},"excerpt":{"rendered":"<p>Sostituisci la scheda di connessione del disco rigido del tuo laptop IBM Lenovo ThinkPad T430S o T420S con questo ricambio originale. Progettata per una facile installazione e una compatibilit\u00e0 impeccabile, questa scheda garantisce connettivit\u00e0 e funzionalit\u00e0 ottimali per il tuo dispositivo.<\/p>\n","protected":false},"featured_media":18134,"template":"","meta":[],"product_brand":[],"product_cat":[28],"product_tag":[27],"class_list":{"0":"post-18088","1":"product","2":"type-product","3":"status-publish","4":"has-post-thumbnail","6":"product_cat-motherboards-board-parts","7":"product_tag-lenovo","9":"first","10":"instock","11":"taxable","12":"shipping-taxable","13":"purchasable","14":"product-type-simple"},"_links":{"self":[{"href":"https:\/\/boreait.com\/it\/wp-json\/wp\/v2\/product\/18088","targetHints":{"allow":["GET"]}}],"collection":[{"href":"https:\/\/boreait.com\/it\/wp-json\/wp\/v2\/product"}],"about":[{"href":"https:\/\/boreait.com\/it\/wp-json\/wp\/v2\/types\/product"}],"wp:featuredmedia":[{"embeddable":true,"href":"https:\/\/boreait.com\/it\/wp-json\/wp\/v2\/media\/18134"}],"wp:attachment":[{"href":"https:\/\/boreait.com\/it\/wp-json\/wp\/v2\/media?parent=18088"}],"wp:term":[{"taxonomy":"product_brand","embeddable":true,"href":"https:\/\/boreait.com\/it\/wp-json\/wp\/v2\/product_brand?post=18088"},{"taxonomy":"product_cat","embeddable":true,"href":"https:\/\/boreait.com\/it\/wp-json\/wp\/v2\/product_cat?post=18088"},{"taxonomy":"product_tag","embeddable":true,"href":"https:\/\/boreait.com\/it\/wp-json\/wp\/v2\/product_tag?post=18088"}],"curies":[{"name":"wp","href":"https:\/\/api.w.org\/{rel}","templated":true}]}}