{"id":18085,"date":"2025-07-25T12:49:27","date_gmt":"2025-07-25T12:49:27","guid":{"rendered":"https:\/\/boreait.com\/it\/?post_type=product&#038;p=18085"},"modified":"2025-07-25T12:50:09","modified_gmt":"2025-07-25T12:50:09","slug":"ricambi-originali-per-scheda-di-commutazione-wireless-bluetooth-lenovo-thinkpad-t430s-04w1700-per-laptop","status":"publish","type":"product","link":"https:\/\/boreait.com\/it\/product\/ricambi-originali-per-scheda-di-commutazione-wireless-bluetooth-lenovo-thinkpad-t430s-04w1700-per-laptop\/","title":{"rendered":"Ricambi originali per scheda di commutazione wireless Bluetooth Lenovo ThinkPad T430s 04W1700 per laptop"},"content":{"rendered":"<p>Migliora la connettivit\u00e0 del tuo laptop Lenovo ThinkPad T430s con la scheda di commutazione wireless Bluetooth originale Lenovo ThinkPad T430s 04W1700. Questo ricambio di alta qualit\u00e0 \u00e8 progettato specificamente per il ThinkPad T430s, garantendo un\u2019integrazione perfetta e prestazioni affidabili.<\/p>\n<p>Che tu stia riscontrando problemi con la tua attuale scheda di commutazione wireless o che tu abbia semplicemente bisogno di una sostituzione, questo ricambio originale Lenovo garantisce compatibilit\u00e0 e funzionalit\u00e0 ottimali. La scheda di commutazione wireless Bluetooth 04W1700 ti consente di ripristinare le funzionalit\u00e0 Bluetooth e wireless del tuo laptop, consentendoti di connetterti a diversi dispositivi senza problemi.<\/p>\n<p>Progettata per soddisfare i rigorosi standard Lenovo, questa scheda di commutazione offre durata e longevit\u00e0. \u00c8 semplice da installare, il che la rende una soluzione semplice e intuitiva per le tue esigenze di riparazione del laptop. Con questo ricambio originale, puoi essere certo che il tuo Lenovo ThinkPad T430s ripristiner\u00e0 la sua funzionalit\u00e0 wireless in modo rapido ed efficiente. <\/p>\n<p>Le foto nell\u2019annuncio sono foto reali dei componenti che riceverai, per garantirti di sapere esattamente cosa aspettarti. Se hai bisogno di ulteriore assistenza, non esitare a contattarci.<\/p>\n<p>Ordina oggi stesso la scheda di commutazione wireless Bluetooth originale Lenovo ThinkPad T430s 04W1700 e ripristina la connettivit\u00e0 wireless del tuo laptop in modo semplice e sicuro.<\/p>\n","protected":false},"excerpt":{"rendered":"<p>Garantisci una connettivit\u00e0 impeccabile con questa scheda switch wireless Bluetooth originale Lenovo ThinkPad T430s 04W1700. Facile da installare e costruita per durare, \u00e8 la soluzione perfetta per ripristinare la funzionalit\u00e0 wireless del tuo laptop.<\/p>\n","protected":false},"featured_media":18130,"template":"","meta":[],"product_brand":[],"product_cat":[28],"product_tag":[27],"class_list":{"0":"post-18085","1":"product","2":"type-product","3":"status-publish","4":"has-post-thumbnail","6":"product_cat-motherboards-board-parts","7":"product_tag-lenovo","9":"first","10":"instock","11":"taxable","12":"shipping-taxable","13":"purchasable","14":"product-type-simple"},"_links":{"self":[{"href":"https:\/\/boreait.com\/it\/wp-json\/wp\/v2\/product\/18085","targetHints":{"allow":["GET"]}}],"collection":[{"href":"https:\/\/boreait.com\/it\/wp-json\/wp\/v2\/product"}],"about":[{"href":"https:\/\/boreait.com\/it\/wp-json\/wp\/v2\/types\/product"}],"wp:featuredmedia":[{"embeddable":true,"href":"https:\/\/boreait.com\/it\/wp-json\/wp\/v2\/media\/18130"}],"wp:attachment":[{"href":"https:\/\/boreait.com\/it\/wp-json\/wp\/v2\/media?parent=18085"}],"wp:term":[{"taxonomy":"product_brand","embeddable":true,"href":"https:\/\/boreait.com\/it\/wp-json\/wp\/v2\/product_brand?post=18085"},{"taxonomy":"product_cat","embeddable":true,"href":"https:\/\/boreait.com\/it\/wp-json\/wp\/v2\/product_cat?post=18085"},{"taxonomy":"product_tag","embeddable":true,"href":"https:\/\/boreait.com\/it\/wp-json\/wp\/v2\/product_tag?post=18085"}],"curies":[{"name":"wp","href":"https:\/\/api.w.org\/{rel}","templated":true}]}}