{"id":18070,"date":"2025-07-25T12:49:04","date_gmt":"2025-07-25T12:49:04","guid":{"rendered":"https:\/\/boreait.com\/it\/?post_type=product&#038;p=18070"},"modified":"2026-01-30T07:29:33","modified_gmt":"2026-01-30T07:29:33","slug":"60y9991-pulsante-di-clic-del-touchpad-per-lenovo-thinkpad-t420-t420i-t430-t430i-t420s-t420si-t430s-t430si-parti-per-laptop","status":"publish","type":"product","link":"https:\/\/boreait.com\/it\/product\/60y9991-pulsante-di-clic-del-touchpad-per-lenovo-thinkpad-t420-t420i-t430-t430i-t420s-t420si-t430s-t430si-parti-per-laptop\/","title":{"rendered":"60Y9991 Pulsante di clic del touchpad per Lenovo Thinkpad T420 T420i T430 T430i T420S T420Si T430S T430Si Parti per laptop"},"content":{"rendered":"<p>Aggiorna il tuo Lenovo ThinkPad T420, T420i, T430, T430i, T420S, T420Si, T430S o T430Si con il pulsante originale 60Y9991 per tasti touchpad. Progettato per garantire compatibilit\u00e0 e prestazioni perfette, questo ricambio ripristina la reattivit\u00e0 e la precisione del touchpad, garantendo un\u2019esperienza utente fluida ed efficiente.<\/p>\n<p>Questo pulsante di alta qualit\u00e0 per tasti touchpad \u00e8 realizzato per soddisfare i rigorosi standard Lenovo, offrendo durata e affidabilit\u00e0 di cui ti puoi fidare. Che il tuo attuale pulsante sia usurato, non reattivo o danneggiato, questo ricambio originale garantisce che il tuo laptop continui a funzionare al meglio.<\/p>\n<p>Progettato per una facile installazione, il pulsante originale 60Y9991 per tasti touchpad ti consente di ripristinare rapidamente e senza sforzo la funzionalit\u00e0 del touchpad del tuo laptop. Ogni pulsante \u00e8 rigorosamente testato per garantire prestazioni impeccabili, rendendolo la scelta ideale sia per i professionisti che per gli appassionati del fai da te. <\/p>\n<p>Caratteristiche principali:<\/p>\n<p>\u2013 Codice ricambio originale Lenovo 60Y9991<\/p>\n<p>\u2013 Compatibile con i modelli Lenovo ThinkPad: T420, T420i, T430, T430i, T420S, T420Si, T430S e T430Si<\/p>\n<p>\u2013 Garantisce un clic preciso e reattivo<\/p>\n<p>\u2013 Struttura resistente e affidabile<\/p>\n<p>\u2013 Facile da installare<\/p>\n<p>Ordina oggi stesso il pulsante Touchpad Click Keys 60Y9991 per migliorare le prestazioni del tuo Lenovo ThinkPad e mantenere i suoi elevati standard di qualit\u00e0. Per ulteriore assistenza, non esitare a contattarci per ricevere supporto e assistenza da parte di esperti.<\/p>\n","protected":false},"excerpt":{"rendered":"<p>Sostituisci i tasti del touchpad usurati con il codice originale 60Y9991 per Lenovo ThinkPad T420, T420i, T430, T430i, T420S, T420Si, T430S e T430Si. Garantisci un clic preciso e reattivo con questo ricambio di alta qualit\u00e0.<\/p>\n","protected":false},"featured_media":18127,"template":"","meta":[],"product_brand":[],"product_cat":[28],"product_tag":[27],"class_list":{"0":"post-18070","1":"product","2":"type-product","3":"status-publish","4":"has-post-thumbnail","6":"product_cat-motherboards-board-parts","7":"product_tag-lenovo","9":"first","10":"instock","11":"taxable","12":"shipping-taxable","13":"purchasable","14":"product-type-simple"},"_links":{"self":[{"href":"https:\/\/boreait.com\/it\/wp-json\/wp\/v2\/product\/18070","targetHints":{"allow":["GET"]}}],"collection":[{"href":"https:\/\/boreait.com\/it\/wp-json\/wp\/v2\/product"}],"about":[{"href":"https:\/\/boreait.com\/it\/wp-json\/wp\/v2\/types\/product"}],"wp:featuredmedia":[{"embeddable":true,"href":"https:\/\/boreait.com\/it\/wp-json\/wp\/v2\/media\/18127"}],"wp:attachment":[{"href":"https:\/\/boreait.com\/it\/wp-json\/wp\/v2\/media?parent=18070"}],"wp:term":[{"taxonomy":"product_brand","embeddable":true,"href":"https:\/\/boreait.com\/it\/wp-json\/wp\/v2\/product_brand?post=18070"},{"taxonomy":"product_cat","embeddable":true,"href":"https:\/\/boreait.com\/it\/wp-json\/wp\/v2\/product_cat?post=18070"},{"taxonomy":"product_tag","embeddable":true,"href":"https:\/\/boreait.com\/it\/wp-json\/wp\/v2\/product_tag?post=18070"}],"curies":[{"name":"wp","href":"https:\/\/api.w.org\/{rel}","templated":true}]}}