{"id":18063,"date":"2025-07-25T12:49:04","date_gmt":"2025-07-25T12:49:04","guid":{"rendered":"https:\/\/boreait.com\/it\/?post_type=product&#038;p=18063"},"modified":"2025-07-25T12:49:54","modified_gmt":"2025-07-25T12:49:54","slug":"lettore-di-impronte-digitali-originale-lenovo-thinkpad-x1-bd-55-4qe03-011-48-4qe18-011-parti-per-laptop","status":"publish","type":"product","link":"https:\/\/boreait.com\/it\/product\/lettore-di-impronte-digitali-originale-lenovo-thinkpad-x1-bd-55-4qe03-011-48-4qe18-011-parti-per-laptop\/","title":{"rendered":"Lettore di impronte digitali originale Lenovo ThinkPad X1 BD 55.4QE03.011 48.4QE18.011 Parti per laptop"},"content":{"rendered":"<p>Migliora la sicurezza e la funzionalit\u00e0 del tuo Lenovo ThinkPad X1 con il lettore di impronte digitali originale Lenovo ThinkPad X1 BD 55.4QE03.011 48.4QE18.011. Progettata per garantire precisione e compatibilit\u00e0, questa scheda sostitutiva per lettore di impronte digitali \u00e8 realizzata per integrarsi perfettamente con il tuo dispositivo, offrendo un riconoscimento delle impronte digitali affidabile e preciso per una maggiore sicurezza.<\/p>\n<p>Dotata della qualit\u00e0 originale Lenovo, questa scheda per lettore di impronte digitali \u00e8 la soluzione perfetta per ripristinare la funzionalit\u00e0 di scansione delle impronte digitali del tuo laptop allo stato originale. Che tu stia sostituendo un lettore difettoso o aggiornandolo per sfruttare funzionalit\u00e0 di sicurezza avanzate, questo ricambio originale \u00e8 progettato per soddisfare i pi\u00f9 elevati standard di qualit\u00e0 e prestazioni.<\/p>\n<p>L\u2019installazione \u00e8 rapida e semplice, consentendoti di godere dei vantaggi di una maggiore sicurezza e praticit\u00e0 in pochissimo tempo. Grazie alla sua struttura resistente e alle prestazioni affidabili, puoi essere certo che il tuo Lenovo ThinkPad X1 sar\u00e0 protetto da accessi non autorizzati e pronto all\u2019uso ogni volta che ne avrai bisogno. <\/p>\n<p>Scopri la differenza che i ricambi originali Lenovo possono fare e assicurati che il tuo laptop continui a offrire sicurezza e prestazioni affidabili con il lettore di impronte digitali originale Lenovo ThinkPad X1 BD 55.4QE03.011 48.4QE18.011. Ordinalo oggi stesso e goditi la tranquillit\u00e0 di sapere che il tuo dispositivo \u00e8 protetto.<\/p>\n","protected":false},"excerpt":{"rendered":"<p>Ripristina la sicurezza e la praticit\u00e0 del tuo Lenovo ThinkPad X1 con questa scheda originale per lettore di impronte digitali. Progettata per un&#8217;integrazione perfetta, questa sostituzione di alta qualit\u00e0 garantisce un riconoscimento accurato delle impronte digitali e un facile accesso al dispositivo. Aggiorna il tuo laptop oggi stesso!<\/p>\n","protected":false},"featured_media":18119,"template":"","meta":[],"product_brand":[],"product_cat":[28],"product_tag":[27],"class_list":{"0":"post-18063","1":"product","2":"type-product","3":"status-publish","4":"has-post-thumbnail","6":"product_cat-motherboards-board-parts","7":"product_tag-lenovo","9":"first","10":"instock","11":"taxable","12":"shipping-taxable","13":"purchasable","14":"product-type-simple"},"_links":{"self":[{"href":"https:\/\/boreait.com\/it\/wp-json\/wp\/v2\/product\/18063","targetHints":{"allow":["GET"]}}],"collection":[{"href":"https:\/\/boreait.com\/it\/wp-json\/wp\/v2\/product"}],"about":[{"href":"https:\/\/boreait.com\/it\/wp-json\/wp\/v2\/types\/product"}],"wp:featuredmedia":[{"embeddable":true,"href":"https:\/\/boreait.com\/it\/wp-json\/wp\/v2\/media\/18119"}],"wp:attachment":[{"href":"https:\/\/boreait.com\/it\/wp-json\/wp\/v2\/media?parent=18063"}],"wp:term":[{"taxonomy":"product_brand","embeddable":true,"href":"https:\/\/boreait.com\/it\/wp-json\/wp\/v2\/product_brand?post=18063"},{"taxonomy":"product_cat","embeddable":true,"href":"https:\/\/boreait.com\/it\/wp-json\/wp\/v2\/product_cat?post=18063"},{"taxonomy":"product_tag","embeddable":true,"href":"https:\/\/boreait.com\/it\/wp-json\/wp\/v2\/product_tag?post=18063"}],"curies":[{"name":"wp","href":"https:\/\/api.w.org\/{rel}","templated":true}]}}