{"id":18028,"date":"2025-07-25T12:48:40","date_gmt":"2025-07-25T12:48:40","guid":{"rendered":"https:\/\/boreait.com\/it\/?post_type=product&#038;p=18028"},"modified":"2025-07-25T12:49:21","modified_gmt":"2025-07-25T12:49:21","slug":"ricambi-originali-per-laptop-fujitsu-lifebook-ah552-con-modulo-scheda-usb","status":"publish","type":"product","link":"https:\/\/boreait.com\/it\/product\/ricambi-originali-per-laptop-fujitsu-lifebook-ah552-con-modulo-scheda-usb\/","title":{"rendered":"Ricambi originali per laptop Fujitsu LifeBook AH552 con modulo scheda USB"},"content":{"rendered":"<p>Migliora la connettivit\u00e0 e le prestazioni del tuo Fujitsu LifeBook AH552 con il modulo scheda USB originale Fujitsu LifeBook AH552. Progettato specificamente per soddisfare le specifiche esatte del tuo laptop, questo ricambio garantisce una perfetta compatibilit\u00e0 e un funzionamento affidabile.<\/p>\n<p>Realizzato con precisione e materiali di alta qualit\u00e0, questo modulo scheda USB \u00e8 la soluzione ideale per sostituire un componente difettoso o danneggiato. La sua perfetta integrazione con il tuo Fujitsu LifeBook AH552 garantisce che il tuo laptop continui a funzionare al meglio.<\/p>\n<p>Questo modulo scheda USB originale sostitutivo \u00e8 facile da installare e costruito per durare, offrendo una soluzione affidabile per le esigenze di riparazione del tuo laptop. Grazie alla sua struttura robusta e alle prestazioni affidabili, puoi essere certo che la connettivit\u00e0 USB del tuo laptop verr\u00e0 ripristinata in modo efficiente ed efficace.<\/p>\n<p>Le foto nell\u2019annuncio sono foto reali dei componenti che riceverai, per garantirti di ricevere esattamente ci\u00f2 di cui hai bisogno. Sebbene non forniamo istruzioni per la sostituzione dei componenti, il nostro team di supporto \u00e8 disponibile per rispondere a qualsiasi domanda tu possa avere. Contattaci per ulteriore assistenza. <\/p>\n<p>Ordina oggi stesso il modulo scheda USB originale Fujitsu LifeBook AH552 e scopri i vantaggi di componenti per laptop affidabili e di alta qualit\u00e0. Mantieni il tuo laptop sempre funzionante e goditi una connettivit\u00e0 ininterrotta con questo ricambio essenziale.<\/p>\n","protected":false},"excerpt":{"rendered":"<p>Sostituisci il modulo scheda USB difettoso del tuo Fujitsu LifeBook AH552 con questo ricambio originale. Progettato per garantire compatibilit\u00e0 e prestazioni, questo modulo scheda USB garantisce connettivit\u00e0 e funzionalit\u00e0 impeccabili per il tuo laptop.<\/p>\n","protected":false},"featured_media":18081,"template":"","meta":[],"product_brand":[],"product_cat":[28],"product_tag":[29],"class_list":{"0":"post-18028","1":"product","2":"type-product","3":"status-publish","4":"has-post-thumbnail","6":"product_cat-motherboards-board-parts","7":"product_tag-fujitsu","9":"first","10":"instock","11":"taxable","12":"shipping-taxable","13":"purchasable","14":"product-type-simple"},"_links":{"self":[{"href":"https:\/\/boreait.com\/it\/wp-json\/wp\/v2\/product\/18028","targetHints":{"allow":["GET"]}}],"collection":[{"href":"https:\/\/boreait.com\/it\/wp-json\/wp\/v2\/product"}],"about":[{"href":"https:\/\/boreait.com\/it\/wp-json\/wp\/v2\/types\/product"}],"wp:featuredmedia":[{"embeddable":true,"href":"https:\/\/boreait.com\/it\/wp-json\/wp\/v2\/media\/18081"}],"wp:attachment":[{"href":"https:\/\/boreait.com\/it\/wp-json\/wp\/v2\/media?parent=18028"}],"wp:term":[{"taxonomy":"product_brand","embeddable":true,"href":"https:\/\/boreait.com\/it\/wp-json\/wp\/v2\/product_brand?post=18028"},{"taxonomy":"product_cat","embeddable":true,"href":"https:\/\/boreait.com\/it\/wp-json\/wp\/v2\/product_cat?post=18028"},{"taxonomy":"product_tag","embeddable":true,"href":"https:\/\/boreait.com\/it\/wp-json\/wp\/v2\/product_tag?post=18028"}],"curies":[{"name":"wp","href":"https:\/\/api.w.org\/{rel}","templated":true}]}}