{"id":17107,"date":"2025-07-25T12:35:40","date_gmt":"2025-07-25T12:35:40","guid":{"rendered":"https:\/\/boreait.com\/it\/?post_type=product&#038;p=17107"},"modified":"2025-09-11T08:26:11","modified_gmt":"2025-09-11T08:26:11","slug":"schermo-led-opaco-ips-fhd-da-14-per-lenovo-yoga-c740-14iml-fhd-non-touch","status":"publish","type":"product","link":"https:\/\/boreait.com\/it\/product\/schermo-led-opaco-ips-fhd-da-14-per-lenovo-yoga-c740-14iml-fhd-non-touch\/","title":{"rendered":"Schermo LED opaco IPS FHD da 14&#8243; per Lenovo Yoga C740-14IML, FHD, non touch"},"content":{"rendered":"<p><strong>Modello schermo effettivo: B140HAN04.D \/ NV140FHM-N4T V8.2 \/ N140HCA-EEK \u2013 completamente compatibile con Lenovo Yoga C740-14IML (versione non touch)!<\/strong><\/p>\n<p>Trasforma il tuo Lenovo Yoga C740-14IML (versione non touch) in un concentrato di potenza visiva con il nostro schermo LED Full HD IPS opaco da 14 pollici di alta qualit\u00e0. Progettato per abbinarsi alla precisione e alla brillantezza del tuo dispositivo, questo schermo offre una straordinaria risoluzione di 1920\u00d71080 che d\u00e0 vita ai tuoi contenuti con dettagli nitidi e colori vivaci. La tecnologia IPS garantisce ampi angoli di visione e una riproduzione dei colori uniforme, rendendolo ideale per la grafica professionale, il fotoritocco e la fruizione di contenuti multimediali.<\/p>\n<p><strong>Caratteristiche eccezionali:<\/strong><\/p>\n<ul>\n<li><strong>Risoluzione Full HD:<\/strong> Scopri la nitidezza e i dettagli del Full HD, che migliorano ogni attivit\u00e0, dalle applicazioni di produttivit\u00e0 allo streaming dei tuoi programmi preferiti.<\/li>\n<li><strong>Tecnologia IPS:<\/strong> Con colori fedeli e ampi angoli di visione, lo schermo garantisce un aspetto eccezionale da qualsiasi prospettiva, perfetto per condividere lo schermo con altri.<\/li>\n<li><strong>Superficie opaca antiriflesso:<\/strong> La finitura opaca riduce significativamente i riflessi e i riflessi dello schermo, consentendo di lavorare comodamente in ambienti luminosi e riducendo l\u2019affaticamento degli occhi durante un utilizzo prolungato.<\/li>\n<li><strong>Connettore a 30 pin:<\/strong> Progettato specificamente per Lenovo Yoga C740-14IML, questo schermo offre una compatibilit\u00e0 perfetta e una facile installazione, garantendo una perfetta compatibilit\u00e0 con il tuo dispositivo.<\/li>\n<\/ul>\n<p>Che tu stia passando a un modello pi\u00f9 efficiente per il lavoro o per un intrattenimento pi\u00f9 ricco, questo schermo \u00e8 la soluzione ideale Un punto di svolta per il tuo Lenovo Yoga C740-14IML. Le sue propriet\u00e0 antiriflesso e la straordinaria fedelt\u00e0 cromatica lo rendono una scelta versatile per tutte le tue esigenze. Migliora la tua esperienza visiva con il nostro schermo LED FHD IPS opaco da 14 pollici e goditi una qualit\u00e0 visiva senza pari che si adatta al tuo stile di vita.<\/p>\n","protected":false},"excerpt":{"rendered":"<p>Migliora il tuo Lenovo Yoga C740-14IML con il nostro schermo LED FHD IPS opaco da 14 pollici. Con una risoluzione di 1920&#215;1080 e un connettore a 30 pin, questo schermo offre colori vividi e ampi angoli di visione, garantendo un&#8217;esperienza visiva immersiva e senza riflessi, perfetta sia per il lavoro che per il tempo libero.<\/p>\n","protected":false},"featured_media":17120,"template":"","meta":[],"product_brand":[],"product_cat":[63,60],"product_tag":[27],"class_list":{"0":"post-17107","1":"product","2":"type-product","3":"status-publish","4":"has-post-thumbnail","6":"product_cat-14-new-laptop-screens-lcd-panels","7":"product_cat-new-laptop-screens-lcd-panels","8":"product_tag-lenovo","10":"first","11":"instock","12":"taxable","13":"shipping-taxable","14":"purchasable","15":"product-type-simple"},"_links":{"self":[{"href":"https:\/\/boreait.com\/it\/wp-json\/wp\/v2\/product\/17107","targetHints":{"allow":["GET"]}}],"collection":[{"href":"https:\/\/boreait.com\/it\/wp-json\/wp\/v2\/product"}],"about":[{"href":"https:\/\/boreait.com\/it\/wp-json\/wp\/v2\/types\/product"}],"wp:featuredmedia":[{"embeddable":true,"href":"https:\/\/boreait.com\/it\/wp-json\/wp\/v2\/media\/17120"}],"wp:attachment":[{"href":"https:\/\/boreait.com\/it\/wp-json\/wp\/v2\/media?parent=17107"}],"wp:term":[{"taxonomy":"product_brand","embeddable":true,"href":"https:\/\/boreait.com\/it\/wp-json\/wp\/v2\/product_brand?post=17107"},{"taxonomy":"product_cat","embeddable":true,"href":"https:\/\/boreait.com\/it\/wp-json\/wp\/v2\/product_cat?post=17107"},{"taxonomy":"product_tag","embeddable":true,"href":"https:\/\/boreait.com\/it\/wp-json\/wp\/v2\/product_tag?post=17107"}],"curies":[{"name":"wp","href":"https:\/\/api.w.org\/{rel}","templated":true}]}}