{"id":17105,"date":"2025-07-25T12:35:39","date_gmt":"2025-07-25T12:35:39","guid":{"rendered":"https:\/\/boreait.com\/it\/?post_type=product&#038;p=17105"},"modified":"2025-09-11T08:25:24","modified_gmt":"2025-09-11T08:25:24","slug":"schermo-led-opaco-ips-fhd-da-14-n140hce-et2-g53-1920x1080-30-pin-vivid-display","status":"publish","type":"product","link":"https:\/\/boreait.com\/it\/product\/schermo-led-opaco-ips-fhd-da-14-n140hce-et2-g53-1920x1080-30-pin-vivid-display\/","title":{"rendered":"Schermo LED opaco IPS FHD da 14&#8243; N140HCE-ET2\/G53, 1920&#215;1080, 30 pin, Vivid Display"},"content":{"rendered":"<p><strong>Modello schermo effettivo: <span data-sheets-root=\"1\">B140HAN04.<\/span>D \/ NV140FHM-N4T V8.2 \/ N140HCA-EEK \u2013 completamente compatibile con N140HCE-ET2 e N140HCE-G53.<\/strong><\/p>\n<p>Vi presentiamo N140HCE-ET2 \/ N140HCE-G53: un display LED Full HD IPS da 14 pollici di qualit\u00e0 superiore, progettato per portare la tua esperienza visiva a nuovi livelli. Con la sua straordinaria risoluzione di 1920\u00d71080, questo schermo non solo offre immagini nitide e chiare, ma d\u00e0 anche vita ai colori con eccezionale vivacit\u00e0 e profondit\u00e0. La finitura opaca riduce i riflessi, consentendo una visione confortevole in qualsiasi condizione di illuminazione, rendendolo la scelta ideale sia per gli ambienti professionali che per l\u2019uso personale.<\/p>\n<p><strong>Caratteristiche eccezionali:<\/strong><\/p>\n<ul>\n<li><strong>Risoluzione Full HD:<\/strong> Scopri la differenza con immagini nitide e dettagliate che migliorano ogni attivit\u00e0, dalla progettazione grafica all\u2019editing video, fino allo streaming dei tuoi programmi preferiti e ai giochi.<\/li>\n<li><strong>Tecnologia IPS:<\/strong> Goditi colori uniformi e precisi da ampi angoli di visione, garantendo che il tuo lavoro e il tuo intrattenimento siano perfetti da qualsiasi punto della stanza.<\/li>\n<li><strong>Rivestimento antiriflesso opaco:<\/strong> Di\u2019 addio a fastidiosi riflessi e abbagliamenti con la finitura opaca, progettata per ridurre al minimo l\u2019affaticamento degli occhi e rendere la tua esperienza visiva pi\u00f9 piacevole, anche dopo ore di utilizzo.<\/li>\n<li><strong>Connettore a 30 pin:<\/strong> Il display \u00e8 dotato di un connettore a 30 pin, che offre una compatibilit\u00e0 perfetta e una facile installazione su un\u2019ampia gamma di dispositivi.<\/li>\n<\/ul>\n<p>Che tu sia un professionista che cerca accuratezza e precisione nei tuoi progetti visivi, un Che tu sia uno studente che apprezza la chiarezza e il comfort durante lo studio o un appassionato di intrattenimento in cerca di un\u2019esperienza visiva pi\u00f9 immersiva, lo schermo N140HCE-ET2 \/ N140HCE-G53 \u00e8 perfetto per le tue esigenze. Il suo design elegante e la tecnologia avanzata non solo migliorano la tua esperienza visiva, ma lo rendono anche versatile per qualsiasi ambiente. Aggiorna il tuo dispositivo oggi stesso e immergiti in un mondo di immagini e colori vividi.<\/p>\n","protected":false},"excerpt":{"rendered":"<p>Sfrutta appieno il potenziale delle tue immagini con l&#8217;N140HCE-ET2 \/ N140HCE-G53, uno schermo LED IPS opaco FHD da 14 pollici. Con una straordinaria risoluzione di 1920&#215;1080 e un connettore a 30 pin, questo display offre colori vividi e ampi angoli di visione, perfetti per un&#8217;esperienza professionale e di intrattenimento immersiva.<\/p>\n","protected":false},"featured_media":17120,"template":"","meta":[],"product_brand":[],"product_cat":[63,60],"product_tag":[],"class_list":{"0":"post-17105","1":"product","2":"type-product","3":"status-publish","4":"has-post-thumbnail","6":"product_cat-14-new-laptop-screens-lcd-panels","7":"product_cat-new-laptop-screens-lcd-panels","9":"first","10":"instock","11":"taxable","12":"shipping-taxable","13":"purchasable","14":"product-type-simple"},"_links":{"self":[{"href":"https:\/\/boreait.com\/it\/wp-json\/wp\/v2\/product\/17105","targetHints":{"allow":["GET"]}}],"collection":[{"href":"https:\/\/boreait.com\/it\/wp-json\/wp\/v2\/product"}],"about":[{"href":"https:\/\/boreait.com\/it\/wp-json\/wp\/v2\/types\/product"}],"wp:featuredmedia":[{"embeddable":true,"href":"https:\/\/boreait.com\/it\/wp-json\/wp\/v2\/media\/17120"}],"wp:attachment":[{"href":"https:\/\/boreait.com\/it\/wp-json\/wp\/v2\/media?parent=17105"}],"wp:term":[{"taxonomy":"product_brand","embeddable":true,"href":"https:\/\/boreait.com\/it\/wp-json\/wp\/v2\/product_brand?post=17105"},{"taxonomy":"product_cat","embeddable":true,"href":"https:\/\/boreait.com\/it\/wp-json\/wp\/v2\/product_cat?post=17105"},{"taxonomy":"product_tag","embeddable":true,"href":"https:\/\/boreait.com\/it\/wp-json\/wp\/v2\/product_tag?post=17105"}],"curies":[{"name":"wp","href":"https:\/\/api.w.org\/{rel}","templated":true}]}}