{"id":17104,"date":"2025-07-25T12:35:39","date_gmt":"2025-07-25T12:35:39","guid":{"rendered":"https:\/\/boreait.com\/it\/?post_type=product&#038;p=17104"},"modified":"2025-09-11T08:25:28","modified_gmt":"2025-09-11T08:25:28","slug":"display-ips-opaco-fhd-led-da-14-n140hca-e5b-1920x1080-30-pin-elevata-nitidezza","status":"publish","type":"product","link":"https:\/\/boreait.com\/it\/product\/display-ips-opaco-fhd-led-da-14-n140hca-e5b-1920x1080-30-pin-elevata-nitidezza\/","title":{"rendered":"Display IPS opaco FHD LED da 14&#8221; N140HCA-E5B, 1920&#215;1080, 30 pin, elevata nitidezza"},"content":{"rendered":"<p><strong>Modello schermo effettivo: B140HAN04.D \/ NV140FHM-N4T V8.2 \/ N140HCA-EEK \u2013 completamente compatibile con N140HCA-E5B.<\/strong><\/p>\n<p>Scopri un\u2019esperienza visiva superiore con l\u2019N140HCA-E5B, un display LED IPS Full HD da 14 pollici all\u2019avanguardia, progettato per dare vita al tuo mondo digitale. Con la sua risoluzione 1920\u00d71080, questo schermo offre immagini nitide e definite e colori brillanti, rendendo ogni momento sullo schermo un piacere per gli occhi. La tecnologia IPS garantisce colori uniformi su ampi angoli di visione, ideale sia per i professionisti creativi che per gli appassionati di multimedia che cercano precisione e dettaglio nella loro resa visiva.<\/p>\n<p><strong>Caratteristiche eccezionali:<\/strong><\/p>\n<ul>\n<li><strong>Risoluzione Full HD:<\/strong> Migliora la tua esperienza visiva con immagini nitide e dettagliate, che esplodono di vivacit\u00e0. Che si tratti di un design complesso, di un\u2019analisi dettagliata o di guardare i tuoi film e videogiochi preferiti, la nitidezza e la profondit\u00e0 del display sono ineguagliabili.<\/li>\n<li><strong>Tecnologia IPS:<\/strong> Goditi colori realistici e ampi angoli di visione. Il pannello IPS dello schermo mantiene l\u2019integrit\u00e0 e la coerenza dei colori, rendendolo perfetto per condividere lo schermo con altri senza perdere qualit\u00e0.<\/li>\n<li><strong>Superficie opaca antiriflesso:<\/strong> Di\u2019 addio ai fastidiosi riflessi. La finitura opaca non solo riduce al minimo i riflessi, rendendo lo schermo meno affaticante per gli occhi in ambienti luminosi, ma migliora anche l\u2019esperienza visiva complessiva migliorando la visibilit\u00e0.<\/li>\n<li><strong>Connettore a 30 pin:<\/strong> Progettato per una compatibilit\u00e0 impeccabile e una facile installazione, il connettore a 30 pin garantisce un aggiornamento semplice e senza problemi del dispositivo, ampliando la gamma di dispositivi compatibili.<\/li>\n<\/ul>\n<p>Lo schermo N140HCA-E5B trascende le normali capacit\u00e0 di visualizzazione, offrendo non solo una visione, ma una visione. \u00c8 un upgrade ideale per chiunque cerchi una qualit\u00e0 visiva superiore, dai professionisti che fanno affidamento sulla precisione del colore per i loro progetti ai gamer e agli appassionati di cinema in cerca di intrattenimento immersivo. Migliora il tuo dispositivo con l\u2019N140HCA-E5B ed entra in un mondo pi\u00f9 luminoso e colorato.<\/p>\n","protected":false},"excerpt":{"rendered":"<p>Scopri una nitidezza senza pari con l&#8217;N140HCA-E5B, uno schermo LED FHD IPS opaco da 14 pollici. Questo display con risoluzione 1920&#215;1080 \u00e8 dotato di un connettore a 30 pin, che offre colori vivaci e ampi angoli di visione, perfetto sia per le attivit\u00e0 professionali pi\u00f9 impegnative che per l&#8217;intrattenimento di alta qualit\u00e0.<\/p>\n","protected":false},"featured_media":17120,"template":"","meta":[],"product_brand":[],"product_cat":[63,60],"product_tag":[],"class_list":{"0":"post-17104","1":"product","2":"type-product","3":"status-publish","4":"has-post-thumbnail","6":"product_cat-14-new-laptop-screens-lcd-panels","7":"product_cat-new-laptop-screens-lcd-panels","9":"first","10":"instock","11":"taxable","12":"shipping-taxable","13":"purchasable","14":"product-type-simple"},"_links":{"self":[{"href":"https:\/\/boreait.com\/it\/wp-json\/wp\/v2\/product\/17104","targetHints":{"allow":["GET"]}}],"collection":[{"href":"https:\/\/boreait.com\/it\/wp-json\/wp\/v2\/product"}],"about":[{"href":"https:\/\/boreait.com\/it\/wp-json\/wp\/v2\/types\/product"}],"wp:featuredmedia":[{"embeddable":true,"href":"https:\/\/boreait.com\/it\/wp-json\/wp\/v2\/media\/17120"}],"wp:attachment":[{"href":"https:\/\/boreait.com\/it\/wp-json\/wp\/v2\/media?parent=17104"}],"wp:term":[{"taxonomy":"product_brand","embeddable":true,"href":"https:\/\/boreait.com\/it\/wp-json\/wp\/v2\/product_brand?post=17104"},{"taxonomy":"product_cat","embeddable":true,"href":"https:\/\/boreait.com\/it\/wp-json\/wp\/v2\/product_cat?post=17104"},{"taxonomy":"product_tag","embeddable":true,"href":"https:\/\/boreait.com\/it\/wp-json\/wp\/v2\/product_tag?post=17104"}],"curies":[{"name":"wp","href":"https:\/\/api.w.org\/{rel}","templated":true}]}}