{"id":17102,"date":"2025-07-25T12:35:39","date_gmt":"2025-07-25T12:35:39","guid":{"rendered":"https:\/\/boreait.com\/it\/?post_type=product&#038;p=17102"},"modified":"2025-09-11T08:25:41","modified_gmt":"2025-09-11T08:25:41","slug":"schermo-led-opaco-ips-fhd-1920x1080-da-14-nv140fhm-n63-30-pin-antiriflesso","status":"publish","type":"product","link":"https:\/\/boreait.com\/it\/product\/schermo-led-opaco-ips-fhd-1920x1080-da-14-nv140fhm-n63-30-pin-antiriflesso\/","title":{"rendered":"Schermo LED opaco IPS FHD 1920&#215;1080 da 14&#8243; NV140FHM-N63, 30 pin, antiriflesso"},"content":{"rendered":"<p><strong>Modello schermo effettivo: B140HAN04.D \/ NV140FHM-N4T V8.2 \/ N140HCA-EEK \u2013 completamente compatibile con NV140FHM-N63.<\/strong><\/p>\n<p>Vi presentiamo l\u2019NV140FHM-N63, un display LED IPS Full HD da 14 pollici all\u2019avanguardia, progettato per migliorare la tua esperienza visiva. Con la sua risoluzione 1920\u00d71080, questo schermo offre una nitidezza e un dettaglio senza pari, dando vita ai tuoi contenuti con colori vividi e contrasti profondi. La finitura opaca antiriflesso riduce i riflessi e i riverberi luminosi, garantendoti di poter godere dello schermo in qualsiasi condizione di illuminazione.<\/p>\n<p><strong>Caratteristiche principali:<\/strong><\/p>\n<ul>\n<li><strong>Risoluzione Full HD:<\/strong> Immergiti in un mondo di immagini cristalline con il Full HD. Che si tratti di progettazione professionale, intrattenimento multimediale o uso quotidiano, la nitidezza e i dettagli del display ti stupiranno sicuramente.<\/li>\n<li><strong>Tecnologia IPS:<\/strong> Goditi colori uniformi e ampi angoli di visione. Il pannello IPS garantisce colori fedeli e vivaci, indipendentemente dalla posizione di visione, rendendolo ideale per condividere lo schermo con altri.<\/li>\n<li><strong>Rivestimento antiriflesso opaco:<\/strong> Di\u2019 addio ai fastidiosi riflessi. Lavora comodamente in ambienti luminosi, grazie alla finitura opaca che riduce significativamente i riflessi, migliorando il comfort visivo e riducendo l\u2019affaticamento degli occhi.<\/li>\n<li><strong>Connettore a 30 pin:<\/strong> Offrendo una compatibilit\u00e0 perfetta con un\u2019ampia gamma di dispositivi, il connettore a 30 pin di questo display rende l\u2019installazione rapida e semplice, consentendoti di migliorare la tua esperienza visiva senza problemi.<\/li>\n<\/ul>\n<p>L\u2019NV140FHM-N63 \u00e8 pi\u00f9 di un semplice display: \u00e8 un investimento per il tuo comfort visivo e la tua produttivit\u00e0. Il suo design elegante e le funzionalit\u00e0 avanzate lo rendono una scelta versatile per qualsiasi utente, dai professionisti che necessitano di una rappresentazione accurata dei colori ai gamer e agli appassionati di cinema che desiderano immagini immersive. Aggiorna il tuo dispositivo con l\u2019NV140FHM-N63 e immergiti in un mondo pi\u00f9 luminoso e vibrante.<\/p>\n","protected":false},"excerpt":{"rendered":"<p>Migliora la tua esperienza visiva con l&#8217;NV140FHM-N63, uno schermo LED IPS opaco FHD da 14 pollici. Con una risoluzione nitida di 1920&#215;1080 e un connettore a 30 pin, questo display antiriflesso offre colori vivaci e ampi angoli di visione, perfetto sia per il lavoro che per l&#8217;intrattenimento.<\/p>\n","protected":false},"featured_media":17120,"template":"","meta":[],"product_brand":[],"product_cat":[63,60],"product_tag":[],"class_list":{"0":"post-17102","1":"product","2":"type-product","3":"status-publish","4":"has-post-thumbnail","6":"product_cat-14-new-laptop-screens-lcd-panels","7":"product_cat-new-laptop-screens-lcd-panels","9":"first","10":"instock","11":"taxable","12":"shipping-taxable","13":"purchasable","14":"product-type-simple"},"_links":{"self":[{"href":"https:\/\/boreait.com\/it\/wp-json\/wp\/v2\/product\/17102","targetHints":{"allow":["GET"]}}],"collection":[{"href":"https:\/\/boreait.com\/it\/wp-json\/wp\/v2\/product"}],"about":[{"href":"https:\/\/boreait.com\/it\/wp-json\/wp\/v2\/types\/product"}],"wp:featuredmedia":[{"embeddable":true,"href":"https:\/\/boreait.com\/it\/wp-json\/wp\/v2\/media\/17120"}],"wp:attachment":[{"href":"https:\/\/boreait.com\/it\/wp-json\/wp\/v2\/media?parent=17102"}],"wp:term":[{"taxonomy":"product_brand","embeddable":true,"href":"https:\/\/boreait.com\/it\/wp-json\/wp\/v2\/product_brand?post=17102"},{"taxonomy":"product_cat","embeddable":true,"href":"https:\/\/boreait.com\/it\/wp-json\/wp\/v2\/product_cat?post=17102"},{"taxonomy":"product_tag","embeddable":true,"href":"https:\/\/boreait.com\/it\/wp-json\/wp\/v2\/product_tag?post=17102"}],"curies":[{"name":"wp","href":"https:\/\/api.w.org\/{rel}","templated":true}]}}