{"id":17095,"date":"2025-07-25T12:35:38","date_gmt":"2025-07-25T12:35:38","guid":{"rendered":"https:\/\/boreait.com\/it\/?post_type=product&#038;p=17095"},"modified":"2025-09-01T09:28:17","modified_gmt":"2025-09-01T09:28:17","slug":"display-opaco-ips-fhd-da-17-per-asus-rog-g731g-30-pin-senza-staffe-nuovo-di-zecca","status":"publish","type":"product","link":"https:\/\/boreait.com\/it\/product\/display-opaco-ips-fhd-da-17-per-asus-rog-g731g-30-pin-senza-staffe-nuovo-di-zecca\/","title":{"rendered":"Display opaco IPS FHD da 17&#8243; per Asus Rog G731G, 30 pin, senza staffe, nuovo di zecca"},"content":{"rendered":"\n<p><strong>Modello attuale<\/strong>: NV173FHM-N49 v8.0 \/ NV173FHM-N4L \/ N173HCE-E3C<\/p>\n\n\n<p>Vi presentiamo il nostro schermo premium IPS Full HD da 17 pollici opaco, un accessorio perfetto per il vostro Asus Rog G731G. Questo display all\u2019avanguardia \u00e8 progettato per integrarsi perfettamente con il vostro dispositivo, offrendo un miglioramento visivo superiore senza bisogno di staffe. Il suo connettore a 30 pin garantisce un\u2019installazione senza problemi, portando le vostre sessioni di gioco e di lavoro a nuovi livelli con una nitidezza e un comfort senza pari.<\/p>\n<p><strong>Caratteristiche eccezionali:<\/strong><\/p>\n<ul>\n<li><strong>Nitidezza Full HD:<\/strong> Immergiti nelle profondit\u00e0 della risoluzione Full HD (1920\u00d71080), dove ogni dettaglio \u00e8 riprodotto con precisione, dando vita ai tuoi giochi, film e progetti.<\/li>\n<li><strong>Tecnologia IPS:<\/strong> Sperimenta colori uniformi e vivaci da qualsiasi angolazione, grazie all\u2019avanzata tecnologia IPS, che migliora le tue sessioni di visione con una precisione cromatica superiore e ampi angoli di visione.<\/li>\n<li><strong>Finitura opaca:<\/strong> La nostra finitura opaca appositamente progettata riduce i riflessi e i bagliori dello schermo, permettendoti di goderti lo schermo in qualsiasi condizione di illuminazione senza affaticamento.<\/li>\n<li><strong>Compatibilit\u00e0 perfetta:<\/strong> Progettato appositamente per l\u2019Asus Rog G731G, questo schermo garantisce una vestibilit\u00e0 perfetta e prestazioni ottimali, grazie alla sua compatibilit\u00e0 precisa e alla connessione a 30 pin.<\/li>\n<li><strong>Design senza staffe:<\/strong> Goditi un processo di installazione semplificato con il nostro design senza staffe, che rende pi\u00f9 facile che mai aggiornare il display del tuo laptop.<\/li>\n<\/ul>\n<p>Ideale per gli utenti di Asus Rog G731G che desiderano migliorare le prestazioni e la qualit\u00e0 visiva del proprio display, il nostro schermo opaco IPS FHD da 17 pollici offre un\u2019esperienza visiva rivoluzionaria. Che tu stia giocando ad alta risoluzione, modificando video o semplicemente guardando i tuoi contenuti preferiti, questo schermo \u00e8 la tua porta verso una nitidezza e un comfort superiori.<\/p>","protected":false},"excerpt":{"rendered":"<p>Migliora la tua esperienza con Asus Rog G731G con il nostro nuovo schermo IPS opaco Full HD da 17 pollici. Progettato per una compatibilit\u00e0 impeccabile, questo display a 30 pin senza staffa migliora la tua esperienza visiva con immagini cristalline e riflessi ridotti, rendendolo perfetto per il gaming e la produttivit\u00e0.<\/p>\n","protected":false},"featured_media":16563,"template":"","meta":[],"product_brand":[],"product_cat":[60,61],"product_tag":[31],"class_list":{"0":"post-17095","1":"product","2":"type-product","3":"status-publish","4":"has-post-thumbnail","6":"product_cat-new-laptop-screens-lcd-panels","7":"product_cat-17-3","8":"product_tag-asus","10":"first","11":"instock","12":"taxable","13":"shipping-taxable","14":"purchasable","15":"product-type-simple"},"_links":{"self":[{"href":"https:\/\/boreait.com\/it\/wp-json\/wp\/v2\/product\/17095","targetHints":{"allow":["GET"]}}],"collection":[{"href":"https:\/\/boreait.com\/it\/wp-json\/wp\/v2\/product"}],"about":[{"href":"https:\/\/boreait.com\/it\/wp-json\/wp\/v2\/types\/product"}],"wp:featuredmedia":[{"embeddable":true,"href":"https:\/\/boreait.com\/it\/wp-json\/wp\/v2\/media\/16563"}],"wp:attachment":[{"href":"https:\/\/boreait.com\/it\/wp-json\/wp\/v2\/media?parent=17095"}],"wp:term":[{"taxonomy":"product_brand","embeddable":true,"href":"https:\/\/boreait.com\/it\/wp-json\/wp\/v2\/product_brand?post=17095"},{"taxonomy":"product_cat","embeddable":true,"href":"https:\/\/boreait.com\/it\/wp-json\/wp\/v2\/product_cat?post=17095"},{"taxonomy":"product_tag","embeddable":true,"href":"https:\/\/boreait.com\/it\/wp-json\/wp\/v2\/product_tag?post=17095"}],"curies":[{"name":"wp","href":"https:\/\/api.w.org\/{rel}","templated":true}]}}