{"id":17071,"date":"2025-07-25T12:35:16","date_gmt":"2025-07-25T12:35:16","guid":{"rendered":"https:\/\/boreait.com\/it\/?post_type=product&#038;p=17071"},"modified":"2025-09-01T09:28:10","modified_gmt":"2025-09-01T09:28:10","slug":"schermo-opaco-ips-fhd-da-17-a-30-pin-senza-staffa-compatibile-con-nv173fhm-n49-nuovo-di-zecca","status":"publish","type":"product","link":"https:\/\/boreait.com\/it\/product\/schermo-opaco-ips-fhd-da-17-a-30-pin-senza-staffa-compatibile-con-nv173fhm-n49-nuovo-di-zecca\/","title":{"rendered":"Schermo opaco IPS FHD da 17&#8243; a 30 pin, senza staffa, compatibile con NV173FHM-N49, nuovo di zecca"},"content":{"rendered":"\n<p><strong>Modello attuale<\/strong>: NV173FHM-N49 v8.0 \/ NV173FHM-N4L \/ N173HCE-E3C<\/p>\n\n\n<p>Vi presentiamo la nostra ultima novit\u00e0: uno schermo IPS opaco Full HD da 17 pollici, progettato appositamente per il modello NV173FHM-N49. Questo display premium rivoluziona la tua esperienza visiva, offrendo una nitidezza senza pari, colori vivaci e ampi angoli di visione senza la distrazione dei riflessi. Progettato per una perfetta integrazione con un connettore a 30 pin, offre un aggiornamento senza problemi per il tuo dispositivo, eliminando la necessit\u00e0 di staffe e semplificando il processo di installazione.<\/p>\n<p><strong>Caratteristiche distintive:<\/strong><\/p>\n<ul>\n<li><strong>Risoluzione Full HD:<\/strong> Immergiti nei dettagli straordinari e nei colori vividi del Full HD (1920\u00d71080), ideale per qualsiasi attivit\u00e0, dalla grafica professionale al gaming immersivo e allo streaming video.<\/li>\n<li><strong>Tecnologia IPS:<\/strong> Sfrutta la straordinaria precisione dei colori e gli ampi angoli di visione della tecnologia IPS, garantendo immagini uniformi e brillanti su tutto lo schermo.<\/li>\n<li><strong>Finitura opaca antiriflesso:<\/strong> Goditi una visione confortevole in qualsiasi ambiente con la nostra finitura opaca antiriflesso, che riduce significativamente i riflessi e l\u2019affaticamento degli occhi durante l\u2019uso prolungato.<\/li>\n<li><strong>Progettato per NV173FHM-N49:<\/strong> Questo schermo \u00e8 meticolosamente realizzato per garantire una perfetta compatibilit\u00e0 con il modello NV173FHM-N49, garantendo una vestibilit\u00e0 impeccabile e un\u2019esperienza visiva ottimale. Prestazioni.<\/li>\n<li><strong>Installazione semplice:<\/strong> grazie al design senza staffe e al connettore a 30 pin facile da collegare, aggiornare il display del tuo dispositivo non \u00e8 mai stato cos\u00ec semplice, permettendoti di godere rapidamente di immagini migliorate.<\/li>\n<\/ul>\n<p>Migliora il display del tuo dispositivo con il nostro schermo opaco IPS FHD da 17 pollici, la scelta perfetta per gli utenti di NV173FHM-N49 che desiderano migliorare la propria esperienza visiva. Che tu sia un professionista che necessita di una rappresentazione precisa dei colori, uno studente o un appassionato che desidera un\u2019esperienza di intrattenimento immersiva, questo schermo offre prestazioni eccezionali e facilit\u00e0 d\u2019uso, rendendolo un aggiornamento essenziale per il tuo dispositivo.<\/p>","protected":false},"excerpt":{"rendered":"<p>Sblocca un&#8217;esperienza visiva superiore con il nostro schermo opaco IPS Full HD da 17 pollici, progettato specificamente per la compatibilit\u00e0 con il monitor NV173FHM-N49. Caratterizzato da un design elegante, senza staffe e da un connettore a 30 pin, questo display migliora la tua esperienza visiva con immagini cristalline e antiriflesso, perfette per giochi, lavoro e contenuti multimediali.<\/p>\n","protected":false},"featured_media":16563,"template":"","meta":[],"product_brand":[],"product_cat":[60,61],"product_tag":[],"class_list":{"0":"post-17071","1":"product","2":"type-product","3":"status-publish","4":"has-post-thumbnail","6":"product_cat-new-laptop-screens-lcd-panels","7":"product_cat-17-3","9":"first","10":"instock","11":"taxable","12":"shipping-taxable","13":"purchasable","14":"product-type-simple"},"_links":{"self":[{"href":"https:\/\/boreait.com\/it\/wp-json\/wp\/v2\/product\/17071","targetHints":{"allow":["GET"]}}],"collection":[{"href":"https:\/\/boreait.com\/it\/wp-json\/wp\/v2\/product"}],"about":[{"href":"https:\/\/boreait.com\/it\/wp-json\/wp\/v2\/types\/product"}],"wp:featuredmedia":[{"embeddable":true,"href":"https:\/\/boreait.com\/it\/wp-json\/wp\/v2\/media\/16563"}],"wp:attachment":[{"href":"https:\/\/boreait.com\/it\/wp-json\/wp\/v2\/media?parent=17071"}],"wp:term":[{"taxonomy":"product_brand","embeddable":true,"href":"https:\/\/boreait.com\/it\/wp-json\/wp\/v2\/product_brand?post=17071"},{"taxonomy":"product_cat","embeddable":true,"href":"https:\/\/boreait.com\/it\/wp-json\/wp\/v2\/product_cat?post=17071"},{"taxonomy":"product_tag","embeddable":true,"href":"https:\/\/boreait.com\/it\/wp-json\/wp\/v2\/product_tag?post=17071"}],"curies":[{"name":"wp","href":"https:\/\/api.w.org\/{rel}","templated":true}]}}