{"id":17070,"date":"2025-07-25T12:35:16","date_gmt":"2025-07-25T12:35:16","guid":{"rendered":"https:\/\/boreait.com\/it\/?post_type=product&#038;p=17070"},"modified":"2026-01-14T11:47:00","modified_gmt":"2026-01-14T11:47:00","slug":"schermo-opaco-ips-fhd-da-17-a-30-pin-senza-staffe-compatibile-con-nv173fhm-n4g-nuovo","status":"publish","type":"product","link":"https:\/\/boreait.com\/it\/product\/schermo-opaco-ips-fhd-da-17-a-30-pin-senza-staffe-compatibile-con-nv173fhm-n4g-nuovo\/","title":{"rendered":"Schermo opaco IPS FHD da 17&#8243; a 30 pin, senza staffe, compatibile con NV173FHM-N4G Nuovo"},"content":{"rendered":"\n<p><strong>Modello attuale<\/strong>: NV173FHM-N49 v8.0 \/ NV173FHM-N4L \/ N173HCE-E3C<\/p>\n\n\n<p>Il nostro ultimo schermo IPS opaco Full HD da 17 pollici \u00e8 una vera svolta per chiunque desideri aggiornare il proprio display con qualcosa di davvero straordinario. Progettato per essere pienamente compatibile con il modello NV173FHM-N4G, questo schermo offre immagini ad alta definizione straordinarie senza riflessi indesiderati, grazie alla sua sofisticata finitura opaca. L\u2019assenza di staffe e l\u2019inclusione di un connettore a 30 pin garantiscono un\u2019installazione semplice e intuitiva, consentendo di godere fin da subito di immagini migliorate.<\/p>\n<p><strong>Caratteristiche principali:<\/strong><\/p>\n<ul>\n<li><strong>Risoluzione Full HD:<\/strong> Immergiti nella profondit\u00e0 della risoluzione Full HD (1920\u00d71080) per immagini nitide e dettagliate che danno vita ai tuoi contenuti, che si tratti di giochi, streaming o lavori di grafica professionale.<\/li>\n<li><strong>Tecnologia IPS:<\/strong> Sperimenta colori uniformi e precisi da ampi angoli di visione, grazie alla tecnologia IPS all\u2019avanguardia. Goditi immagini vivide senza distorsioni cromatiche, indipendentemente dalla posizione.<\/li>\n<li><strong>Finitura opaca antiriflesso:<\/strong> Di\u2019 addio ai fastidiosi riflessi sullo schermo con la nostra finitura opaca. Riduce i riflessi, rendendo lo schermo pi\u00f9 facile da vedere in condizioni di luminosit\u00e0 intensa e pi\u00f9 delicato per gli occhi per lunghi periodi.<\/li>\n<li><strong>Compatibilit\u00e0 perfetta:<\/strong> Progettato specificamente per la compatibilit\u00e0 con NV173FHM-N4G, garantisce una vestibilit\u00e0 perfetta e prestazioni ottimali, senza la necessit\u00e0 di ulteriori modifiche o staffe.<\/li>\n<li><strong>Installazione semplice:<\/strong> Il design intuitivo del connettore a 30 pin semplifica la procedura di configurazione, consentendo di migliorare rapidamente le capacit\u00e0 di visualizzazione del dispositivo.<\/li>\n<\/ul>\n<p>Questo schermo opaco IPS FHD da 17 pollici non \u00e8 solo un aggiornamento; \u00e8 una trasformazione per la tua esperienza visiva. Che tu sia un professionista che necessita di una rappresentazione accurata dei colori, uno studente con lunghe ore di ricerca o un appassionato desideroso di esperienze di gioco e video immersive, questo display \u00e8 progettato su misura per soddisfare le tue esigenze, combinando immagini di alta qualit\u00e0 con il comfort della tecnologia antiriflesso.<\/p>","protected":false},"excerpt":{"rendered":"<p>Migliora la tua esperienza visiva con il nostro display IPS opaco Full HD da 17 pollici, perfettamente compatibile con il monitor NV173FHM-N4G. Questo schermo senza staffa, con connettore a 30 pin, offre immagini nitide e chiare, senza riflessi, rendendolo ideale sia per il lavoro che per il tempo libero. Passa a un modello superiore per una nitidezza e un comfort superiori.<\/p>\n","protected":false},"featured_media":16563,"template":"","meta":[],"product_brand":[],"product_cat":[60,61],"product_tag":[],"class_list":{"0":"post-17070","1":"product","2":"type-product","3":"status-publish","4":"has-post-thumbnail","6":"product_cat-new-laptop-screens-lcd-panels","7":"product_cat-17-3","9":"first","10":"instock","11":"taxable","12":"shipping-taxable","13":"purchasable","14":"product-type-simple"},"_links":{"self":[{"href":"https:\/\/boreait.com\/it\/wp-json\/wp\/v2\/product\/17070","targetHints":{"allow":["GET"]}}],"collection":[{"href":"https:\/\/boreait.com\/it\/wp-json\/wp\/v2\/product"}],"about":[{"href":"https:\/\/boreait.com\/it\/wp-json\/wp\/v2\/types\/product"}],"wp:featuredmedia":[{"embeddable":true,"href":"https:\/\/boreait.com\/it\/wp-json\/wp\/v2\/media\/16563"}],"wp:attachment":[{"href":"https:\/\/boreait.com\/it\/wp-json\/wp\/v2\/media?parent=17070"}],"wp:term":[{"taxonomy":"product_brand","embeddable":true,"href":"https:\/\/boreait.com\/it\/wp-json\/wp\/v2\/product_brand?post=17070"},{"taxonomy":"product_cat","embeddable":true,"href":"https:\/\/boreait.com\/it\/wp-json\/wp\/v2\/product_cat?post=17070"},{"taxonomy":"product_tag","embeddable":true,"href":"https:\/\/boreait.com\/it\/wp-json\/wp\/v2\/product_tag?post=17070"}],"curies":[{"name":"wp","href":"https:\/\/api.w.org\/{rel}","templated":true}]}}