{"id":17067,"date":"2025-07-25T12:35:16","date_gmt":"2025-07-25T12:35:16","guid":{"rendered":"https:\/\/boreait.com\/it\/?post_type=product&#038;p=17067"},"modified":"2025-09-01T09:28:53","modified_gmt":"2025-09-01T09:28:53","slug":"display-opaco-ips-fhd-da-17-per-acer-aspire-3-n20c6-30-pin-senza-staffe-nuovo-di-zecca","status":"publish","type":"product","link":"https:\/\/boreait.com\/it\/product\/display-opaco-ips-fhd-da-17-per-acer-aspire-3-n20c6-30-pin-senza-staffe-nuovo-di-zecca\/","title":{"rendered":"Display opaco IPS FHD da 17&#8243; per Acer Aspire 3 n20c6, 30 pin, senza staffe, nuovo di zecca"},"content":{"rendered":"\n<p><strong>Modello attuale<\/strong>: NV173FHM-N49 v8.0 \/ NV173FHM-N4L \/ N173HCE-E3C<\/p>\n\n\n<p>Migliora l\u2019esperienza con il tuo Acer Aspire 3 n20c6 con il nostro schermo opaco IPS Full HD da 17 pollici, realizzato con cura. Progettato appositamente per il tuo dispositivo, questo display premium unisce tecnologia avanzata a un design elegante e intuitivo. Dotato di un connettore a 30 pin, offre una compatibilit\u00e0 impeccabile e un processo di installazione semplice, senza bisogno di staffe. Il nostro display non solo migliora la tua esperienza visiva, ma riduce anche l\u2019affaticamento degli occhi durante un utilizzo prolungato, grazie alla sua finitura opaca antiriflesso.<\/p>\n<p><strong>Caratteristiche esclusive:<\/strong><\/p>\n<ul>\n<li><strong>Risoluzione Full HD eccezionale:<\/strong> Immergiti nella nitidezza della risoluzione 1920\u00d71080, dove ogni pixel contribuisce a offrirti immagini e video nitidi e vividi, trasformando il modo in cui visualizzi contenuti, giochi e applicazioni.<\/li>\n<li><strong>Pannello IPS avanzato:<\/strong> Grazie alla tecnologia IPS all\u2019avanguardia, goditi colori e luminosit\u00e0 uniformi da qualsiasi angolo di visione, garantendo un\u2019esperienza visiva di alto livello sia per il lavoro che per l\u2019intrattenimento.<\/li>\n<li><strong>Finitura opaca:<\/strong> La nostra finitura opaca specializzata riduce significativamente i riflessi e i bagliori dello schermo, consentendoti di lavorare comodamente in condizioni di luce intensa o all\u2019aperto senza compromettere la visibilit\u00e0.<\/li>\n<li><strong>Su misura per Acer Aspire 3 n20c6:<\/strong> Questo schermo \u00e8 progettato per una perfetta compatibilit\u00e0 con Acer Aspire 3 n20c6, garantendo Non solo una vestibilit\u00e0 perfetta, ma anche prestazioni ottimali, migliorando l\u2019usabilit\u00e0 e la qualit\u00e0 di visualizzazione del tuo laptop.<\/li>\n<li><strong>Installazione semplice:<\/strong> l\u2019assenza di staffe e la presenza di un connettore a 30 pin semplificano il processo di installazione, rendendo possibile aggiornare il display del tuo laptop con facilit\u00e0 e sicurezza.<\/li>\n<\/ul>\n<p>Il nostro schermo opaco IPS FHD da 17 pollici \u00e8 l\u2019aggiornamento definitivo per il tuo Acer Aspire 3 n20c6, progettato per offrire un\u2019esperienza visiva superiore, sia che tu stia giocando ad alto numero di ottani, eseguendo editing professionale o semplicemente guardando i tuoi contenuti multimediali preferiti. Immergiti nella profondit\u00e0 e nei dettagli del Full HD IPS e goditi il comfort di una finitura opaca ad ogni utilizzo.<\/p>","protected":false},"excerpt":{"rendered":"<p>Trasforma il tuo Acer Aspire 3 n20c6 con il nostro nuovo schermo IPS opaco Full HD da 17 pollici. Dotato di un connettore a 30 pin per una perfetta compatibilit\u00e0, questo display senza staffa e antiriflesso offre livelli di nitidezza e comfort senza pari, ideale sia per i gamer pi\u00f9 accaniti che per gli utenti pi\u00f9 esigenti.<\/p>\n","protected":false},"featured_media":16563,"template":"","meta":[],"product_brand":[],"product_cat":[60,61],"product_tag":[30],"class_list":{"0":"post-17067","1":"product","2":"type-product","3":"status-publish","4":"has-post-thumbnail","6":"product_cat-new-laptop-screens-lcd-panels","7":"product_cat-17-3","8":"product_tag-acer","10":"first","11":"instock","12":"taxable","13":"shipping-taxable","14":"purchasable","15":"product-type-simple"},"_links":{"self":[{"href":"https:\/\/boreait.com\/it\/wp-json\/wp\/v2\/product\/17067","targetHints":{"allow":["GET"]}}],"collection":[{"href":"https:\/\/boreait.com\/it\/wp-json\/wp\/v2\/product"}],"about":[{"href":"https:\/\/boreait.com\/it\/wp-json\/wp\/v2\/types\/product"}],"wp:featuredmedia":[{"embeddable":true,"href":"https:\/\/boreait.com\/it\/wp-json\/wp\/v2\/media\/16563"}],"wp:attachment":[{"href":"https:\/\/boreait.com\/it\/wp-json\/wp\/v2\/media?parent=17067"}],"wp:term":[{"taxonomy":"product_brand","embeddable":true,"href":"https:\/\/boreait.com\/it\/wp-json\/wp\/v2\/product_brand?post=17067"},{"taxonomy":"product_cat","embeddable":true,"href":"https:\/\/boreait.com\/it\/wp-json\/wp\/v2\/product_cat?post=17067"},{"taxonomy":"product_tag","embeddable":true,"href":"https:\/\/boreait.com\/it\/wp-json\/wp\/v2\/product_tag?post=17067"}],"curies":[{"name":"wp","href":"https:\/\/api.w.org\/{rel}","templated":true}]}}