{"id":17066,"date":"2025-07-25T12:35:16","date_gmt":"2025-07-25T12:35:16","guid":{"rendered":"https:\/\/boreait.com\/it\/?post_type=product&#038;p=17066"},"modified":"2025-09-01T09:28:55","modified_gmt":"2025-09-01T09:28:55","slug":"schermo-opaco-ips-fhd-da-17-per-asus-vivobook-17-m712d-a-30-pin-nuovo-senza-staffe","status":"publish","type":"product","link":"https:\/\/boreait.com\/it\/product\/schermo-opaco-ips-fhd-da-17-per-asus-vivobook-17-m712d-a-30-pin-nuovo-senza-staffe\/","title":{"rendered":"Schermo opaco IPS FHD da 17&#8243; per Asus VivoBook 17 M712D\/A, 30 pin, nuovo, senza staffe"},"content":{"rendered":"\n<p><strong>Modello attuale<\/strong>: NV173FHM-N49 v8.0 \/ NV173FHM-N4L \/ N173HCE-E3C<\/p>\n\n\n<p>Vi presentiamo il nostro ultimo schermo opaco IPS Full HD da 17 pollici, progettato specificamente per migliorare l\u2019Asus VivoBook 17 M712D\/M712DA. Questo display premium, senza staffe, unisce perfettamente tecnologia di fascia alta e funzionalit\u00e0 intuitive, offrendo un percorso di aggiornamento semplice per il vostro dispositivo. Sperimentate l\u2019apice dell\u2019eccellenza visiva senza l\u2019ingombro delle staffe, supportato da un connettore a 30 pin che garantisce un\u2019installazione semplice e intuitiva.<\/p>\n<p><strong>Caratteristiche principali:<\/strong><\/p>\n<ul>\n<li><strong>Splendida risoluzione Full HD:<\/strong> con una risoluzione di 1920\u00d71080, goditi immagini nitide e vivide che danno vita ai tuoi contenuti, che si tratti di giochi di alto livello, lavori di progettazione professionale o streaming dei tuoi programmi preferiti.<\/li>\n<li><strong>Tecnologia IPS avanzata:<\/strong> beneficia di una riproduzione dei colori uniforme e precisa e di ampi angoli di visione. La tecnologia IPS migliora la tua esperienza visiva, garantendo immagini vivide da qualsiasi prospettiva.<\/li>\n<li><strong>Finitura opaca per una visione confortevole:<\/strong> la finitura opaca del nostro schermo riduce riflessi e abbagliamenti, rendendolo pi\u00f9 piacevole per gli occhi durante lunghe sessioni di lavoro o intense maratone di gioco, anche in ambienti molto illuminati.<\/li>\n<li><strong>Compatibilit\u00e0 perfetta per Asus VivoBook 17 M712D\/M712DA:<\/strong> Progettato per una compatibilit\u00e0 precisa, questo schermo \u00e8 conforme alle specifiche dell\u2019Asus VivoBook 17 M712D\/M712DA, garantendo un\u2019installazione perfetta e prestazioni ottimali senza la necessit\u00e0 di staffe.<\/li>\n<li><strong>Installazione semplice:<\/strong> grazie al connettore a 30 pin e all\u2019assenza di ingombranti staffe, l\u2019installazione di questo schermo \u00e8 un gioco da ragazzi, consentendoti di migliorare rapidamente la qualit\u00e0 di visualizzazione del tuo laptop.<\/li>\n<\/ul>\n<p>Aggiorna il tuo Asus VivoBook 17 Scegli il modello M712D\/M712DA con il nostro schermo IPS opaco FHD da 17 pollici e scopri un nuovo livello di nitidezza e comfort. Che tu lo utilizzi per lavoro, svago o qualsiasi altra attivit\u00e0, questo display \u00e8 progettato per migliorare la tua esperienza visiva, combinando una qualit\u00e0 superiore con una facilit\u00e0 d\u2019uso senza pari.<\/p>","protected":false},"excerpt":{"rendered":"<p>Rinnova il tuo Asus VivoBook 17 M712D\/M712DA con il nostro schermo opaco IPS Full HD da 17 pollici all&#8217;avanguardia. Dotato di un connettore a 30 pin per una compatibilit\u00e0 senza problemi, questo display senza staffa offre una nitidezza visiva senza pari e un&#8217;esperienza visiva senza riflessi, perfetta sia per la produttivit\u00e0 che per l&#8217;intrattenimento.<\/p>\n","protected":false},"featured_media":16563,"template":"","meta":[],"product_brand":[],"product_cat":[60,61],"product_tag":[31],"class_list":{"0":"post-17066","1":"product","2":"type-product","3":"status-publish","4":"has-post-thumbnail","6":"product_cat-new-laptop-screens-lcd-panels","7":"product_cat-17-3","8":"product_tag-asus","10":"first","11":"instock","12":"taxable","13":"shipping-taxable","14":"purchasable","15":"product-type-simple"},"_links":{"self":[{"href":"https:\/\/boreait.com\/it\/wp-json\/wp\/v2\/product\/17066","targetHints":{"allow":["GET"]}}],"collection":[{"href":"https:\/\/boreait.com\/it\/wp-json\/wp\/v2\/product"}],"about":[{"href":"https:\/\/boreait.com\/it\/wp-json\/wp\/v2\/types\/product"}],"wp:featuredmedia":[{"embeddable":true,"href":"https:\/\/boreait.com\/it\/wp-json\/wp\/v2\/media\/16563"}],"wp:attachment":[{"href":"https:\/\/boreait.com\/it\/wp-json\/wp\/v2\/media?parent=17066"}],"wp:term":[{"taxonomy":"product_brand","embeddable":true,"href":"https:\/\/boreait.com\/it\/wp-json\/wp\/v2\/product_brand?post=17066"},{"taxonomy":"product_cat","embeddable":true,"href":"https:\/\/boreait.com\/it\/wp-json\/wp\/v2\/product_cat?post=17066"},{"taxonomy":"product_tag","embeddable":true,"href":"https:\/\/boreait.com\/it\/wp-json\/wp\/v2\/product_tag?post=17066"}],"curies":[{"name":"wp","href":"https:\/\/api.w.org\/{rel}","templated":true}]}}