{"id":17065,"date":"2025-07-25T12:35:16","date_gmt":"2025-07-25T12:35:16","guid":{"rendered":"https:\/\/boreait.com\/it\/?post_type=product&#038;p=17065"},"modified":"2025-09-01T09:29:01","modified_gmt":"2025-09-01T09:29:01","slug":"schermo-per-laptop-opaco-ips-fhd-da-17-a-30-pin-senza-staffa-compatibile-con-n173hce-e3a-nuovo-di-zecca","status":"publish","type":"product","link":"https:\/\/boreait.com\/it\/product\/schermo-per-laptop-opaco-ips-fhd-da-17-a-30-pin-senza-staffa-compatibile-con-n173hce-e3a-nuovo-di-zecca\/","title":{"rendered":"Schermo per laptop opaco IPS FHD da 17&#8243; a 30 pin, senza staffa, compatibile con N173HCE-E3A, nuovo di zecca"},"content":{"rendered":"\n<p><strong>Modello attuale<\/strong>: NV173FHM-N49 v8.0 \/ NV173FHM-N4L \/ N173HCE-E3C<\/p>\n\n\n<p>Migliora il display del tuo laptop con il nostro innovativo schermo IPS opaco Full HD da 17 pollici, un\u2019aggiunta eccezionale per gli utenti che desiderano migliorare la propria esperienza visiva. Progettato appositamente per il modello N173HCE-E3A, questo schermo offre una nitidezza ad alta definizione, una migliore fedelt\u00e0 cromatica e una finitura opaca antiriflesso per un\u2019esperienza visiva senza pari.<\/p>\n<p><strong>In evidenza:<\/strong><\/p>\n<ul>\n<li><strong>Risoluzione Full HD:<\/strong> Immergiti in un mondo di colori vivaci e immagini cristalline con la risoluzione Full HD (1920\u00d71080), perfetta sia per il lavoro che per il tempo libero.<\/li>\n<li><strong>Tecnologia IPS:<\/strong> Approfitta di ampi angoli di visione e colori uniformi con la tecnologia IPS, che garantisce un aspetto impeccabile dello schermo da qualsiasi posizione.<\/li>\n<li><strong>Finitura opaca:<\/strong> Di\u2019 addio ai riflessi con il nostro display opaco, progettato per ridurre i riflessi e rendere lo schermo facilmente visibile in qualsiasi condizione di luce.<\/li>\n<li><strong>Facile da collegare:<\/strong> Dotato di un connettore a 30 pin, questo schermo \u00e8 progettato per un\u2019installazione semplice, senza la complicazione delle staffe.<\/li>\n<li><strong>Progettato per la compatibilit\u00e0:<\/strong> Specificamente realizzato per N173HCE-E3A, che garantisce un\u2019integrazione perfetta e una funzionalit\u00e0 ottimale.<\/li>\n<\/ul>\n<p>Che tu sia un professionista che cerca precisione e dettagli nel suo lavoro, o un gamer che desidera un gameplay nitido e vivido, il nostro schermo opaco IPS FHD da 17 pollici \u00e8 l\u2019aggiornamento di cui il tuo laptop ha bisogno. Abbraccia oggi stesso il futuro della tecnologia dei display e trasforma la tua esperienza visiva con il nostro schermo senza staffa, facile da installare e visivamente sbalorditivo.<\/p>","protected":false},"excerpt":{"rendered":"<p>Scopri la nitidezza e la versatilit\u00e0 del nostro nuovissimo display IPS opaco Full HD da 17 pollici, progettato per una perfetta compatibilit\u00e0 con il modello N173HCE-E3A. Questo schermo premium, senza staffa, \u00e8 dotato di una connessione a 30 pin, che lo rende un upgrade ideale per immagini migliori e senza riflessi, progettato per una facile integrazione e un piacere visivo superiore.<\/p>\n","protected":false},"featured_media":16563,"template":"","meta":[],"product_brand":[],"product_cat":[60,61],"product_tag":[],"class_list":{"0":"post-17065","1":"product","2":"type-product","3":"status-publish","4":"has-post-thumbnail","6":"product_cat-new-laptop-screens-lcd-panels","7":"product_cat-17-3","9":"first","10":"instock","11":"taxable","12":"shipping-taxable","13":"purchasable","14":"product-type-simple"},"_links":{"self":[{"href":"https:\/\/boreait.com\/it\/wp-json\/wp\/v2\/product\/17065","targetHints":{"allow":["GET"]}}],"collection":[{"href":"https:\/\/boreait.com\/it\/wp-json\/wp\/v2\/product"}],"about":[{"href":"https:\/\/boreait.com\/it\/wp-json\/wp\/v2\/types\/product"}],"wp:featuredmedia":[{"embeddable":true,"href":"https:\/\/boreait.com\/it\/wp-json\/wp\/v2\/media\/16563"}],"wp:attachment":[{"href":"https:\/\/boreait.com\/it\/wp-json\/wp\/v2\/media?parent=17065"}],"wp:term":[{"taxonomy":"product_brand","embeddable":true,"href":"https:\/\/boreait.com\/it\/wp-json\/wp\/v2\/product_brand?post=17065"},{"taxonomy":"product_cat","embeddable":true,"href":"https:\/\/boreait.com\/it\/wp-json\/wp\/v2\/product_cat?post=17065"},{"taxonomy":"product_tag","embeddable":true,"href":"https:\/\/boreait.com\/it\/wp-json\/wp\/v2\/product_tag?post=17065"}],"curies":[{"name":"wp","href":"https:\/\/api.w.org\/{rel}","templated":true}]}}