{"id":16966,"date":"2025-07-25T12:33:15","date_gmt":"2025-07-25T12:33:15","guid":{"rendered":"https:\/\/boreait.com\/it\/?post_type=product&#038;p=16966"},"modified":"2025-07-25T12:34:22","modified_gmt":"2025-07-25T12:34:22","slug":"tasti-singoli-individuali-per-tastiera-dell-precision-5510-m5510-5520-5530-5540-retroilluminati","status":"publish","type":"product","link":"https:\/\/boreait.com\/it\/product\/tasti-singoli-individuali-per-tastiera-dell-precision-5510-m5510-5520-5530-5540-retroilluminati\/","title":{"rendered":"Tasti singoli\/individuali per tastiera Dell Precision 5510 m5510 5520 5530 5540 &#8211; retroilluminati"},"content":{"rendered":"<p><strong>CONTROLLA LA FOTO NELL\u2019ANNUNCIO PER I TASTI DISPONIBILI! CERNIERE INCLUSE!<\/strong><\/p>\n<p>Ravviva la tua tastiera Dell Precision 5510, m5510, 5520, 5530 o 5540 con il nostro set di tasti singoli\/individuali.<\/p>\n<p><strong>Caratteristiche principali:<\/strong><\/p>\n<p><strong>Materiale di alta qualit\u00e0:<\/strong> Realizzati con materiali resistenti, questi tasti offrono prestazioni durature, mantenendo la sensazione tattile e la reattivit\u00e0 della tastiera.<\/p>\n<p><strong>Facile sostituzione:<\/strong> Grazie al semplice design a scatto, la sostituzione dei singoli tasti sulla tastiera Dell Precision \u00e8 rapida e semplice, consentendoti di mantenere la funzionalit\u00e0 e l\u2019aspetto della tastiera del tuo laptop. <\/p>\n<p><strong>Versatilit\u00e0 migliorata:<\/strong> che tu debba sostituire i tasti danneggiati o personalizzare il layout della tastiera, questo set offre la flessibilit\u00e0 necessaria per soddisfare le tue esigenze specifiche.<\/p>\n<p>Aggiorna la tua tastiera Dell Precision in tutta sicurezza: ordina oggi stesso il tuo set di tasti singoli\/singoli con layout US LA, Spagnolo, Svizzero, Francese, Nordico, ND da Siggmo. Forniamo foto reali dei tasti esatti che riceverai e il nostro impegno per la qualit\u00e0 garantisce la tua soddisfazione ad ogni acquisto.<\/p>\n<p><strong>Nota:<\/strong> sebbene non forniamo istruzioni di installazione dettagliate, il nostro team di assistenza clienti \u00e8 disponibile per rispondere a qualsiasi domanda o dubbio. Affidati a Siggmo per ricambi di qualit\u00e0 per laptop e migliora la funzionalit\u00e0 della tua tastiera Dell Precision.<\/p>\n","protected":false},"excerpt":{"rendered":"<p>Sostituisci i singoli tasti della tastiera del tuo Dell Precision 5510, m5510, 5520, 5530 o 5540 con questo set. Dotati di layout US LA, Spagnolo, Svizzero, Francese, Nordico ND, questi tasti garantiscono compatibilit\u00e0 e facilit\u00e0 d&#8217;uso. Affidati a Siggmo per ricambi di qualit\u00e0 per laptop.<\/p>\n","protected":false},"featured_media":17017,"template":"","meta":[],"product_brand":[],"product_cat":[25],"product_tag":[18],"class_list":{"0":"post-16966","1":"product","2":"type-product","3":"status-publish","4":"has-post-thumbnail","6":"product_cat-individual-keyboard-keys","7":"product_tag-dell","9":"first","10":"instock","11":"taxable","12":"shipping-taxable","13":"purchasable","14":"product-type-simple"},"_links":{"self":[{"href":"https:\/\/boreait.com\/it\/wp-json\/wp\/v2\/product\/16966","targetHints":{"allow":["GET"]}}],"collection":[{"href":"https:\/\/boreait.com\/it\/wp-json\/wp\/v2\/product"}],"about":[{"href":"https:\/\/boreait.com\/it\/wp-json\/wp\/v2\/types\/product"}],"wp:featuredmedia":[{"embeddable":true,"href":"https:\/\/boreait.com\/it\/wp-json\/wp\/v2\/media\/17017"}],"wp:attachment":[{"href":"https:\/\/boreait.com\/it\/wp-json\/wp\/v2\/media?parent=16966"}],"wp:term":[{"taxonomy":"product_brand","embeddable":true,"href":"https:\/\/boreait.com\/it\/wp-json\/wp\/v2\/product_brand?post=16966"},{"taxonomy":"product_cat","embeddable":true,"href":"https:\/\/boreait.com\/it\/wp-json\/wp\/v2\/product_cat?post=16966"},{"taxonomy":"product_tag","embeddable":true,"href":"https:\/\/boreait.com\/it\/wp-json\/wp\/v2\/product_tag?post=16966"}],"curies":[{"name":"wp","href":"https:\/\/api.w.org\/{rel}","templated":true}]}}