{"id":16784,"date":"2025-07-25T12:29:40","date_gmt":"2025-07-25T12:29:40","guid":{"rendered":"https:\/\/boreait.com\/it\/?post_type=product&#038;p=16784"},"modified":"2026-01-27T09:04:49","modified_gmt":"2026-01-27T09:04:49","slug":"sk-hynix-2gb-1rx8-pc3l-12800s-11-12-b2-hmt325s6cfr8a-pb-no-aa-memoria-ram-per-laptop-oem-originale","status":"publish","type":"product","link":"https:\/\/boreait.com\/it\/product\/sk-hynix-2gb-1rx8-pc3l-12800s-11-12-b2-hmt325s6cfr8a-pb-no-aa-memoria-ram-per-laptop-oem-originale\/","title":{"rendered":"SK Hynix 2GB 1Rx8 PC3L-12800S-11-12-B2 HMT325S6CFR8A-PB NO AA Memoria RAM per laptop &#8211; OEM originale"},"content":{"rendered":"<p>Migliora le prestazioni del tuo laptop con la memoria RAM per laptop originale SK Hynix da 2 GB 1Rx8 PC3L-12800S-11-12-B2 HMT325S6CFR8A-PB NO AA. Progettata per velocit\u00e0, affidabilit\u00e0 ed efficienza, questa memoria potenzia le capacit\u00e0 multitasking e migliora la reattivit\u00e0 complessiva del sistema, consentendoti di lavorare e giocare con facilit\u00e0.<\/p>\n<p><strong>Caratteristiche principali:<\/strong><\/p>\n<p><strong>Memoria SK Hynix originale:<\/strong> Questo modulo di memoria DDR3 \u00e8 un prodotto SK Hynix autentico, che garantisce compatibilit\u00e0 e prestazioni ottimali per il tuo laptop.<\/p>\n<p><strong>Prestazioni migliorate:<\/strong> Con una capacit\u00e0 di 2 GB e una velocit\u00e0 di PC3L-12800S, questa memoria offre prestazioni rapide e reattive, riducendo il ritardo e aumentando la produttivit\u00e0 per le attivit\u00e0 pi\u00f9 impegnative. <\/p>\n<p><strong>Basso consumo energetico:<\/strong> Funzionando a bassa tensione, questo modulo di memoria riduce il consumo energetico, prolungando la durata della batteria e riducendo la generazione di calore per una migliore stabilit\u00e0 del sistema.<\/p>\n<p><strong>Installazione semplice:<\/strong> Progettato per la compatibilit\u00e0 plug-and-play, l&#8217;installazione di questo modulo di memoria \u00e8 rapida e semplice, consentendo di aggiornare la memoria del laptop con facilit\u00e0.<\/p>\n<p>Aggiorna la memoria del tuo laptop in tutta sicurezza: ordina oggi stesso la tua RAM SK Hynix 2GB 1Rx8 PC3L-12800S originale da Siggmo. Forniamo foto reali del modulo di memoria esatto che riceverai e il nostro impegno per la qualit\u00e0 garantisce la tua soddisfazione ad ogni acquisto.<\/p>\n<p><strong>Nota:<\/strong> Sebbene non forniamo istruzioni di installazione dettagliate, il nostro team di assistenza clienti \u00e8 disponibile per rispondere a qualsiasi domanda o dubbio. Affidati a Siggmo per i moduli di memoria SK Hynix originali e migliora le prestazioni del tuo laptop.<\/p>\n","protected":false},"excerpt":{"rendered":"<p>Aggiorna la memoria del tuo laptop con questa RAM SK Hynix da 2 GB PC3L-12800S originale. Progettata per prestazioni e affidabilit\u00e0, questa memoria garantisce un multitasking fluido e un&#8217;elaborazione efficiente. Affidati a Siggmo per componenti di qualit\u00e0 per laptop.<\/p>\n","protected":false},"featured_media":16834,"template":"","meta":[],"product_brand":[],"product_cat":[38,37],"product_tag":[],"class_list":{"0":"post-16784","1":"product","2":"type-product","3":"status-publish","4":"has-post-thumbnail","6":"product_cat-ddr3-ddr3l","7":"product_cat-ram-memory","9":"first","10":"instock","11":"taxable","12":"shipping-taxable","13":"purchasable","14":"product-type-simple"},"_links":{"self":[{"href":"https:\/\/boreait.com\/it\/wp-json\/wp\/v2\/product\/16784","targetHints":{"allow":["GET"]}}],"collection":[{"href":"https:\/\/boreait.com\/it\/wp-json\/wp\/v2\/product"}],"about":[{"href":"https:\/\/boreait.com\/it\/wp-json\/wp\/v2\/types\/product"}],"wp:featuredmedia":[{"embeddable":true,"href":"https:\/\/boreait.com\/it\/wp-json\/wp\/v2\/media\/16834"}],"wp:attachment":[{"href":"https:\/\/boreait.com\/it\/wp-json\/wp\/v2\/media?parent=16784"}],"wp:term":[{"taxonomy":"product_brand","embeddable":true,"href":"https:\/\/boreait.com\/it\/wp-json\/wp\/v2\/product_brand?post=16784"},{"taxonomy":"product_cat","embeddable":true,"href":"https:\/\/boreait.com\/it\/wp-json\/wp\/v2\/product_cat?post=16784"},{"taxonomy":"product_tag","embeddable":true,"href":"https:\/\/boreait.com\/it\/wp-json\/wp\/v2\/product_tag?post=16784"}],"curies":[{"name":"wp","href":"https:\/\/api.w.org\/{rel}","templated":true}]}}