{"id":16520,"date":"2025-07-25T12:26:05","date_gmt":"2025-07-25T12:26:05","guid":{"rendered":"https:\/\/boreait.com\/it\/?post_type=product&#038;p=16520"},"modified":"2025-07-25T12:26:51","modified_gmt":"2025-07-25T12:26:51","slug":"pulsante-sinistro-e-destro-del-mouse-originale-dell-latitude-e7250-a13bq1-cn-a13bq1","status":"publish","type":"product","link":"https:\/\/boreait.com\/it\/product\/pulsante-sinistro-e-destro-del-mouse-originale-dell-latitude-e7250-a13bq1-cn-a13bq1\/","title":{"rendered":"Pulsante sinistro e destro del mouse originale Dell Latitude E7250 A13BQ1 CN-A13BQ1"},"content":{"rendered":"<p>Migliora le prestazioni del tuo Dell Latitude E7250 con i nostri clicker per pulsanti sinistro e destro del mouse originali, modello A13BQ1 CN-A13BQ1. Provenienti direttamente da Dell, questi componenti garantiscono compatibilit\u00e0 e durata.<\/p>\n<p><strong>Caratteristiche principali:<\/strong><\/p>\n<ul>\n<li><strong>Qualit\u00e0 Dell autentica:<\/strong> Realizzati per soddisfare i rigorosi standard Dell, garantendo affidabilit\u00e0 e prestazioni ottimali.<\/li>\n<li><strong>Facile sostituzione:<\/strong> Ravviva il tuo laptop con questi clicker per pulsanti del mouse originali. Non servono istruzioni complicate: una sostituzione semplice per un\u2019esperienza impeccabile.<\/li>\n<li><strong>Clic precisi:<\/strong> Progettati per la massima precisione, questi pulsanti offrono la risposta tattile che ti aspetti, migliorando la tua esperienza di utilizzo complessiva.<\/li>\n<li><strong>Spedizione in tutto il mondo:<\/strong> Consegniamo ovunque tu sia. Che tu sia in Europa o altrove, ti garantiamo che i tuoi componenti Dell ti arriveranno in sicurezza.<\/li>\n<\/ul>\n<p><strong>Nota:<\/strong> Sebbene non forniamo istruzioni dettagliate per la sostituzione, non esitare a contattarci per qualsiasi domanda o necessit\u00e0 di assistenza. La tua soddisfazione \u00e8 la nostra priorit\u00e0.<\/p>\n<p><strong>Immagini autentiche:<\/strong> Le immagini in questa inserzione rappresentano i componenti effettivi che riceverai. Crediamo nella trasparenza e ci\u00f2 che vedi \u00e8 ci\u00f2 che ottieni.<\/p>\n<p>Migliora l\u2019usabilit\u00e0 del tuo Dell Latitude E7250 con questi clicker per mouse sinistro e destro originali. Ordina ora per un\u2019esperienza di sostituzione impeccabile!<\/p>\n","protected":false},"excerpt":{"rendered":"<p>Sostituisci i pulsanti usurati del mouse del tuo Dell Latitude E7250 con questi clicker originali per i pulsanti destro e sinistro. Progettati per clic precisi, questi componenti A13BQ1 CN-A13BQ1 ripristinano la funzionalit\u00e0 del tuo laptop. Ricambi Dell autentici per una perfetta compatibilit\u00e0. Spedizione in tutto il mondo disponibile.<\/p>\n","protected":false},"featured_media":16567,"template":"","meta":[],"product_brand":[],"product_cat":[43],"product_tag":[18],"class_list":{"0":"post-16520","1":"product","2":"type-product","3":"status-publish","4":"has-post-thumbnail","6":"product_cat-laptop-touchpads","7":"product_tag-dell","9":"first","10":"instock","11":"taxable","12":"shipping-taxable","13":"purchasable","14":"product-type-simple"},"_links":{"self":[{"href":"https:\/\/boreait.com\/it\/wp-json\/wp\/v2\/product\/16520","targetHints":{"allow":["GET"]}}],"collection":[{"href":"https:\/\/boreait.com\/it\/wp-json\/wp\/v2\/product"}],"about":[{"href":"https:\/\/boreait.com\/it\/wp-json\/wp\/v2\/types\/product"}],"wp:featuredmedia":[{"embeddable":true,"href":"https:\/\/boreait.com\/it\/wp-json\/wp\/v2\/media\/16567"}],"wp:attachment":[{"href":"https:\/\/boreait.com\/it\/wp-json\/wp\/v2\/media?parent=16520"}],"wp:term":[{"taxonomy":"product_brand","embeddable":true,"href":"https:\/\/boreait.com\/it\/wp-json\/wp\/v2\/product_brand?post=16520"},{"taxonomy":"product_cat","embeddable":true,"href":"https:\/\/boreait.com\/it\/wp-json\/wp\/v2\/product_cat?post=16520"},{"taxonomy":"product_tag","embeddable":true,"href":"https:\/\/boreait.com\/it\/wp-json\/wp\/v2\/product_tag?post=16520"}],"curies":[{"name":"wp","href":"https:\/\/api.w.org\/{rel}","templated":true}]}}