{"id":16467,"date":"2025-07-25T12:25:16","date_gmt":"2025-07-25T12:25:16","guid":{"rendered":"https:\/\/boreait.com\/it\/?post_type=product&#038;p=16467"},"modified":"2025-07-25T12:25:58","modified_gmt":"2025-07-25T12:25:58","slug":"set-cerniere-display-originali-lenovo-ideapad-z710-lr-13n0-b6a0902-13n0-b6a0a02","status":"publish","type":"product","link":"https:\/\/boreait.com\/it\/product\/set-cerniere-display-originali-lenovo-ideapad-z710-lr-13n0-b6a0902-13n0-b6a0a02\/","title":{"rendered":"Set cerniere display originali Lenovo IdeaPad Z710 L+R 13N0-B6A0902 13N0-B6A0A02"},"content":{"rendered":"<p>Migliora le prestazioni e la longevit\u00e0 del tuo Lenovo IdeaPad Z710 con il nostro set di cerniere per display originali (sinistra + destra), con i codici 13N0-B6A0902 e 13N0-B6A0A02. Realizzate secondo specifiche precise, queste cerniere garantiscono una perfetta aderenza e una funzionalit\u00e0 ottimale.<\/p>\n<p>Migliora la durata e la stabilit\u00e0 del display del tuo laptop con questo ricambio originale Lenovo. Che tu sia un appassionato del fai da te o un professionista, ripristinare il tuo laptop non \u00e8 mai stato cos\u00ec facile. Le cerniere sono progettate meticolosamente per offrire un movimento fluido, consentendoti di aprire e chiudere il tuo laptop in tutta sicurezza. <\/p>\n<p><strong>Dettagli del prodotto:<\/strong><\/p>\n<ul>\n<li>Compatibilit\u00e0: Lenovo IdeaPad Z710<\/li>\n<li>Codici prodotto: 13N0-B6A0902, 13N0-B6A0A02<\/li>\n<li>Condizioni: Nuovo di zecca, ricambio originale Lenovo<\/li>\n<li>Installazione semplice: perfetta per riparazioni fai da te o tecnici professionisti<\/li>\n<li>Spedizioni in tutto il mondo: spediamo in Europa e oltre<\/li>\n<li>Assistenza clienti: hai bisogno di assistenza? Non esitare a contattarci!<\/li>\n<\/ul>\n<p>Ravviva il tuo Lenovo IdeaPad Z710 e ripristina la piena funzionalit\u00e0 del display del tuo laptop. Il nostro set di cerniere per display originale \u00e8 dotato di garanzia di qualit\u00e0 che ne assicura affidabilit\u00e0 e longevit\u00e0. Le foto reali incluse mostrano esattamente i componenti che riceverai, garantendo trasparenza e sicurezza nel tuo acquisto.<\/p>\n","protected":false},"excerpt":{"rendered":"<p>Aggiorna il tuo Lenovo IdeaPad Z710 con questo set di cerniere per display originale. Progettate per una perfetta compatibilit\u00e0, queste cerniere (sinistra e destra) riportano i codici 13N0-B6A0902 e 13N0-B6A0A02. Garantiscono un movimento fluido e stabile per il display del tuo laptop, garantendo un&#8217;esperienza utente senza intoppi. Affidati alla qualit\u00e0 e all&#8217;autenticit\u00e0 dei ricambi originali Lenovo per una riparazione affidabile.<\/p>\n","protected":false},"featured_media":16514,"template":"","meta":[],"product_brand":[],"product_cat":[20],"product_tag":[27],"class_list":{"0":"post-16467","1":"product","2":"type-product","3":"status-publish","4":"has-post-thumbnail","6":"product_cat-screen-hinge","7":"product_tag-lenovo","9":"first","10":"instock","11":"taxable","12":"shipping-taxable","13":"purchasable","14":"product-type-simple"},"_links":{"self":[{"href":"https:\/\/boreait.com\/it\/wp-json\/wp\/v2\/product\/16467","targetHints":{"allow":["GET"]}}],"collection":[{"href":"https:\/\/boreait.com\/it\/wp-json\/wp\/v2\/product"}],"about":[{"href":"https:\/\/boreait.com\/it\/wp-json\/wp\/v2\/types\/product"}],"wp:featuredmedia":[{"embeddable":true,"href":"https:\/\/boreait.com\/it\/wp-json\/wp\/v2\/media\/16514"}],"wp:attachment":[{"href":"https:\/\/boreait.com\/it\/wp-json\/wp\/v2\/media?parent=16467"}],"wp:term":[{"taxonomy":"product_brand","embeddable":true,"href":"https:\/\/boreait.com\/it\/wp-json\/wp\/v2\/product_brand?post=16467"},{"taxonomy":"product_cat","embeddable":true,"href":"https:\/\/boreait.com\/it\/wp-json\/wp\/v2\/product_cat?post=16467"},{"taxonomy":"product_tag","embeddable":true,"href":"https:\/\/boreait.com\/it\/wp-json\/wp\/v2\/product_tag?post=16467"}],"curies":[{"name":"wp","href":"https:\/\/api.w.org\/{rel}","templated":true}]}}