{"id":16431,"date":"2025-07-25T12:24:27","date_gmt":"2025-07-25T12:24:27","guid":{"rendered":"https:\/\/boreait.com\/it\/?post_type=product&#038;p=16431"},"modified":"2026-01-19T17:51:50","modified_gmt":"2026-01-19T17:51:50","slug":"sostituzione-della-fotocamera-posteriore-oem-samsung-galaxy-tab-a-sm-t580-ricambi-originali","status":"publish","type":"product","link":"https:\/\/boreait.com\/it\/product\/sostituzione-della-fotocamera-posteriore-oem-samsung-galaxy-tab-a-sm-t580-ricambi-originali\/","title":{"rendered":"Sostituzione della fotocamera posteriore OEM Samsung Galaxy Tab A SM-T580 &#8211; Ricambi originali"},"content":{"rendered":"<p>Rinnova il tuo Samsung Galaxy Tab A SM-T580 sostituendo la fotocamera principale posteriore con questo ricambio originale OEM. Questo modulo fotocamera \u00e8 realizzato da Samsung per garantire compatibilit\u00e0, qualit\u00e0 e prestazioni ottimali.<\/p>\n<p><strong>Caratteristiche principali:<\/strong><\/p>\n<ul>\n<li><strong>Ricambio OEM originale:<\/strong> Ricambio originale Samsung per garantire compatibilit\u00e0 e funzionalit\u00e0.<\/li>\n<li><strong>Ripristina la funzionalit\u00e0 della fotocamera:<\/strong> Di\u2019 addio a foto e video sfocati. Ripristina la qualit\u00e0 originale della fotocamera del tuo tablet.<\/li>\n<li><strong>Installazione semplice:<\/strong> Progettato per una sostituzione semplice. Non sono necessarie istruzioni complicate; Sostituisci semplicemente il vecchio con il nuovo.<\/li>\n<li><strong>Compatibilit\u00e0:<\/strong> Progettato specificamente per il Samsung Galaxy Tab A SM-T580, garantisce una perfetta compatibilit\u00e0.<\/li>\n<\/ul>\n<p><em>Nota: non forniamo istruzioni per la sostituzione, ma se hai bisogno di assistenza, non esitare a contattarci. Le foto reali nell\u2019annuncio mostrano i pezzi che riceverai, garantendo trasparenza e sicurezza nell\u2019acquisto.<\/em><\/p>\n<p>Ridai vita al tuo tablet e cattura i ricordi con chiarezza. Affidati ai ricambi originali Samsung per un\u2019esperienza di sostituzione affidabile e impeccabile. Ordina ora per usufruire di una spedizione rapida in Europa e nel mondo.<\/p>\n<p><em>Nota: le immagini dei prodotti sono foto reali del pezzo di ricambio che riceverai. Hai domande o dubbi? Contattaci e saremo lieti di aiutarti.<\/em><\/p>\n","protected":false},"excerpt":{"rendered":"<p>Sostituisci la fotocamera posteriore del tuo Samsung Galaxy Tab A SM-T580 con questo ricambio originale OEM. Torna a scattare foto e video di alta qualit\u00e0 con facilit\u00e0. Ricambi Samsung originali per una perfetta compatibilit\u00e0 e prestazioni ottimali.<\/p>\n","protected":false},"featured_media":16490,"template":"","meta":[],"product_brand":[],"product_cat":[24],"product_tag":[49],"class_list":{"0":"post-16431","1":"product","2":"type-product","3":"status-publish","4":"has-post-thumbnail","6":"product_cat-laptop-camera","7":"product_tag-samsung","9":"first","10":"instock","11":"taxable","12":"shipping-taxable","13":"purchasable","14":"product-type-simple"},"_links":{"self":[{"href":"https:\/\/boreait.com\/it\/wp-json\/wp\/v2\/product\/16431","targetHints":{"allow":["GET"]}}],"collection":[{"href":"https:\/\/boreait.com\/it\/wp-json\/wp\/v2\/product"}],"about":[{"href":"https:\/\/boreait.com\/it\/wp-json\/wp\/v2\/types\/product"}],"wp:featuredmedia":[{"embeddable":true,"href":"https:\/\/boreait.com\/it\/wp-json\/wp\/v2\/media\/16490"}],"wp:attachment":[{"href":"https:\/\/boreait.com\/it\/wp-json\/wp\/v2\/media?parent=16431"}],"wp:term":[{"taxonomy":"product_brand","embeddable":true,"href":"https:\/\/boreait.com\/it\/wp-json\/wp\/v2\/product_brand?post=16431"},{"taxonomy":"product_cat","embeddable":true,"href":"https:\/\/boreait.com\/it\/wp-json\/wp\/v2\/product_cat?post=16431"},{"taxonomy":"product_tag","embeddable":true,"href":"https:\/\/boreait.com\/it\/wp-json\/wp\/v2\/product_tag?post=16431"}],"curies":[{"name":"wp","href":"https:\/\/api.w.org\/{rel}","templated":true}]}}