{"id":16398,"date":"2025-07-25T12:24:03","date_gmt":"2025-07-25T12:24:03","guid":{"rendered":"https:\/\/boreait.com\/it\/?post_type=product&#038;p=16398"},"modified":"2026-01-19T17:50:39","modified_gmt":"2026-01-19T17:50:39","slug":"cornice-per-schermo-lcd-medion-akoya-p6677-13n0-fza1201-ricambi-originali-per-laptop","status":"publish","type":"product","link":"https:\/\/boreait.com\/it\/product\/cornice-per-schermo-lcd-medion-akoya-p6677-13n0-fza1201-ricambi-originali-per-laptop\/","title":{"rendered":"Cornice per schermo LCD Medion Akoya P6677 13N0-FZA1201 &#8211; Ricambi originali per laptop"},"content":{"rendered":"<p>Migliora l\u2019aspetto del tuo laptop Medion Akoya P6677 con la cornice originale per schermo LCD, codice 13N0-FZA1201. Realizzata secondo specifiche precise, questa cornice garantisce una vestibilit\u00e0 perfetta e un\u2019integrazione perfetta, riportando il tuo laptop alla sua eleganza originale.<\/p>\n<p><strong>Caratteristiche principali:<\/strong><\/p>\n<ul>\n<li><strong>Compatibilit\u00e0:<\/strong> Progettata specificamente per i laptop Medion Akoya P6677.<\/li>\n<li><strong>Autenticit\u00e0 garantita:<\/strong> Questa cornice \u00e8 un ricambio originale, che garantisce la stessa qualit\u00e0 e compatibilit\u00e0 dell\u2019originale.<\/li>\n<li><strong>Progettazione di precisione:<\/strong> Realizzata con precisione per garantire una perfetta aderenza, mantenendo l\u2019integrit\u00e0 del display del tuo laptop.<\/li>\n<li><strong>Installazione semplice:<\/strong> Sostituisci facilmente la cornice vecchia o danneggiata. Sebbene non siano fornite istruzioni per l\u2019installazione, non esitate a contattarci se avete bisogno di assistenza.<\/li>\n<li><strong>Spedizioni in tutto il mondo:<\/strong> Offriamo spedizioni affidabili in tutto il mondo, garantendovi di riportare il vostro laptop in condizioni ottimali ovunque vi troviate.<\/li>\n<\/ul>\n<p>Si prega di notare che le foto nell\u2019annuncio sono autentiche e mostrano il componente effettivo che riceverete. Per qualsiasi domanda o ulteriore assistenza, non esitate a contattarci. Ripristinate l\u2019estetica e la funzionalit\u00e0 del vostro laptop con questa cornice per schermo LCD originale Medion Akoya P6677.<\/p>\n","protected":false},"excerpt":{"rendered":"<p>Sostituisci la cornice dello schermo LCD del tuo portatile Medion Akoya P6677 con questo ricambio originale &#8211; 13N0-FZA1201. Realizzata per garantire precisione e durata, questa cornice garantisce una perfetta aderenza, ripristinando l&#8217;estetica del tuo portatile. Autenticit\u00e0 garantita. Spedizione in tutto il mondo disponibile.<\/p>\n","protected":false},"featured_media":16460,"template":"","meta":[],"product_brand":[],"product_cat":[17],"product_tag":[59],"class_list":{"0":"post-16398","1":"product","2":"type-product","3":"status-publish","4":"has-post-thumbnail","6":"product_cat-laptop-housing","7":"product_tag-medion","9":"first","10":"instock","11":"taxable","12":"shipping-taxable","13":"purchasable","14":"product-type-simple"},"_links":{"self":[{"href":"https:\/\/boreait.com\/it\/wp-json\/wp\/v2\/product\/16398","targetHints":{"allow":["GET"]}}],"collection":[{"href":"https:\/\/boreait.com\/it\/wp-json\/wp\/v2\/product"}],"about":[{"href":"https:\/\/boreait.com\/it\/wp-json\/wp\/v2\/types\/product"}],"wp:featuredmedia":[{"embeddable":true,"href":"https:\/\/boreait.com\/it\/wp-json\/wp\/v2\/media\/16460"}],"wp:attachment":[{"href":"https:\/\/boreait.com\/it\/wp-json\/wp\/v2\/media?parent=16398"}],"wp:term":[{"taxonomy":"product_brand","embeddable":true,"href":"https:\/\/boreait.com\/it\/wp-json\/wp\/v2\/product_brand?post=16398"},{"taxonomy":"product_cat","embeddable":true,"href":"https:\/\/boreait.com\/it\/wp-json\/wp\/v2\/product_cat?post=16398"},{"taxonomy":"product_tag","embeddable":true,"href":"https:\/\/boreait.com\/it\/wp-json\/wp\/v2\/product_tag?post=16398"}],"curies":[{"name":"wp","href":"https:\/\/api.w.org\/{rel}","templated":true}]}}