{"id":16282,"date":"2025-07-25T12:22:26","date_gmt":"2025-07-25T12:22:26","guid":{"rendered":"https:\/\/boreait.com\/it\/?post_type=product&#038;p=16282"},"modified":"2025-07-25T12:23:25","modified_gmt":"2025-07-25T12:23:25","slug":"altoparlanti-interni-originali-per-laptop-hp-probook-430-g4-bx81satp10","status":"publish","type":"product","link":"https:\/\/boreait.com\/it\/product\/altoparlanti-interni-originali-per-laptop-hp-probook-430-g4-bx81satp10\/","title":{"rendered":"Altoparlanti interni originali per laptop HP ProBook 430 G4 &#8211; BX81SATP10"},"content":{"rendered":"<p>Migliora le prestazioni audio del tuo laptop HP ProBook 430 G4 con questi altoparlanti interni originali. Progettati per integrarsi perfettamente nel tuo laptop, questi altoparlanti offrono un\u2019esperienza audio autentica, garantendoti di sentire ogni dettaglio con chiarezza. Che tu stia guardando video, partecipando a riunioni virtuali o ascoltando musica, questi altoparlanti offrono una qualit\u00e0 audio eccezionale. Codice articolo HP: BX81SATP10.<\/p>\n<p><strong>Caratteristiche principali:<\/strong><\/p>\n<ul>\n<li><strong>Ricambi originali HP:<\/strong> Questi altoparlanti interni sono componenti originali HP, che garantiscono compatibilit\u00e0 e prestazioni ottimali per il tuo laptop ProBook 430 G4.<\/li>\n<li><strong>Migliora l\u2019esperienza multimediale:<\/strong> goditi una qualit\u00e0 audio immersiva per video, musica e riunioni virtuali. Questi altoparlanti sono progettati per integrare le funzionalit\u00e0 multimediali del tuo laptop.<\/li>\n<li><strong>Installazione semplice:<\/strong> migliora l\u2019audio del tuo laptop senza sforzo. Questi altoparlanti sono progettati per una semplice installazione e non richiedono attrezzi speciali.<\/li>\n<li><strong>Compatibilit\u00e0:<\/strong> Progettati specificamente per HP ProBook 430 G4, questi altoparlanti interni garantiscono una perfetta compatibilit\u00e0, mantenendo l\u2019elegante design del tuo laptop.<\/li>\n<li><strong>Prodotto reale, foto reali:<\/strong> Le immagini del prodotto che vedi sono foto autentiche degli altoparlanti che riceverai. Ci\u00f2 che vedi \u00e8 ci\u00f2 che riceverai.<\/li>\n<\/ul>\n","protected":false},"excerpt":{"rendered":"<p>Migliora l&#8217;esperienza audio del tuo laptop HP ProBook 430 G4 con questi altoparlanti interni originali. Progettati specificamente per il tuo modello di laptop, questi altoparlanti offrono un suono cristallino. I ricambi originali HP garantiscono compatibilit\u00e0 e prestazioni ottimali. Migliora la tua esperienza multimediale e di comunicazione oggi stesso.<\/p>\n","protected":false},"featured_media":16344,"template":"","meta":[],"product_brand":[],"product_cat":[19],"product_tag":[26],"class_list":{"0":"post-16282","1":"product","2":"type-product","3":"status-publish","4":"has-post-thumbnail","6":"product_cat-laptop-speakers","7":"product_tag-hp","9":"first","10":"instock","11":"taxable","12":"shipping-taxable","13":"purchasable","14":"product-type-simple"},"_links":{"self":[{"href":"https:\/\/boreait.com\/it\/wp-json\/wp\/v2\/product\/16282","targetHints":{"allow":["GET"]}}],"collection":[{"href":"https:\/\/boreait.com\/it\/wp-json\/wp\/v2\/product"}],"about":[{"href":"https:\/\/boreait.com\/it\/wp-json\/wp\/v2\/types\/product"}],"wp:featuredmedia":[{"embeddable":true,"href":"https:\/\/boreait.com\/it\/wp-json\/wp\/v2\/media\/16344"}],"wp:attachment":[{"href":"https:\/\/boreait.com\/it\/wp-json\/wp\/v2\/media?parent=16282"}],"wp:term":[{"taxonomy":"product_brand","embeddable":true,"href":"https:\/\/boreait.com\/it\/wp-json\/wp\/v2\/product_brand?post=16282"},{"taxonomy":"product_cat","embeddable":true,"href":"https:\/\/boreait.com\/it\/wp-json\/wp\/v2\/product_cat?post=16282"},{"taxonomy":"product_tag","embeddable":true,"href":"https:\/\/boreait.com\/it\/wp-json\/wp\/v2\/product_tag?post=16282"}],"curies":[{"name":"wp","href":"https:\/\/api.w.org\/{rel}","templated":true}]}}