{"id":16173,"date":"2025-07-25T12:20:48","date_gmt":"2025-07-25T12:20:48","guid":{"rendered":"https:\/\/boreait.com\/it\/?post_type=product&#038;p=16173"},"modified":"2026-01-19T13:56:40","modified_gmt":"2026-01-19T13:56:40","slug":"scheda-pulsante-di-accensione-originale-per-laptop-lenovo-thinkpad-e430-e435-e530-e535-ls-8131p","status":"publish","type":"product","link":"https:\/\/boreait.com\/it\/product\/scheda-pulsante-di-accensione-originale-per-laptop-lenovo-thinkpad-e430-e435-e530-e535-ls-8131p\/","title":{"rendered":"Scheda pulsante di accensione originale per laptop Lenovo ThinkPad E430 E435 E530 E535 LS-8131P"},"content":{"rendered":"<p>Aggiorna il tuo Lenovo ThinkPad E430, E435, E530 o E535 con la scheda pulsanti di alimentazione originale LS-8131P. Realizzata per soddisfare i rigorosi standard di qualit\u00e0 Lenovo, questa scheda pulsanti di alimentazione garantisce prestazioni ottimali e compatibilit\u00e0 con il tuo modello di laptop.<\/p>\n<p><strong>Caratteristiche principali:<\/strong><\/p>\n<ul>\n<li><strong>Ricambio originale Lenovo:<\/strong> Questa scheda pulsanti di alimentazione \u00e8 un ricambio autentico, che garantisce la stessa qualit\u00e0 e compatibilit\u00e0 del componente originale.<\/li>\n<li><strong>Compatibilit\u00e0:<\/strong> Progettata specificamente per i modelli ThinkPad E430, E435, E530 ed E535, offre una vestibilit\u00e0 perfetta e un funzionamento affidabile.<\/li>\n<li><strong>Installazione semplice:<\/strong> Semplifica il processo di sostituzione con un design facile da installare. Non vengono fornite istruzioni complesse, ma non esitate a contattarci se avete bisogno di assistenza.<\/li>\n<li><strong>Aggiornamento funzionale:<\/strong> risolvete i problemi con il pulsante di accensione e ripristinate la piena funzionalit\u00e0 del vostro laptop con questa scheda originale.<\/li>\n<\/ul>\n<p><strong>Nota:<\/strong> non forniamo istruzioni per la sostituzione dei componenti, ma se avete bisogno di ulteriore assistenza, non esitate a contattarci. Le immagini del prodotto visualizzate sono foto reali e mostrano esattamente l\u2019articolo che riceverete.<\/p>\n<p>Aggiornate il vostro laptop senza sforzo con la scheda originale LS-8131P del pulsante di accensione per laptop Lenovo ThinkPad E430 E435 E530 E535. Ordinate ora per ottenere prestazioni e funzionalit\u00e0 migliorate. Per qualsiasi domanda, non esitate a contattarci.<\/p>\n<p>Ricordatevi di includere le immagini reali del prodotto nei vostri annunci per garantire trasparenza e creare fiducia con i potenziali acquirenti.<\/p>\n","protected":false},"excerpt":{"rendered":"<p>Migliora le funzionalit\u00e0 del tuo Lenovo ThinkPad E430, E435, E530 o E535 con questa scheda pulsante di accensione originale per laptop (modello LS-8131P). Progettata per soddisfare gli elevati standard Lenovo, questa scheda pulsante di accensione garantisce prestazioni affidabili e un funzionamento impeccabile. Facile da installare e compatibile con il tuo modello di laptop, questa scheda pulsante di accensione \u00e8 un ricambio autentico per l&#8217;originale, offrendo una soluzione rapida ed efficiente a qualsiasi problema relativo ai pulsanti di accensione.<\/p>\n","protected":false},"featured_media":16227,"template":"","meta":[],"product_brand":[],"product_cat":[21],"product_tag":[27],"class_list":{"0":"post-16173","1":"product","2":"type-product","3":"status-publish","4":"has-post-thumbnail","6":"product_cat-cables","7":"product_tag-lenovo","9":"first","10":"instock","11":"taxable","12":"shipping-taxable","13":"purchasable","14":"product-type-simple"},"_links":{"self":[{"href":"https:\/\/boreait.com\/it\/wp-json\/wp\/v2\/product\/16173","targetHints":{"allow":["GET"]}}],"collection":[{"href":"https:\/\/boreait.com\/it\/wp-json\/wp\/v2\/product"}],"about":[{"href":"https:\/\/boreait.com\/it\/wp-json\/wp\/v2\/types\/product"}],"wp:featuredmedia":[{"embeddable":true,"href":"https:\/\/boreait.com\/it\/wp-json\/wp\/v2\/media\/16227"}],"wp:attachment":[{"href":"https:\/\/boreait.com\/it\/wp-json\/wp\/v2\/media?parent=16173"}],"wp:term":[{"taxonomy":"product_brand","embeddable":true,"href":"https:\/\/boreait.com\/it\/wp-json\/wp\/v2\/product_brand?post=16173"},{"taxonomy":"product_cat","embeddable":true,"href":"https:\/\/boreait.com\/it\/wp-json\/wp\/v2\/product_cat?post=16173"},{"taxonomy":"product_tag","embeddable":true,"href":"https:\/\/boreait.com\/it\/wp-json\/wp\/v2\/product_tag?post=16173"}],"curies":[{"name":"wp","href":"https:\/\/api.w.org\/{rel}","templated":true}]}}