{"id":16025,"date":"2025-07-25T12:18:48","date_gmt":"2025-07-25T12:18:48","guid":{"rendered":"https:\/\/boreait.com\/it\/?post_type=product&#038;p=16025"},"modified":"2026-01-19T10:26:07","modified_gmt":"2026-01-19T10:26:07","slug":"aggiorna-il-tuo-laptop-con-la-memoria-ram-ddr2-533-da-512-mb-ad-alte-prestazioni","status":"publish","type":"product","link":"https:\/\/boreait.com\/it\/product\/aggiorna-il-tuo-laptop-con-la-memoria-ram-ddr2-533-da-512-mb-ad-alte-prestazioni\/","title":{"rendered":"Aggiorna il tuo laptop con la memoria RAM DDR2-533 da 512 MB ad alte prestazioni"},"content":{"rendered":"<p>Scopri la potenza della memoria potenziata con il nostro modulo RAM DDR2-533 da 512 MB per laptop. Siggmo ti offre un componente per laptop di alta qualit\u00e0 che promette prestazioni migliorate e capacit\u00e0 multitasking pi\u00f9 veloci. Caratteristiche principali:<br \/>\n\u2026 Compatibilit\u00e0:<br \/>\nQuesto modulo di memoria per laptop \u00e8 compatibile con un\u2019ampia gamma di laptop. Assicurati un aggiornamento senza problemi per aumentare le prestazioni del tuo laptop.<br \/>\nFoto reali, risultati reali:<br \/>\nLe immagini che vedi sono foto reali del modulo RAM DDR2-533 da 512 MB che riceverai. Siggmo si impegna a garantire la trasparenza e a fornire ai clienti una visione chiara del prodotto originale che stanno acquistando.<br \/>\nNota:<br \/>\nNon forniamo istruzioni specifiche per la sostituzione dei componenti del laptop, ma non esitare a contattarci per qualsiasi domanda o necessit\u00e0 di assistenza. In Siggmo, la soddisfazione del cliente \u00e8 la nostra priorit\u00e0 e siamo qui per aiutarti a ottenere il massimo dagli aggiornamenti del tuo laptop.<br \/>\nAggiorna il tuo laptop oggi stesso con la RAM DDR2-533 da 512 MB di Siggmo: scopri la differenza in termini di prestazioni e affidabilit\u00e0.<\/p>\n","protected":false},"excerpt":{"rendered":"<p>Migliora la velocit\u00e0 e l&#8217;efficienza del tuo laptop con il nostro modulo RAM DDR2-533 da 512 MB. Questo upgrade di memoria di alta qualit\u00e0 per laptop \u00e8 progettato per un&#8217;integrazione perfetta, offrendo un significativo incremento delle prestazioni del tuo sistema. Affidati a Siggmo per componenti affidabili per laptop e un&#8217;esperienza di elaborazione migliorata.<\/p>\n","protected":false},"featured_media":16072,"template":"","meta":[],"product_brand":[],"product_cat":[42,37],"product_tag":[],"class_list":{"0":"post-16025","1":"product","2":"type-product","3":"status-publish","4":"has-post-thumbnail","6":"product_cat-ddr2","7":"product_cat-ram-memory","9":"first","10":"instock","11":"taxable","12":"shipping-taxable","13":"purchasable","14":"product-type-simple"},"_links":{"self":[{"href":"https:\/\/boreait.com\/it\/wp-json\/wp\/v2\/product\/16025","targetHints":{"allow":["GET"]}}],"collection":[{"href":"https:\/\/boreait.com\/it\/wp-json\/wp\/v2\/product"}],"about":[{"href":"https:\/\/boreait.com\/it\/wp-json\/wp\/v2\/types\/product"}],"wp:featuredmedia":[{"embeddable":true,"href":"https:\/\/boreait.com\/it\/wp-json\/wp\/v2\/media\/16072"}],"wp:attachment":[{"href":"https:\/\/boreait.com\/it\/wp-json\/wp\/v2\/media?parent=16025"}],"wp:term":[{"taxonomy":"product_brand","embeddable":true,"href":"https:\/\/boreait.com\/it\/wp-json\/wp\/v2\/product_brand?post=16025"},{"taxonomy":"product_cat","embeddable":true,"href":"https:\/\/boreait.com\/it\/wp-json\/wp\/v2\/product_cat?post=16025"},{"taxonomy":"product_tag","embeddable":true,"href":"https:\/\/boreait.com\/it\/wp-json\/wp\/v2\/product_tag?post=16025"}],"curies":[{"name":"wp","href":"https:\/\/api.w.org\/{rel}","templated":true}]}}