{"id":15971,"date":"2025-07-25T12:18:01","date_gmt":"2025-07-25T12:18:01","guid":{"rendered":"https:\/\/boreait.com\/it\/?post_type=product&#038;p=15971"},"modified":"2025-07-25T12:18:42","modified_gmt":"2025-07-25T12:18:42","slug":"scheda-bluetooth-broadcom-bcm92070md-cavo-per-dell-e6420-e6430-0g9m5x","status":"publish","type":"product","link":"https:\/\/boreait.com\/it\/product\/scheda-bluetooth-broadcom-bcm92070md-cavo-per-dell-e6420-e6430-0g9m5x\/","title":{"rendered":"Scheda Bluetooth Broadcom BCM92070MD + cavo per Dell E6420 E6430 0G9M5X"},"content":{"rendered":"<p>Aggiorna il tuo laptop Dell E6420 o E6430 con la scheda Bluetooth Broadcom BCM92070MD + cavo per una connettivit\u00e0 wireless impeccabile. Questo ricambio originale Dell garantisce compatibilit\u00e0 e prestazioni affidabili, consentendoti di connettere facilmente il tuo laptop a dispositivi Bluetooth come altoparlanti, cuffie e smartphone. Il cavo incluso semplifica l&#8217;installazione, rendendola semplice per utenti di qualsiasi livello di competenza tecnica. Migliora la tua produttivit\u00e0 e praticit\u00e0 aggiungendo la funzionalit\u00e0 Bluetooth al tuo laptop Dell. Investi oggi stesso nella scheda Bluetooth Broadcom BCM92070MD + cavo!<\/p>\n","protected":false},"excerpt":{"rendered":"<p>Aggiorna il tuo laptop Dell E6420 o E6430 con la scheda Bluetooth Broadcom BCM92070MD + cavo per una connettivit\u00e0 wireless impeccabile. Il ricambio originale Dell garantisce compatibilit\u00e0 e prestazioni affidabili. Installazione semplice con cavo incluso. Migliora produttivit\u00e0 e praticit\u00e0 aggiungendo la funzionalit\u00e0 Bluetooth al tuo laptop Dell.<\/p>\n","protected":false},"featured_media":16012,"template":"","meta":[],"product_brand":[],"product_cat":[28],"product_tag":[18],"class_list":{"0":"post-15971","1":"product","2":"type-product","3":"status-publish","4":"has-post-thumbnail","6":"product_cat-motherboards-board-parts","7":"product_tag-dell","9":"first","10":"instock","11":"taxable","12":"shipping-taxable","13":"purchasable","14":"product-type-simple"},"_links":{"self":[{"href":"https:\/\/boreait.com\/it\/wp-json\/wp\/v2\/product\/15971","targetHints":{"allow":["GET"]}}],"collection":[{"href":"https:\/\/boreait.com\/it\/wp-json\/wp\/v2\/product"}],"about":[{"href":"https:\/\/boreait.com\/it\/wp-json\/wp\/v2\/types\/product"}],"wp:featuredmedia":[{"embeddable":true,"href":"https:\/\/boreait.com\/it\/wp-json\/wp\/v2\/media\/16012"}],"wp:attachment":[{"href":"https:\/\/boreait.com\/it\/wp-json\/wp\/v2\/media?parent=15971"}],"wp:term":[{"taxonomy":"product_brand","embeddable":true,"href":"https:\/\/boreait.com\/it\/wp-json\/wp\/v2\/product_brand?post=15971"},{"taxonomy":"product_cat","embeddable":true,"href":"https:\/\/boreait.com\/it\/wp-json\/wp\/v2\/product_cat?post=15971"},{"taxonomy":"product_tag","embeddable":true,"href":"https:\/\/boreait.com\/it\/wp-json\/wp\/v2\/product_tag?post=15971"}],"curies":[{"name":"wp","href":"https:\/\/api.w.org\/{rel}","templated":true}]}}