{"id":15944,"date":"2025-07-25T12:17:37","date_gmt":"2025-07-25T12:17:37","guid":{"rendered":"https:\/\/boreait.com\/it\/?post_type=product&#038;p=15944"},"modified":"2026-01-19T10:07:32","modified_gmt":"2026-01-19T10:07:32","slug":"pulsante-di-accensione-emachines-e642-scheda-di-commutazione-e642g-scheda-di-alimentazione","status":"publish","type":"product","link":"https:\/\/boreait.com\/it\/product\/pulsante-di-accensione-emachines-e642-scheda-di-commutazione-e642g-scheda-di-alimentazione\/","title":{"rendered":"Pulsante di accensione eMachines E642 &#8211; Scheda di commutazione E642G Scheda di alimentazione"},"content":{"rendered":"<p>Aggiorna o sostituisci la scheda interruttore di accensione del tuo laptop eMachines E642 o E642G con questo ricambio di alta qualit\u00e0. Progettata per ripristinare la funzionalit\u00e0 del tuo dispositivo, questa scheda di alimentazione garantisce una gestione affidabile dell\u2019alimentazione, consentendoti di accendere e spegnere il laptop con facilit\u00e0. Realizzata con precisione e robustezza, questa scheda interruttore \u00e8 costruita per durare, offrendo prestazioni durature per la tua comodit\u00e0. Ripristina la funzionalit\u00e0 e le capacit\u00e0 di controllo dell\u2019alimentazione del tuo laptop con questo ricambio originale. Facile da installare e compatibile con i modelli eMachines E642 ed E642G, questa scheda interruttore \u00e8 la soluzione perfetta per le tue esigenze di riparazione.<\/p>\n","protected":false},"excerpt":{"rendered":"<p>Sostituisci la scheda interruttore del pulsante di accensione del tuo laptop eMachines E642 o E642G con questo ricambio di alta qualit\u00e0. Assicurati una gestione affidabile dell&#8217;alimentazione e un funzionamento semplice con questa scheda interruttore originale. Facile da installare e costruita per durare, questa scheda di ricambio ripristina la funzionalit\u00e0 del tuo dispositivo, consentendoti di accenderlo e spegnerlo con facilit\u00e0.<\/p>\n","protected":false},"featured_media":16002,"template":"","meta":[],"product_brand":[],"product_cat":[28],"product_tag":[58],"class_list":{"0":"post-15944","1":"product","2":"type-product","3":"status-publish","4":"has-post-thumbnail","6":"product_cat-motherboards-board-parts","7":"product_tag-emachines","9":"first","10":"instock","11":"taxable","12":"shipping-taxable","13":"purchasable","14":"product-type-simple"},"_links":{"self":[{"href":"https:\/\/boreait.com\/it\/wp-json\/wp\/v2\/product\/15944","targetHints":{"allow":["GET"]}}],"collection":[{"href":"https:\/\/boreait.com\/it\/wp-json\/wp\/v2\/product"}],"about":[{"href":"https:\/\/boreait.com\/it\/wp-json\/wp\/v2\/types\/product"}],"wp:featuredmedia":[{"embeddable":true,"href":"https:\/\/boreait.com\/it\/wp-json\/wp\/v2\/media\/16002"}],"wp:attachment":[{"href":"https:\/\/boreait.com\/it\/wp-json\/wp\/v2\/media?parent=15944"}],"wp:term":[{"taxonomy":"product_brand","embeddable":true,"href":"https:\/\/boreait.com\/it\/wp-json\/wp\/v2\/product_brand?post=15944"},{"taxonomy":"product_cat","embeddable":true,"href":"https:\/\/boreait.com\/it\/wp-json\/wp\/v2\/product_cat?post=15944"},{"taxonomy":"product_tag","embeddable":true,"href":"https:\/\/boreait.com\/it\/wp-json\/wp\/v2\/product_tag?post=15944"}],"curies":[{"name":"wp","href":"https:\/\/api.w.org\/{rel}","templated":true}]}}