{"id":15942,"date":"2025-07-25T12:17:37","date_gmt":"2025-07-25T12:17:37","guid":{"rendered":"https:\/\/boreait.com\/it\/?post_type=product&#038;p=15942"},"modified":"2026-01-19T10:07:14","modified_gmt":"2026-01-19T10:07:14","slug":"modulo-di-memoria-ram-kingston-2-gb-pc3-10600-ddr3-1333-mhz-acr256x64d3s1333c9","status":"publish","type":"product","link":"https:\/\/boreait.com\/it\/product\/modulo-di-memoria-ram-kingston-2-gb-pc3-10600-ddr3-1333-mhz-acr256x64d3s1333c9\/","title":{"rendered":"Modulo di memoria RAM Kingston 2 GB PC3-10600 DDR3-1333 MHz ACR256X64D3S1333C9"},"content":{"rendered":"<p>Aggiorna la memoria del tuo computer con il modulo RAM Kingston ACR256X64D3S1333C9 da 2 GB. Progettato per garantire compatibilit\u00e0 e affidabilit\u00e0, questo modulo di memoria DDR3-1333 MHz non-ECC unbuffered offre prestazioni impeccabili per le tue esigenze di elaborazione. Con una latenza CL9, garantisce un rapido accesso ai dati e funzionalit\u00e0 multitasking fluide. Che tu sia un utente occasionale o un professionista esigente, questo modulo RAM Kingston offre le prestazioni e l\u2019affidabilit\u00e0 necessarie per migliorare l\u2019efficienza del tuo sistema. Installalo facilmente nel tuo sistema compatibile e scopri una maggiore velocit\u00e0 e reattivit\u00e0 per le tue applicazioni e attivit\u00e0.<\/p>\n","protected":false},"excerpt":{"rendered":"<p>Migliora le prestazioni del tuo computer con il modulo RAM Kingston ACR256X64D3S1333C9 da 2 GB DDR3. Con velocit\u00e0 DDR3-1333 MHz e latenza CL9, questo modulo di memoria non-ECC unbuffered garantisce un rapido accesso ai dati e un multitasking fluido. Installalo semplicemente nel tuo sistema compatibile per sperimentare una maggiore velocit\u00e0 e reattivit\u00e0 per le tue applicazioni e attivit\u00e0.<\/p>\n","protected":false},"featured_media":16000,"template":"","meta":[],"product_brand":[],"product_cat":[38,37],"product_tag":[],"class_list":{"0":"post-15942","1":"product","2":"type-product","3":"status-publish","4":"has-post-thumbnail","6":"product_cat-ddr3-ddr3l","7":"product_cat-ram-memory","9":"first","10":"instock","11":"taxable","12":"shipping-taxable","13":"purchasable","14":"product-type-simple"},"_links":{"self":[{"href":"https:\/\/boreait.com\/it\/wp-json\/wp\/v2\/product\/15942","targetHints":{"allow":["GET"]}}],"collection":[{"href":"https:\/\/boreait.com\/it\/wp-json\/wp\/v2\/product"}],"about":[{"href":"https:\/\/boreait.com\/it\/wp-json\/wp\/v2\/types\/product"}],"wp:featuredmedia":[{"embeddable":true,"href":"https:\/\/boreait.com\/it\/wp-json\/wp\/v2\/media\/16000"}],"wp:attachment":[{"href":"https:\/\/boreait.com\/it\/wp-json\/wp\/v2\/media?parent=15942"}],"wp:term":[{"taxonomy":"product_brand","embeddable":true,"href":"https:\/\/boreait.com\/it\/wp-json\/wp\/v2\/product_brand?post=15942"},{"taxonomy":"product_cat","embeddable":true,"href":"https:\/\/boreait.com\/it\/wp-json\/wp\/v2\/product_cat?post=15942"},{"taxonomy":"product_tag","embeddable":true,"href":"https:\/\/boreait.com\/it\/wp-json\/wp\/v2\/product_tag?post=15942"}],"curies":[{"name":"wp","href":"https:\/\/api.w.org\/{rel}","templated":true}]}}