{"id":15761,"date":"2025-07-25T12:14:20","date_gmt":"2025-07-25T12:14:20","guid":{"rendered":"https:\/\/boreait.com\/it\/?post_type=product&#038;p=15761"},"modified":"2025-07-25T12:15:24","modified_gmt":"2025-07-25T12:15:24","slug":"cornice-display-lcd-originale-dell-latitude-e5540-p35f-ap0wr000d00-ricambi-per-laptop","status":"publish","type":"product","link":"https:\/\/boreait.com\/it\/product\/cornice-display-lcd-originale-dell-latitude-e5540-p35f-ap0wr000d00-ricambi-per-laptop\/","title":{"rendered":"Cornice display LCD originale Dell Latitude E5540 P35F AP0WR000D00 Ricambi per laptop"},"content":{"rendered":"<p>Aggiorna il tuo laptop Dell Latitude E5540 (P35F) con la cornice per display LCD originale Dell (codice prodotto: AP0WR000D00). Questa cornice, realizzata con cura, \u00e8 progettata per adattarsi perfettamente e con eleganza al display LCD del tuo laptop, garantendo stile e durata. Rinnova il look del tuo laptop proteggendo il display da potenziali danni. <\/p>\n<p><strong>Caratteristiche principali:<\/strong><\/p>\n<ul>\n<li><strong>Componente originale Dell:<\/strong> Questa cornice per display LCD \u00e8 un componente Dell autentico, che garantisce qualit\u00e0 e compatibilit\u00e0 con il tuo laptop Latitude E5540 (P35F).<\/li>\n<li><strong>Migliora l\u2019estetica:<\/strong> La cornice \u00e8 progettata per completare il design del laptop, aggiungendo un tocco di raffinatezza al tuo dispositivo.<\/li>\n<li><strong>Costruzione resistente:<\/strong> Realizzata con precisione e durata, questa cornice protegge il display LCD del tuo laptop da potenziali graffi o urti.<\/li>\n<\/ul>\n<p><strong>Compatibilit\u00e0:<\/strong><\/p>\n<ul>\n<li>Progettata specificamente per i laptop Dell Latitude E5540 (P35F), garantisce una vestibilit\u00e0 perfetta e un utilizzo senza problemi. Installazione.<\/li>\n<\/ul>\n<p><strong>Cosa \u00e8 incluso:<\/strong><\/p>\n<ul>\n<li>1 cornice per display LCD Dell originale (codice prodotto: AP0WR000D00)<\/li>\n<\/ul>\n<p><strong>Nota:<\/strong> non forniamo istruzioni specifiche per la sostituzione di componenti del laptop. Se hai bisogno di assistenza, non esitare a contattarci tramite messaggio.<\/p>\n<p><strong>Foto reali, componenti reali:<\/strong> le immagini in questa inserzione sono foto autentiche del prodotto che riceverai. Acquista in tutta sicurezza, sapendo esattamente cosa riceverai.<\/p>\n<p>Aggiorna il tuo laptop Dell Latitude E5540 (P35F) con questa cornice per display LCD Dell originale. Migliora oggi stesso sia l\u2019estetica che la durata del tuo laptop. Per qualsiasi domanda o ulteriore assistenza, non esitare a contattarci.<\/p>\n","protected":false},"excerpt":{"rendered":"<p>Migliora l&#8217;aspetto e la resistenza del tuo laptop Dell Latitude E5540 (P35F) con questa cornice per display LCD originale Dell. Realizzata alla perfezione, questa cornice (codice prodotto: AP0WR000D00) si adatta perfettamente allo schermo del tuo laptop. Esalta l&#8217;estetica del tuo laptop proteggendo al contempo il display LCD. Acquista in tutta sicurezza: le foto reali mostrano esattamente ci\u00f2 che riceverai. Aggiorna il tuo laptop oggi stesso!<\/p>\n","protected":false},"featured_media":15810,"template":"","meta":[],"product_brand":[],"product_cat":[17],"product_tag":[18],"class_list":{"0":"post-15761","1":"product","2":"type-product","3":"status-publish","4":"has-post-thumbnail","6":"product_cat-laptop-housing","7":"product_tag-dell","9":"first","10":"instock","11":"taxable","12":"shipping-taxable","13":"purchasable","14":"product-type-simple"},"_links":{"self":[{"href":"https:\/\/boreait.com\/it\/wp-json\/wp\/v2\/product\/15761","targetHints":{"allow":["GET"]}}],"collection":[{"href":"https:\/\/boreait.com\/it\/wp-json\/wp\/v2\/product"}],"about":[{"href":"https:\/\/boreait.com\/it\/wp-json\/wp\/v2\/types\/product"}],"wp:featuredmedia":[{"embeddable":true,"href":"https:\/\/boreait.com\/it\/wp-json\/wp\/v2\/media\/15810"}],"wp:attachment":[{"href":"https:\/\/boreait.com\/it\/wp-json\/wp\/v2\/media?parent=15761"}],"wp:term":[{"taxonomy":"product_brand","embeddable":true,"href":"https:\/\/boreait.com\/it\/wp-json\/wp\/v2\/product_brand?post=15761"},{"taxonomy":"product_cat","embeddable":true,"href":"https:\/\/boreait.com\/it\/wp-json\/wp\/v2\/product_cat?post=15761"},{"taxonomy":"product_tag","embeddable":true,"href":"https:\/\/boreait.com\/it\/wp-json\/wp\/v2\/product_tag?post=15761"}],"curies":[{"name":"wp","href":"https:\/\/api.w.org\/{rel}","templated":true}]}}