{"id":15722,"date":"2025-07-25T12:13:31","date_gmt":"2025-07-25T12:13:31","guid":{"rendered":"https:\/\/boreait.com\/it\/?post_type=product&#038;p=15722"},"modified":"2025-07-25T12:14:42","modified_gmt":"2025-07-25T12:14:42","slug":"scheda-lettore-di-schede-originale-dell-latitude-e5540-a135mj-per-laptop-da-156-ricambi-oem-per-laptop","status":"publish","type":"product","link":"https:\/\/boreait.com\/it\/product\/scheda-lettore-di-schede-originale-dell-latitude-e5540-a135mj-per-laptop-da-156-ricambi-oem-per-laptop\/","title":{"rendered":"Scheda lettore di schede originale Dell Latitude E5540 A135MJ per laptop da 15,6&#8243; &#8211; Ricambi OEM per laptop"},"content":{"rendered":"<p>Aggiorna il tuo laptop Dell Latitude E5540 senza sforzo con la scheda lettore di schede originale Dell A135MJ da 15,6\u2033. Questa scheda lettore di schede OEM \u00e8 progettata specificamente per il Dell Latitude E5540, garantendo una compatibilit\u00e0 perfetta e prestazioni ottimali.<\/p>\n<p><strong>Caratteristiche principali:<\/strong><\/p>\n<ul>\n<li><strong>Componente originale Dell:<\/strong> Questa scheda lettore di schede A135MJ \u00e8 un prodotto Dell autentico, che garantisce qualit\u00e0 e compatibilit\u00e0 con il tuo laptop Dell Latitude E5540.<\/li>\n<li><strong>Prestazioni ottimizzate:<\/strong> Goditi un trasferimento dati fluido e un\u2019efficiente funzionalit\u00e0 di lettura delle schede. Migliora le capacit\u00e0 del tuo laptop con questo componente essenziale.<\/li>\n<li><strong>Installazione semplice:<\/strong> Progettata per un\u2019installazione semplice, questa scheda lettore di schede ti consente di aggiornare il tuo laptop con facilit\u00e0. Sebbene non forniamo istruzioni di installazione, non esitare a contattarci per qualsiasi domanda.<\/li>\n<li><strong>In tutto il mondo Compatibilit\u00e0:<\/strong> Che tu sia in Europa o in qualsiasi altro luogo del mondo, questa scheda per lettore di schede \u00e8 progettata per soddisfare le esigenze degli utenti di Dell Latitude E5540 in tutto il mondo.<\/li>\n<li><strong>Foto reali, componenti reali:<\/strong> Le foto in questo annuncio sono immagini autentiche del prodotto che riceverai. Acquista in tutta sicurezza, sapendo che ci\u00f2 che vedi \u00e8 ci\u00f2 che ottieni.<\/li>\n<\/ul>\n<p>Aggiorna il tuo laptop oggi stesso con la scheda per lettore di schede Dell A135MJ da 15,6\u2033. Per qualsiasi domanda o per ulteriore assistenza, non esitare a contattarci. Trasforma il tuo Dell Latitude E5540 e scopri funzionalit\u00e0 migliorate con questo componente OEM originale per laptop.<\/p>\n","protected":false},"excerpt":{"rendered":"<p>Potenzia il tuo laptop Dell Latitude E5540 con questa scheda lettore di schede A135MJ da 15,6&#8243; originale. Acquista con fiducia: 100% OEM, garanzia di compatibilit\u00e0 e affidabilit\u00e0. Ideale per un trasferimento dati impeccabile. Foto autentiche per garantire che riceverai esattamente ci\u00f2 che vedi!<\/p>\n","protected":false},"featured_media":15777,"template":"","meta":[],"product_brand":[],"product_cat":[28],"product_tag":[18],"class_list":{"0":"post-15722","1":"product","2":"type-product","3":"status-publish","4":"has-post-thumbnail","6":"product_cat-motherboards-board-parts","7":"product_tag-dell","9":"first","10":"instock","11":"taxable","12":"shipping-taxable","13":"purchasable","14":"product-type-simple"},"_links":{"self":[{"href":"https:\/\/boreait.com\/it\/wp-json\/wp\/v2\/product\/15722","targetHints":{"allow":["GET"]}}],"collection":[{"href":"https:\/\/boreait.com\/it\/wp-json\/wp\/v2\/product"}],"about":[{"href":"https:\/\/boreait.com\/it\/wp-json\/wp\/v2\/types\/product"}],"wp:featuredmedia":[{"embeddable":true,"href":"https:\/\/boreait.com\/it\/wp-json\/wp\/v2\/media\/15777"}],"wp:attachment":[{"href":"https:\/\/boreait.com\/it\/wp-json\/wp\/v2\/media?parent=15722"}],"wp:term":[{"taxonomy":"product_brand","embeddable":true,"href":"https:\/\/boreait.com\/it\/wp-json\/wp\/v2\/product_brand?post=15722"},{"taxonomy":"product_cat","embeddable":true,"href":"https:\/\/boreait.com\/it\/wp-json\/wp\/v2\/product_cat?post=15722"},{"taxonomy":"product_tag","embeddable":true,"href":"https:\/\/boreait.com\/it\/wp-json\/wp\/v2\/product_tag?post=15722"}],"curies":[{"name":"wp","href":"https:\/\/api.w.org\/{rel}","templated":true}]}}