{"id":15666,"date":"2025-07-25T12:12:41","date_gmt":"2025-07-25T12:12:41","guid":{"rendered":"https:\/\/boreait.com\/it\/?post_type=product&#038;p=15666"},"modified":"2025-07-25T12:13:27","modified_gmt":"2025-07-25T12:13:27","slug":"poggiapolsi-originale-lenovo-thinkpad-t480s-am16q000a00-ricambi-originali-per-laptop","status":"publish","type":"product","link":"https:\/\/boreait.com\/it\/product\/poggiapolsi-originale-lenovo-thinkpad-t480s-am16q000a00-ricambi-originali-per-laptop\/","title":{"rendered":"Poggiapolsi originale Lenovo Thinkpad T480s AM16Q000A00 | Ricambi originali per laptop"},"content":{"rendered":"<p>Numeri di parte: 20SM10R44327 \u2013 2001YN986<\/p>\n<p>Aggiorna il tuo Lenovo Thinkpad T480s con il nostro poggiapolsi originale Lenovo (numero di parte: AM16Q000A00). Questo componente originale per laptop \u00e8 meticolosamente realizzato per soddisfare gli elevati standard di qualit\u00e0 e durata di Lenovo.<\/p>\n<p><strong>Compatibilit\u00e0:<\/strong> Questo poggiapolsi \u00e8 progettato specificamente per il modello Lenovo Thinkpad T480s, garantendo una perfetta aderenza e un\u2019installazione senza problemi.<\/p>\n<p><strong>Garanzia di qualit\u00e0:<\/strong> Stai certo di investire in un componente originale per laptop Lenovo. I nostri poggiapolsi vengono sottoposti a rigorosi test per soddisfare le specifiche del produttore, offrendoti un componente affidabile e durevole.<\/p>\n<p><strong>Migliora il tuo laptop:<\/strong> Dai al tuo Thinkpad T480s un look fresco e funzionalit\u00e0 migliorate con questo poggiapolsi originale. Che tu stia sostituendo un componente danneggiato o migliorando l\u2019estetica del tuo laptop, questo componente \u00e8 la scelta perfetta.<\/p>\n<p><strong>Installazione semplice:<\/strong> Sebbene non forniamo istruzioni dettagliate, sostituire il poggiapolsi \u00e8 un processo semplice. In caso di problemi o domande, non esitare a contattarci per ricevere assistenza. Siamo qui per aiutarti!<\/p>\n<p><strong>Spedizioni in tutto il mondo:<\/strong> su siggmo.com offriamo spedizioni in tutto il mondo per consegnare ricambi per laptop di qualit\u00e0 ai clienti di tutto il mondo. Ordina in tutta sicurezza, sapendo che le foto reali nell\u2019inserzione raffigurano esattamente il componente che riceverai.<\/p>\n<p>Aggiorna il tuo Lenovo Thinkpad T480s con il meglio: ordina oggi stesso il tuo poggiapolsi originale Lenovo su siggmo.com!<\/p>\n","protected":false},"excerpt":{"rendered":"<p>Migliora il tuo Lenovo Thinkpad T480s con questo poggiapolsi originale, codice prodotto AM16Q000A00. Realizzato per garantire precisione e durata, il nostro ricambio originale per laptop Lenovo \u00e8 progettato per sostituire perfettamente il poggiapolsi esistente. Migliora l&#8217;estetica e la funzionalit\u00e0 del tuo laptop con questo componente di alta qualit\u00e0. Acquista in tutta sicurezza da siggmo.com, il tuo fornitore di fiducia per ricambi per laptop in Europa e nel mondo.<\/p>\n","protected":false},"featured_media":15717,"template":"","meta":[],"product_brand":[],"product_cat":[17],"product_tag":[],"class_list":{"0":"post-15666","1":"product","2":"type-product","3":"status-publish","4":"has-post-thumbnail","6":"product_cat-laptop-housing","8":"first","9":"instock","10":"taxable","11":"shipping-taxable","12":"purchasable","13":"product-type-simple"},"_links":{"self":[{"href":"https:\/\/boreait.com\/it\/wp-json\/wp\/v2\/product\/15666","targetHints":{"allow":["GET"]}}],"collection":[{"href":"https:\/\/boreait.com\/it\/wp-json\/wp\/v2\/product"}],"about":[{"href":"https:\/\/boreait.com\/it\/wp-json\/wp\/v2\/types\/product"}],"wp:featuredmedia":[{"embeddable":true,"href":"https:\/\/boreait.com\/it\/wp-json\/wp\/v2\/media\/15717"}],"wp:attachment":[{"href":"https:\/\/boreait.com\/it\/wp-json\/wp\/v2\/media?parent=15666"}],"wp:term":[{"taxonomy":"product_brand","embeddable":true,"href":"https:\/\/boreait.com\/it\/wp-json\/wp\/v2\/product_brand?post=15666"},{"taxonomy":"product_cat","embeddable":true,"href":"https:\/\/boreait.com\/it\/wp-json\/wp\/v2\/product_cat?post=15666"},{"taxonomy":"product_tag","embeddable":true,"href":"https:\/\/boreait.com\/it\/wp-json\/wp\/v2\/product_tag?post=15666"}],"curies":[{"name":"wp","href":"https:\/\/api.w.org\/{rel}","templated":true}]}}