{"id":15643,"date":"2025-07-25T12:12:18","date_gmt":"2025-07-25T12:12:18","guid":{"rendered":"https:\/\/boreait.com\/it\/?post_type=product&#038;p=15643"},"modified":"2025-07-25T12:12:57","modified_gmt":"2025-07-25T12:12:57","slug":"scheda-luminosa-ls-e091p-cdm80-per-laptop-dell-precision-3520-ricambi-originali-oem-per-laptop","status":"publish","type":"product","link":"https:\/\/boreait.com\/it\/product\/scheda-luminosa-ls-e091p-cdm80-per-laptop-dell-precision-3520-ricambi-originali-oem-per-laptop\/","title":{"rendered":"Scheda luminosa LS-E091P CDM80 per laptop Dell Precision 3520 &#8211; Ricambi originali OEM per laptop"},"content":{"rendered":"<p>Migliora la funzionalit\u00e0 del tuo laptop Dell Precision 3520 con la scheda indicatori luminosi LS-E091P CDM80, un componente OEM originale disponibile esclusivamente su Siggmo.com. Realizzata con precisione, questa scheda indicatori luminosi \u00e8 progettata per sostituire perfettamente il componente esistente del tuo laptop.<\/p>\n<p><strong>Compatibilit\u00e0:<\/strong> Questa scheda \u00e8 progettata specificamente per il modello Dell Precision 3520, garantendo una perfetta compatibilit\u00e0 e prestazioni ottimali. Che tu sia un appassionato di tecnologia o un professionista alla ricerca di componenti affidabili per laptop, la nostra scheda indicatori luminosi \u00e8 la scelta ideale.<\/p>\n<p><strong>Garanzia di qualit\u00e0:<\/strong> Su Siggmo.com, diamo priorit\u00e0 alla qualit\u00e0 e all\u2019autenticit\u00e0. La nostra scheda indicatori luminosi \u00e8 un componente OEM originale, garantendo la stessa qualit\u00e0 del componente originale. Puoi stare certo di investire in un componente che soddisfa gli elevati standard dei laptop Dell.<\/p>\n<p><strong>Sostituzione semplice:<\/strong> Comprendiamo l\u2019importanza di sostituzioni senza problemi. Sebbene non forniamo istruzioni specifiche, la scheda spia LS-E091P CDM80 \u00e8 progettata per un\u2019installazione semplice. Per ulteriore assistenza, non esitate a contattarci.<\/p>\n<p><strong>Spedizioni in tutto il mondo:<\/strong> Siggmo.com non serve solo i clienti in Europa, ma si rivolge anche a un pubblico globale. Ovunque vi troviate, la nostra affidabile spedizione in tutto il mondo vi garantisce di poter accedere facilmente a ricambi originali per laptop Dell.<\/p>\n<p><strong>Foto reali, ricambi reali:<\/strong> Le foto in questo annuncio sono rappresentazioni autentiche della scheda spia che riceverete. Crediamo nella trasparenza e ci\u00f2 che vedete \u00e8 ci\u00f2 che ricevete: un ricambio per laptop Dell di alta qualit\u00e0.<\/p>\n<p>Migliora le prestazioni del tuo laptop Dell Precision 3520 con la scheda spia LS-E091P CDM80. Ordina ora per sperimentare funzionalit\u00e0 e affidabilit\u00e0 impeccabili a ogni pressione di tasto. Per qualsiasi domanda o ulteriore assistenza, non esitate a contattarci. Siggmo.com \u00e8 il tuo fornitore di fiducia per ricambi originali per laptop.<\/p>\n","protected":false},"excerpt":{"rendered":"<p>Migliora le prestazioni del tuo laptop Dell Precision 3520 con la scheda indicatori luminosi LS-E091P CDM80. Questo ricambio originale OEM per laptop garantisce la perfetta compatibilit\u00e0 e funzionalit\u00e0, offrendo una sostituzione impeccabile del componente originale. Affidati alla qualit\u00e0 e all&#8217;affidabilit\u00e0 del tuo laptop: ordinalo subito!<\/p>\n","protected":false},"featured_media":15689,"template":"","meta":[],"product_brand":[],"product_cat":[28],"product_tag":[18],"class_list":{"0":"post-15643","1":"product","2":"type-product","3":"status-publish","4":"has-post-thumbnail","6":"product_cat-motherboards-board-parts","7":"product_tag-dell","9":"first","10":"instock","11":"taxable","12":"shipping-taxable","13":"purchasable","14":"product-type-simple"},"_links":{"self":[{"href":"https:\/\/boreait.com\/it\/wp-json\/wp\/v2\/product\/15643","targetHints":{"allow":["GET"]}}],"collection":[{"href":"https:\/\/boreait.com\/it\/wp-json\/wp\/v2\/product"}],"about":[{"href":"https:\/\/boreait.com\/it\/wp-json\/wp\/v2\/types\/product"}],"wp:featuredmedia":[{"embeddable":true,"href":"https:\/\/boreait.com\/it\/wp-json\/wp\/v2\/media\/15689"}],"wp:attachment":[{"href":"https:\/\/boreait.com\/it\/wp-json\/wp\/v2\/media?parent=15643"}],"wp:term":[{"taxonomy":"product_brand","embeddable":true,"href":"https:\/\/boreait.com\/it\/wp-json\/wp\/v2\/product_brand?post=15643"},{"taxonomy":"product_cat","embeddable":true,"href":"https:\/\/boreait.com\/it\/wp-json\/wp\/v2\/product_cat?post=15643"},{"taxonomy":"product_tag","embeddable":true,"href":"https:\/\/boreait.com\/it\/wp-json\/wp\/v2\/product_tag?post=15643"}],"curies":[{"name":"wp","href":"https:\/\/api.w.org\/{rel}","templated":true}]}}