{"id":15626,"date":"2025-07-25T12:11:53","date_gmt":"2025-07-25T12:11:53","guid":{"rendered":"https:\/\/boreait.com\/it\/?post_type=product&#038;p=15626"},"modified":"2025-07-25T12:12:51","modified_gmt":"2025-07-25T12:12:51","slug":"scheda-indicatore-led-di-stato-originale-dell-latitude-5580-precision-3520-ls-e091p-ricambi-per-laptop","status":"publish","type":"product","link":"https:\/\/boreait.com\/it\/product\/scheda-indicatore-led-di-stato-originale-dell-latitude-5580-precision-3520-ls-e091p-ricambi-per-laptop\/","title":{"rendered":"Scheda indicatore LED di stato originale Dell Latitude 5580 Precision 3520 LS-E091P &#8211; Ricambi per laptop"},"content":{"rendered":"<p>Aggiorna e mantieni aggiornato il tuo laptop Dell Latitude 5580 o Precision 3520 con la scheda indicatore LED di stato originale LS-E091P. Questo componente Dell autentico garantisce compatibilit\u00e0 e funzionalit\u00e0, offrendoti la certezza di prestazioni di alta qualit\u00e0.<\/p>\n<p><strong>Caratteristiche principali:<\/strong><\/p>\n<ul>\n<li><strong>Compatibilit\u00e0:<\/strong> Progettata specificamente per i laptop Dell Latitude 5580 e Precision 3520.<\/li>\n<li><strong>Qualit\u00e0 originale:<\/strong> Garantisci l\u2019affidabilit\u00e0 e la longevit\u00e0 del tuo laptop scegliendo componenti Dell originali.<\/li>\n<li><strong>Scheda indicatore LED di stato:<\/strong> Questa scheda \u00e8 essenziale per monitorare lo stato del tuo laptop, offrendo indicazioni visive su alimentazione, batteria e altre funzioni importanti.<\/li>\n<li><strong>Installazione semplice:<\/strong> Pronta per l\u2019installazione fai da te. Per qualsiasi domanda, non esitate a contattarci.<\/li>\n<\/ul>\n<p><strong>Perch\u00e9 scegliere ricambi originali Dell?<\/strong> Scegliere ricambi originali Dell garantisce che il tuo laptop mantenga le specifiche, le prestazioni e l\u2019affidabilit\u00e0 originali. La scheda indicatore LED di stato LS-E091P non fa eccezione, offrendo la tranquillit\u00e0 che deriva dall\u2019uso di componenti autentici.<\/p>\n<p><strong>Informazioni sulla spedizione:<\/strong> Offriamo spedizioni in tutto il mondo e le immagini del prodotto che vedete sono le foto reali del componente che riceverete. Siamo orgogliosi di fornire ricambi di qualit\u00e0 per laptop ai nostri clienti in tutto il mondo.<\/p>\n<p>Si prega di notare che, sebbene non forniamo istruzioni specifiche per la sostituzione dei componenti, siamo qui per assistervi. Per qualsiasi domanda o necessit\u00e0 di ulteriore supporto, non esitate a contattarci. Aggiorna il tuo laptop in tutta sicurezza, scegli i ricambi originali Dell da siggmo.<\/p>\n","protected":false},"excerpt":{"rendered":"<p>Migliora il tuo laptop Dell Latitude 5580 o Precision 3520 con questa scheda indicatore LED di stato originale (codice articolo: LS-E091P). Assicurati una funzionalit\u00e0 ottimale e ricevi foto reali e di alta qualit\u00e0 del componente esatto che riceverai. Spedizione in tutto il mondo disponibile.<\/p>\n","protected":false},"featured_media":15684,"template":"","meta":[],"product_brand":[],"product_cat":[28],"product_tag":[18],"class_list":{"0":"post-15626","1":"product","2":"type-product","3":"status-publish","4":"has-post-thumbnail","6":"product_cat-motherboards-board-parts","7":"product_tag-dell","9":"first","10":"instock","11":"taxable","12":"shipping-taxable","13":"purchasable","14":"product-type-simple"},"_links":{"self":[{"href":"https:\/\/boreait.com\/it\/wp-json\/wp\/v2\/product\/15626","targetHints":{"allow":["GET"]}}],"collection":[{"href":"https:\/\/boreait.com\/it\/wp-json\/wp\/v2\/product"}],"about":[{"href":"https:\/\/boreait.com\/it\/wp-json\/wp\/v2\/types\/product"}],"wp:featuredmedia":[{"embeddable":true,"href":"https:\/\/boreait.com\/it\/wp-json\/wp\/v2\/media\/15684"}],"wp:attachment":[{"href":"https:\/\/boreait.com\/it\/wp-json\/wp\/v2\/media?parent=15626"}],"wp:term":[{"taxonomy":"product_brand","embeddable":true,"href":"https:\/\/boreait.com\/it\/wp-json\/wp\/v2\/product_brand?post=15626"},{"taxonomy":"product_cat","embeddable":true,"href":"https:\/\/boreait.com\/it\/wp-json\/wp\/v2\/product_cat?post=15626"},{"taxonomy":"product_tag","embeddable":true,"href":"https:\/\/boreait.com\/it\/wp-json\/wp\/v2\/product_tag?post=15626"}],"curies":[{"name":"wp","href":"https:\/\/api.w.org\/{rel}","templated":true}]}}