{"id":15545,"date":"2025-07-25T12:10:17","date_gmt":"2025-07-25T12:10:17","guid":{"rendered":"https:\/\/boreait.com\/it\/?post_type=product&#038;p=15545"},"modified":"2025-07-25T12:11:38","modified_gmt":"2025-07-25T12:11:38","slug":"pannello-di-copertura-della-base-inferiore-originale-dell-latitude-e7470-7470-1gv6n-01gv6n-parti-per-laptop","status":"publish","type":"product","link":"https:\/\/boreait.com\/it\/product\/pannello-di-copertura-della-base-inferiore-originale-dell-latitude-e7470-7470-1gv6n-01gv6n-parti-per-laptop\/","title":{"rendered":"Pannello di copertura della base inferiore originale Dell Latitude E7470 7470 1GV6N 01GV6N Parti per laptop"},"content":{"rendered":"<p>Aggiorna il tuo laptop Dell Latitude E7470 7470 con il pannello copribase inferiore originale Dell (1GV6N 01GV6N). Realizzato per garantire precisione e compatibilit\u00e0, questo componente garantisce una perfetta aderenza, ripristinando l\u2019estetica e l\u2019integrit\u00e0 strutturale del tuo dispositivo.<\/p>\n<p><strong>Compatibilit\u00e0:<\/strong> Questo pannello copribase inferiore \u00e8 progettato specificamente per la serie Dell Latitude E7470 7470, garantendo una sostituzione impeccabile. Verifica la compatibilit\u00e0 prima dell\u2019acquisto per un upgrade senza problemi.<\/p>\n<p><strong>Garanzia di qualit\u00e0:<\/strong> Noi di Siggmo diamo priorit\u00e0 alla qualit\u00e0. Questo componente originale Dell soddisfa rigorosi standard, garantendoti autenticit\u00e0 e durata. Sostituisci il tuo coperchio inferiore usurato o danneggiato in tutta sicurezza, sapendo di acquistare un prodotto originale che resister\u00e0 alla prova del tempo.<\/p>\n<p><strong>Installazione semplice:<\/strong> Sebbene non forniamo istruzioni dettagliate, la sostituzione del coperchio inferiore \u00e8 generalmente semplice. In caso di problemi o domande, non esitate a contattarci per ricevere assistenza. Siamo qui per aiutarvi a sfruttare al meglio il vostro acquisto.<\/p>\n<p>Spedizione e garanzia: le immagini in questa inserzione raffigurano il prodotto che riceverete. Siamo orgogliosi di offrire foto reali per darvi un\u2019idea chiara di cosa aspettarvi. La spedizione \u00e8 disponibile non solo in Europa, ma in tutto il mondo, garantendovi la possibilit\u00e0 di accedere a ricambi Dell originali ovunque vi troviate.<\/p>\n<p>Aggiorna il tuo laptop in tutta sicurezza: scegli il pannello di copertura inferiore della base originale Dell Latitude E7470 serie 7470 (1GV6N 01GV6N) da Siggmo, il tuo fornitore affidabile di ricambi autentici per laptop.<\/p>\n","protected":false},"excerpt":{"rendered":"<p>Sostituisci il coperchio inferiore usurato del tuo laptop con questo pannello di copertura inferiore originale per Dell Latitude E7470 serie 7470 (1GV6N 01GV6N). Progettato per adattarsi perfettamente, ripristina l&#8217;aspetto originale e protegge i componenti interni. Di alta qualit\u00e0 e resistente, garantisce la longevit\u00e0 del tuo laptop. Acquista con fiducia da Siggmo: il tuo fornitore di fiducia per ricambi originali per laptop.<\/p>\n","protected":false},"featured_media":15612,"template":"","meta":[],"product_brand":[],"product_cat":[17],"product_tag":[18],"class_list":{"0":"post-15545","1":"product","2":"type-product","3":"status-publish","4":"has-post-thumbnail","6":"product_cat-laptop-housing","7":"product_tag-dell","9":"first","10":"instock","11":"taxable","12":"shipping-taxable","13":"purchasable","14":"product-type-simple"},"_links":{"self":[{"href":"https:\/\/boreait.com\/it\/wp-json\/wp\/v2\/product\/15545","targetHints":{"allow":["GET"]}}],"collection":[{"href":"https:\/\/boreait.com\/it\/wp-json\/wp\/v2\/product"}],"about":[{"href":"https:\/\/boreait.com\/it\/wp-json\/wp\/v2\/types\/product"}],"wp:featuredmedia":[{"embeddable":true,"href":"https:\/\/boreait.com\/it\/wp-json\/wp\/v2\/media\/15612"}],"wp:attachment":[{"href":"https:\/\/boreait.com\/it\/wp-json\/wp\/v2\/media?parent=15545"}],"wp:term":[{"taxonomy":"product_brand","embeddable":true,"href":"https:\/\/boreait.com\/it\/wp-json\/wp\/v2\/product_brand?post=15545"},{"taxonomy":"product_cat","embeddable":true,"href":"https:\/\/boreait.com\/it\/wp-json\/wp\/v2\/product_cat?post=15545"},{"taxonomy":"product_tag","embeddable":true,"href":"https:\/\/boreait.com\/it\/wp-json\/wp\/v2\/product_tag?post=15545"}],"curies":[{"name":"wp","href":"https:\/\/api.w.org\/{rel}","templated":true}]}}