{"id":15477,"date":"2025-07-25T12:09:04","date_gmt":"2025-07-25T12:09:04","guid":{"rendered":"https:\/\/boreait.com\/it\/?post_type=product&#038;p=15477"},"modified":"2025-07-25T12:10:21","modified_gmt":"2025-07-25T12:10:21","slug":"scheda-madre-per-notebook-fujitsu-a574-cp666101-z2-ricambi-originali-oem-per-laptop","status":"publish","type":"product","link":"https:\/\/boreait.com\/it\/product\/scheda-madre-per-notebook-fujitsu-a574-cp666101-z2-ricambi-originali-oem-per-laptop\/","title":{"rendered":"Scheda madre per notebook Fujitsu A574 CP666101-Z2 &#8211; Ricambi originali OEM per laptop"},"content":{"rendered":"<p>Migliora le prestazioni del tuo notebook Fujitsu A574 con la scheda madre originale OEM A574, disponibile esclusivamente da Siggmo. Questa scheda madre \u00e8 un componente essenziale per il tuo laptop, in quanto fornisce le basi per un funzionamento impeccabile e un\u2019elaborazione efficiente. <\/p>\n<p><strong>Caratteristiche principali:<\/strong><\/p>\n<ul>\n<li><strong>Compatibilit\u00e0:<\/strong> Progettato specificamente per i notebook Fujitsu A574, garantisce una perfetta compatibilit\u00e0.<\/li>\n<li><strong>Codice prodotto Fujitsu:<\/strong> CP666101-Z2<\/li>\n<li><strong>OEM originale:<\/strong> Affidati all\u2019affidabilit\u00e0 e all\u2019autenticit\u00e0 dei nostri componenti per laptop.<\/li>\n<li><strong>Prestazioni ottimali:<\/strong> Sperimenta velocit\u00e0 e reattivit\u00e0 migliorate con la nostra scheda madre di alta qualit\u00e0.<\/li>\n<li><strong>Spedizioni in tutto il mondo:<\/strong> Offriamo opzioni di spedizione rapide e sicure, con consegna in Europa e in tutto il mondo.<\/li>\n<li><strong>Assistenza clienti:<\/strong> Hai domande o hai bisogno di assistenza? Contattaci e il nostro team di esperti sar\u00e0 lieto di aiutarti.<\/li>\n<\/ul>\n<p><strong>Nota:<\/strong><\/p>\n<ul>\n<li>Le istruzioni per la sostituzione della scheda madre non sono incluse. Se hai bisogno di assistenza, non esitare a contattarci.<\/li>\n<li>Tutte le immagini dei prodotti sono foto reali dei componenti che riceverai, a dimostrazione del nostro impegno per la trasparenza e la garanzia della qualit\u00e0.<\/li>\n<\/ul>\n<p>Aggiorna oggi stesso il tuo notebook Fujitsu A574 con la scheda madre OEM A574 originale di Siggmo. Affidati alla nostra competenza per fornirti componenti affidabili per laptop e un\u2019esperienza di elaborazione migliorata.<\/p>\n","protected":false},"excerpt":{"rendered":"<p>Aggiorna il tuo notebook Fujitsu A574 con la nostra scheda madre originale OEM A574. Garantisci prestazioni e affidabilit\u00e0 ottimali con questo componente di alta qualit\u00e0. Spedizione rapida e sicura disponibile in tutta Europa e nel mondo. Contattaci per ulteriori informazioni.<\/p>\n","protected":false},"featured_media":15549,"template":"","meta":[],"product_brand":[],"product_cat":[28],"product_tag":[29],"class_list":{"0":"post-15477","1":"product","2":"type-product","3":"status-publish","4":"has-post-thumbnail","6":"product_cat-motherboards-board-parts","7":"product_tag-fujitsu","9":"first","10":"instock","11":"taxable","12":"shipping-taxable","13":"purchasable","14":"product-type-simple"},"_links":{"self":[{"href":"https:\/\/boreait.com\/it\/wp-json\/wp\/v2\/product\/15477","targetHints":{"allow":["GET"]}}],"collection":[{"href":"https:\/\/boreait.com\/it\/wp-json\/wp\/v2\/product"}],"about":[{"href":"https:\/\/boreait.com\/it\/wp-json\/wp\/v2\/types\/product"}],"wp:featuredmedia":[{"embeddable":true,"href":"https:\/\/boreait.com\/it\/wp-json\/wp\/v2\/media\/15549"}],"wp:attachment":[{"href":"https:\/\/boreait.com\/it\/wp-json\/wp\/v2\/media?parent=15477"}],"wp:term":[{"taxonomy":"product_brand","embeddable":true,"href":"https:\/\/boreait.com\/it\/wp-json\/wp\/v2\/product_brand?post=15477"},{"taxonomy":"product_cat","embeddable":true,"href":"https:\/\/boreait.com\/it\/wp-json\/wp\/v2\/product_cat?post=15477"},{"taxonomy":"product_tag","embeddable":true,"href":"https:\/\/boreait.com\/it\/wp-json\/wp\/v2\/product_tag?post=15477"}],"curies":[{"name":"wp","href":"https:\/\/api.w.org\/{rel}","templated":true}]}}