{"id":15301,"date":"2025-07-25T12:05:46","date_gmt":"2025-07-25T12:05:46","guid":{"rendered":"https:\/\/boreait.com\/it\/?post_type=product&#038;p=15301"},"modified":"2025-07-25T12:06:40","modified_gmt":"2025-07-25T12:06:40","slug":"cornice-display-coperchio-e-custodia-per-fujitsu-lifebook-e546-ricambi-originali-per-laptop","status":"publish","type":"product","link":"https:\/\/boreait.com\/it\/product\/cornice-display-coperchio-e-custodia-per-fujitsu-lifebook-e546-ricambi-originali-per-laptop\/","title":{"rendered":"Cornice display, coperchio e custodia per Fujitsu Lifebook E546 &#8211; Ricambi originali per laptop"},"content":{"rendered":"<p>Aggiorna il tuo Fujitsu Lifebook E546 con la nostra custodia premium con cornice e coperchio display. Progettata per una perfetta aderenza e realizzata con precisione, questa custodia originale per laptop garantisce durata e affidabilit\u00e0. Che tu stia sostituendo una cornice danneggiata o desideri migliorare l\u2019aspetto del tuo laptop, questa custodia con cornice e coperchio \u00e8 la scelta perfetta.<\/p>\n<p><strong>Caratteristiche:<\/strong><\/p>\n<ul>\n<li>Custodia originale con cornice e coperchio display Fujitsu Lifebook E546<\/li>\n<li>Progettazione di precisione per una vestibilit\u00e0 perfetta<\/li>\n<li>Migliora l\u2019estetica generale del tuo laptop<\/li>\n<li>Costruzione resistente e affidabile<\/li>\n<\/ul>\n<p><strong>Compatibilit\u00e0:<\/strong> Questa custodia con cornice e coperchio \u00e8 progettata specificamente per i laptop Fujitsu Lifebook E546, garantendo compatibilit\u00e0 e facilit\u00e0 di installazione. La soluzione perfetta per rinnovare l\u2019aspetto del tuo dispositivo. <\/p>\n<p><strong>Nota:<\/strong> forniamo foto reali dei componenti che riceverete. Per qualsiasi domanda o assistenza con l\u2019installazione, non esitate a contattarci. Sebbene non forniamo istruzioni dettagliate, siamo qui per aiutarvi a ottenere il massimo dal vostro acquisto.<\/p>\n<p>Migliora l\u2019esperienza del tuo laptop con la nostra custodia originale Fujitsu Lifebook E546 con cornice, involucro e coperchio. Ordina ora e approfitta di una spedizione rapida in tutto il mondo.<\/p>\n","protected":false},"excerpt":{"rendered":"<p>Valorizza il tuo Fujitsu Lifebook E546 con questa custodia originale per cornice e coperchio del display. Realizzata con la massima precisione, questa parte per laptop garantisce una vestibilit\u00e0 perfetta e aggiunge un tocco di raffinatezza. Sostituisci la tua cornice usurata con questa custodia di alta qualit\u00e0, che migliorer\u00e0 l&#8217;estetica complessiva del tuo dispositivo.<\/p>\n","protected":false},"featured_media":15360,"template":"","meta":[],"product_brand":[],"product_cat":[17],"product_tag":[29],"class_list":{"0":"post-15301","1":"product","2":"type-product","3":"status-publish","4":"has-post-thumbnail","6":"product_cat-laptop-housing","7":"product_tag-fujitsu","9":"first","10":"instock","11":"taxable","12":"shipping-taxable","13":"purchasable","14":"product-type-simple"},"_links":{"self":[{"href":"https:\/\/boreait.com\/it\/wp-json\/wp\/v2\/product\/15301","targetHints":{"allow":["GET"]}}],"collection":[{"href":"https:\/\/boreait.com\/it\/wp-json\/wp\/v2\/product"}],"about":[{"href":"https:\/\/boreait.com\/it\/wp-json\/wp\/v2\/types\/product"}],"wp:featuredmedia":[{"embeddable":true,"href":"https:\/\/boreait.com\/it\/wp-json\/wp\/v2\/media\/15360"}],"wp:attachment":[{"href":"https:\/\/boreait.com\/it\/wp-json\/wp\/v2\/media?parent=15301"}],"wp:term":[{"taxonomy":"product_brand","embeddable":true,"href":"https:\/\/boreait.com\/it\/wp-json\/wp\/v2\/product_brand?post=15301"},{"taxonomy":"product_cat","embeddable":true,"href":"https:\/\/boreait.com\/it\/wp-json\/wp\/v2\/product_cat?post=15301"},{"taxonomy":"product_tag","embeddable":true,"href":"https:\/\/boreait.com\/it\/wp-json\/wp\/v2\/product_tag?post=15301"}],"curies":[{"name":"wp","href":"https:\/\/api.w.org\/{rel}","templated":true}]}}