{"id":15284,"date":"2025-07-25T12:05:24","date_gmt":"2025-07-25T12:05:24","guid":{"rendered":"https:\/\/boreait.com\/it\/?post_type=product&#038;p=15284"},"modified":"2025-07-25T12:06:25","modified_gmt":"2025-07-25T12:06:25","slug":"sostituzione-della-scheda-del-pulsante-di-accensione-del-fujitsu-lifebook-e546-ricambi-originali-per-laptop","status":"publish","type":"product","link":"https:\/\/boreait.com\/it\/product\/sostituzione-della-scheda-del-pulsante-di-accensione-del-fujitsu-lifebook-e546-ricambi-originali-per-laptop\/","title":{"rendered":"Sostituzione della scheda del pulsante di accensione del Fujitsu Lifebook E546 &#8211; Ricambi originali per laptop"},"content":{"rendered":"<p>Aumenta la funzionalit\u00e0 del tuo Fujitsu Lifebook E546 con la nostra scheda pulsanti di alimentazione originale OEM. Realizzata per garantire precisione e compatibilit\u00e0, questa scheda pulsanti di alimentazione garantisce un\u2019installazione impeccabile e prestazioni affidabili.<\/p>\n<p><strong>Compatibilit\u00e0:<\/strong><\/p>\n<p>Questa scheda pulsanti di alimentazione \u00e8 progettata specificamente per il modello Fujitsu Lifebook E546, garantendo una compatibilit\u00e0 perfetta. Che il pulsante di accensione non risponda o non funzioni correttamente, questo ricambio \u00e8 la soluzione ideale.<\/p>\n<p><strong>Garanzia di qualit\u00e0:<\/strong><\/p>\n<p>In Siggmo, diamo priorit\u00e0 alla qualit\u00e0 e all\u2019affidabilit\u00e0. La nostra scheda pulsanti di alimentazione viene sottoposta a rigorosi test per soddisfare gli standard del settore. Puoi stare certo che riceverai un prodotto che soddisfa o supera le specifiche originali.<\/p>\n<p><strong>Installazione semplice:<\/strong><\/p>\n<p>Non c\u2019\u00e8 bisogno di essere un esperto di tecnologia: la nostra scheda pulsanti di alimentazione \u00e8 dotata di un\u2019installazione intuitiva. Tuttavia, se hai bisogno di assistenza, non esitare a contattarci. Sebbene non forniamo istruzioni dettagliate, siamo qui per supportarti durante il processo.<\/p>\n<p><strong>Spedizioni in tutto il mondo:<\/strong><\/p>\n<p>Con sede in Europa, offriamo spedizioni globali per garantire ai clienti di tutto il mondo l\u2019accesso a ricambi originali per laptop. Ricevi la scheda del pulsante di accensione esatta che vedi nelle foto: immagini reali del prodotto che riceverai.<\/p>\n<p>Aumenta la longevit\u00e0 del tuo Fujitsu Lifebook E546 con questa scheda del pulsante di accensione sostitutiva. Affidati a Siggmo per ricambi affidabili per laptop e goditi un\u2019esperienza di acquisto online impeccabile. Per qualsiasi domanda o per ulteriore assistenza, non esitare a contattarci.<\/p>\n","protected":false},"excerpt":{"rendered":"<p>Sostituisci la scheda del pulsante di alimentazione del tuo Fujitsu Lifebook E546 con questo ricambio originale OEM. Progettata per una facile installazione, questa scheda del pulsante di alimentazione garantisce prestazioni ottimali. Rendi operativo il tuo laptop con ricambi di alta qualit\u00e0 Siggmo.<\/p>\n","protected":false},"featured_media":15341,"template":"","meta":[],"product_brand":[],"product_cat":[28],"product_tag":[29],"class_list":{"0":"post-15284","1":"product","2":"type-product","3":"status-publish","4":"has-post-thumbnail","6":"product_cat-motherboards-board-parts","7":"product_tag-fujitsu","9":"first","10":"instock","11":"taxable","12":"shipping-taxable","13":"purchasable","14":"product-type-simple"},"_links":{"self":[{"href":"https:\/\/boreait.com\/it\/wp-json\/wp\/v2\/product\/15284","targetHints":{"allow":["GET"]}}],"collection":[{"href":"https:\/\/boreait.com\/it\/wp-json\/wp\/v2\/product"}],"about":[{"href":"https:\/\/boreait.com\/it\/wp-json\/wp\/v2\/types\/product"}],"wp:featuredmedia":[{"embeddable":true,"href":"https:\/\/boreait.com\/it\/wp-json\/wp\/v2\/media\/15341"}],"wp:attachment":[{"href":"https:\/\/boreait.com\/it\/wp-json\/wp\/v2\/media?parent=15284"}],"wp:term":[{"taxonomy":"product_brand","embeddable":true,"href":"https:\/\/boreait.com\/it\/wp-json\/wp\/v2\/product_brand?post=15284"},{"taxonomy":"product_cat","embeddable":true,"href":"https:\/\/boreait.com\/it\/wp-json\/wp\/v2\/product_cat?post=15284"},{"taxonomy":"product_tag","embeddable":true,"href":"https:\/\/boreait.com\/it\/wp-json\/wp\/v2\/product_tag?post=15284"}],"curies":[{"name":"wp","href":"https:\/\/api.w.org\/{rel}","templated":true}]}}