{"id":15220,"date":"2025-07-25T12:04:06","date_gmt":"2025-07-25T12:04:06","guid":{"rendered":"https:\/\/boreait.com\/it\/?post_type=product&#038;p=15220"},"modified":"2026-01-19T08:36:31","modified_gmt":"2026-01-19T08:36:31","slug":"ricambi-originali-per-laptop-dell-latitude-e5430-smartcard-reader-board-ls-790ep-0d5kxg","status":"publish","type":"product","link":"https:\/\/boreait.com\/it\/product\/ricambi-originali-per-laptop-dell-latitude-e5430-smartcard-reader-board-ls-790ep-0d5kxg\/","title":{"rendered":"Ricambi originali per laptop Dell Latitude E5430 SmartCard Reader Board LS-790EP 0D5KXG"},"content":{"rendered":"<p>Aggiorna il tuo Dell Latitude E5430 con la scheda lettore di smartcard Dell originale (codice prodotto: LS-790EP, codice prodotto Dell: 0D5KXG). Questo componente originale per laptop garantisce compatibilit\u00e0 e affidabilit\u00e0, offrendo funzionalit\u00e0 di sicurezza avanzate. <\/p>\n<p><strong>Dettagli del prodotto:<\/strong><\/p>\n<ul>\n<li><strong>Compatibilit\u00e0:<\/strong> Dell Latitude E5430<\/li>\n<li><strong>Codice prodotto:<\/strong> LS-790EP, codice prodotto Dell: 0D5KXG<\/li>\n<li><strong>Condizioni:<\/strong> Originale, testato e garantito per il funzionamento<\/li>\n<li><strong>Sicurezza avanzata:<\/strong> la scheda del lettore di SmartCard aggiunge un ulteriore livello di sicurezza al tuo laptop, garantendo la sicurezza dei tuoi dati.<\/li>\n<\/ul>\n<p><strong>Informazioni sulla spedizione:<\/strong><\/p>\n<ul>\n<li>Offriamo spedizioni rapide e affidabili in tutta Europa e nel mondo.<\/li>\n<li>Tutte le immagini dei prodotti sono foto reali del componente che riceverai.<\/li>\n<li>Siamo orgogliosi di consegnare componenti per laptop di qualit\u00e0 ai nostri clienti.<\/li>\n<\/ul>\n<p><strong>Nota:<\/strong><\/p>\n<ul>\n<li>Le istruzioni per la sostituzione del componente non sono incluse, ma non esitate a contattarci per qualsiasi assistenza.<\/li>\n<li>La vostra soddisfazione \u00e8 la nostra priorit\u00e0. Per qualsiasi domanda o dubbio, non esitate a contattarci.<\/li>\n<\/ul>\n<p>Aggiorna il tuo Dell Latitude E5430 con questa scheda lettore SmartCard originale e scopri la praticit\u00e0 e la sicurezza che offre. Ordina ora e goditi un\u2019esperienza di acquisto senza interruzioni con Siggmo!<\/p>\n","protected":false},"excerpt":{"rendered":"<p>Potenzia il tuo Dell Latitude E5430 con questa scheda lettore SmartCard originale (codice prodotto: LS-790EP, codice prodotto Dell: 0D5KXG). Questo ricambio originale Dell per laptop offre maggiore sicurezza e praticit\u00e0. Spedizione rapida disponibile in tutta Europa e nel resto del mondo. Contattaci per qualsiasi assistenza!<\/p>\n","protected":false},"featured_media":15289,"template":"","meta":[],"product_brand":[],"product_cat":[28],"product_tag":[18],"class_list":{"0":"post-15220","1":"product","2":"type-product","3":"status-publish","4":"has-post-thumbnail","6":"product_cat-motherboards-board-parts","7":"product_tag-dell","9":"first","10":"instock","11":"taxable","12":"shipping-taxable","13":"purchasable","14":"product-type-simple"},"_links":{"self":[{"href":"https:\/\/boreait.com\/it\/wp-json\/wp\/v2\/product\/15220","targetHints":{"allow":["GET"]}}],"collection":[{"href":"https:\/\/boreait.com\/it\/wp-json\/wp\/v2\/product"}],"about":[{"href":"https:\/\/boreait.com\/it\/wp-json\/wp\/v2\/types\/product"}],"wp:featuredmedia":[{"embeddable":true,"href":"https:\/\/boreait.com\/it\/wp-json\/wp\/v2\/media\/15289"}],"wp:attachment":[{"href":"https:\/\/boreait.com\/it\/wp-json\/wp\/v2\/media?parent=15220"}],"wp:term":[{"taxonomy":"product_brand","embeddable":true,"href":"https:\/\/boreait.com\/it\/wp-json\/wp\/v2\/product_brand?post=15220"},{"taxonomy":"product_cat","embeddable":true,"href":"https:\/\/boreait.com\/it\/wp-json\/wp\/v2\/product_cat?post=15220"},{"taxonomy":"product_tag","embeddable":true,"href":"https:\/\/boreait.com\/it\/wp-json\/wp\/v2\/product_tag?post=15220"}],"curies":[{"name":"wp","href":"https:\/\/api.w.org\/{rel}","templated":true}]}}