{"id":15190,"date":"2025-07-25T12:03:12","date_gmt":"2025-07-25T12:03:12","guid":{"rendered":"https:\/\/boreait.com\/it\/?post_type=product&#038;p=15190"},"modified":"2025-07-25T12:04:59","modified_gmt":"2025-07-25T12:04:59","slug":"hp-chromebook-x360-11-g3-ee-intel-ac-9560-ngff-173-gbps-ricambi-originali-per-laptop","status":"publish","type":"product","link":"https:\/\/boreait.com\/it\/product\/hp-chromebook-x360-11-g3-ee-intel-ac-9560-ngff-173-gbps-ricambi-originali-per-laptop\/","title":{"rendered":"HP Chromebook X360 11 G3 EE Intel AC 9560 NGFF 1,73 Gbps &#8211; Ricambi originali per laptop"},"content":{"rendered":"<p>Migliora le prestazioni del tuo HP Chromebook X360 11 G3 EE con la scheda wireless Intel Dual Band AC 9560NGW NGFF originale, disponibile esclusivamente da Siggmo. Questa scheda NGFF \u00e8 progettata per offrire una connettivit\u00e0 impeccabile con velocit\u00e0 impressionanti fino a 1,73 Gbps, garantendo un\u2019esperienza online fluida per lavoro, studio o intrattenimento.<\/p>\n<p><strong>Compatibilit\u00e0:<\/strong> Progettata specificamente per HP Chromebook X360 11 G3 EE, questa scheda NGFF \u00e8 un ricambio originale che garantisce prestazioni ottimali. \u00c8 un prodotto Intel originale, che garantisce affidabilit\u00e0 e compatibilit\u00e0 con il tuo dispositivo.<\/p>\n<p><strong>Eccellenza wireless:<\/strong> Scopri la potenza della tecnologia Intel Dual Band, che offre non solo connessioni wireless ad alta velocit\u00e0, ma anche maggiore affidabilit\u00e0 e stabilit\u00e0. Che tu stia riproducendo video HD in streaming, partecipando a videoconferenze o giocando online, questa scheda AC 9560NGW NGFF offre prestazioni di altissimo livello. <\/p>\n<p><strong>Installazione semplice:<\/strong> aggiorna il tuo laptop senza problemi con la nostra scheda Intel NGFF originale. Sebbene non forniamo istruzioni specifiche per la sostituzione, non esitare a contattarci per qualsiasi domanda. Le nostre foto dei prodotti reali mostrano esattamente ci\u00f2 che riceverai, garantendo la trasparenza del tuo acquisto.<\/p>\n<p><strong>Spedizione in tutto il mondo:<\/strong> Siggmo \u00e8 il tuo fornitore globale di componenti autentici per laptop. Comprendiamo l\u2019importanza di componenti affidabili e il nostro impegno per la qualit\u00e0 si riflette in ogni prodotto che offriamo. Offriamo spedizioni in tutto il mondo, quindi ovunque tu sia, affidati a noi per la consegna dei componenti per laptop di cui hai bisogno.<\/p>\n<p><strong>Nota:<\/strong> Crediamo nell\u2019importanza di dare potere ai nostri clienti. Sebbene non includiamo istruzioni dettagliate per la sostituzione, il nostro team \u00e8 qui per assisterti. Per qualsiasi domanda o assistenza durante l\u2019installazione, non esitare a contattarci. <\/p>\n<p>Aggiorna oggi stesso il tuo HP Chromebook X360 11 G3 EE con la scheda Intel Dual Band AC 9560NGW NGFF di Siggmo. Affidati a qualit\u00e0, prestazioni e spedizioni in tutto il mondo. Acquista ricambi originali per laptop in tutta sicurezza!<\/p>\n","protected":false},"excerpt":{"rendered":"<p>Aggiorna il tuo HP Chromebook X360 11 G3 EE con questa scheda Intel Dual Band AC 9560NGW NGFF originale. Goditi velocit\u00e0 wireless incredibili fino a 1,73 Gbps. Affidati a Siggmo.com per ricambi originali per laptop, spediti in tutto il mondo.<\/p>\n","protected":false},"featured_media":15265,"template":"","meta":[],"product_brand":[],"product_cat":[28],"product_tag":[26],"class_list":{"0":"post-15190","1":"product","2":"type-product","3":"status-publish","4":"has-post-thumbnail","6":"product_cat-motherboards-board-parts","7":"product_tag-hp","9":"first","10":"instock","11":"taxable","12":"shipping-taxable","13":"purchasable","14":"product-type-simple"},"_links":{"self":[{"href":"https:\/\/boreait.com\/it\/wp-json\/wp\/v2\/product\/15190","targetHints":{"allow":["GET"]}}],"collection":[{"href":"https:\/\/boreait.com\/it\/wp-json\/wp\/v2\/product"}],"about":[{"href":"https:\/\/boreait.com\/it\/wp-json\/wp\/v2\/types\/product"}],"wp:featuredmedia":[{"embeddable":true,"href":"https:\/\/boreait.com\/it\/wp-json\/wp\/v2\/media\/15265"}],"wp:attachment":[{"href":"https:\/\/boreait.com\/it\/wp-json\/wp\/v2\/media?parent=15190"}],"wp:term":[{"taxonomy":"product_brand","embeddable":true,"href":"https:\/\/boreait.com\/it\/wp-json\/wp\/v2\/product_brand?post=15190"},{"taxonomy":"product_cat","embeddable":true,"href":"https:\/\/boreait.com\/it\/wp-json\/wp\/v2\/product_cat?post=15190"},{"taxonomy":"product_tag","embeddable":true,"href":"https:\/\/boreait.com\/it\/wp-json\/wp\/v2\/product_tag?post=15190"}],"curies":[{"name":"wp","href":"https:\/\/api.w.org\/{rel}","templated":true}]}}