{"id":15130,"date":"2025-07-25T12:01:57","date_gmt":"2025-07-25T12:01:57","guid":{"rendered":"https:\/\/boreait.com\/it\/?post_type=product&#038;p=15130"},"modified":"2025-07-25T12:03:30","modified_gmt":"2025-07-25T12:03:30","slug":"tastiera-di-ricambio-foxconn-641180-001-per-hp-probook-550-10mg00-515-g11080301sm-tasti-singoli-layout-uk","status":"publish","type":"product","link":"https:\/\/boreait.com\/it\/product\/tastiera-di-ricambio-foxconn-641180-001-per-hp-probook-550-10mg00-515-g11080301sm-tasti-singoli-layout-uk\/","title":{"rendered":"TASTIERA DI RICAMBIO FOXCONN [641180-001] per HP ProBook 550 | 10MG00-515-G11080301SM | Tasti singoli | Layout UK"},"content":{"rendered":"<p><strong>I TASTI DISPONIBILI SONO VISUALIZZABILI NELLA FOTO DELL\u2019INSERIMENTO!<\/strong><\/p>\n<p>Inviaci un messaggio dopo aver effettuato un ordine e facci sapere di quale\/i tasto\/i hai bisogno.<\/p>\n<p>Migliora la tastiera del tuo HP ProBook 550 con il nostro tasto di ricambio originale FOXCONN (641180-001). Questo componente singolo per laptop (9Z.N6GSF,MOU) con layout UK \u00e8 la soluzione perfetta per sostituire i tasti mancanti o danneggiati.<\/p>\n<p>L\u2019autenticit\u00e0 \u00e8 la nostra priorit\u00e0 e le foto reali del prodotto nell\u2019inserzione offrono una chiara visione del tasto e delle cerniere inclusi nella confezione. Il set completo comprende il tasto della tastiera e le clip (cerniere), garantendo una sostituzione senza problemi.<\/p>\n<p>Nota importante: non forniamo istruzioni dettagliate, ma siamo qui per assisterti. Non esitare a contattarci per un supporto personalizzato. Per preservare l\u2019integrit\u00e0 del tuo laptop, evita di forzare il nuovo tasto in posizione, poich\u00e9 le cerniere sono delicate. Tutti i tasti disponibili sono mostrati nella foto dell\u2019annuncio, per aiutarti a scegliere quello perfetto per il tuo HP ProBook 550.<\/p>\n<p>Per garantire la compatibilit\u00e0, confronta i codici prodotto, inclusi 9Z.N6GSF, MOU, e verifica il layout del Regno Unito. Ogni tasto \u00e8 un ricambio autentico, realizzato con precisione per un\u2019esperienza di digitazione confortevole.<\/p>\n<p>Quando inserisci il nuovo tasto, fai attenzione e fai riferimento alla foto che illustra il meccanismo del tasto per verificare la compatibilit\u00e0 con il tuo modello di tastiera.<\/p>\n<p>Scegli il nostro tasto di ricambio FOXCONN per tastiera HP ProBook 550 per qualit\u00e0, autenticit\u00e0 e una sostituzione senza intoppi. Migliora le funzionalit\u00e0 del tuo laptop oggi stesso e puoi stare certo che siamo qui per supportarti durante tutto il tuo percorso di acquisto.<\/p>\n","protected":false},"excerpt":{"rendered":"<p>Aggiorna la tastiera del tuo HP ProBook 550 con il nostro tasto di ricambio originale FOXCONN (641180-001). Questo tasto singolo con layout UK (9Z.N6GSF,MOU) \u00e8 perfetto per te, include il tasto e le clip per una facile installazione. Le foto reali del prodotto ne garantiscono l&#8217;autenticit\u00e0. Contattaci per assistenza personalizzata, poich\u00e9 non vengono fornite istruzioni.<\/p>\n","protected":false},"featured_media":15200,"template":"","meta":[],"product_brand":[],"product_cat":[25],"product_tag":[26],"class_list":{"0":"post-15130","1":"product","2":"type-product","3":"status-publish","4":"has-post-thumbnail","6":"product_cat-individual-keyboard-keys","7":"product_tag-hp","9":"first","10":"instock","11":"taxable","12":"shipping-taxable","13":"purchasable","14":"product-type-simple"},"_links":{"self":[{"href":"https:\/\/boreait.com\/it\/wp-json\/wp\/v2\/product\/15130","targetHints":{"allow":["GET"]}}],"collection":[{"href":"https:\/\/boreait.com\/it\/wp-json\/wp\/v2\/product"}],"about":[{"href":"https:\/\/boreait.com\/it\/wp-json\/wp\/v2\/types\/product"}],"wp:featuredmedia":[{"embeddable":true,"href":"https:\/\/boreait.com\/it\/wp-json\/wp\/v2\/media\/15200"}],"wp:attachment":[{"href":"https:\/\/boreait.com\/it\/wp-json\/wp\/v2\/media?parent=15130"}],"wp:term":[{"taxonomy":"product_brand","embeddable":true,"href":"https:\/\/boreait.com\/it\/wp-json\/wp\/v2\/product_brand?post=15130"},{"taxonomy":"product_cat","embeddable":true,"href":"https:\/\/boreait.com\/it\/wp-json\/wp\/v2\/product_cat?post=15130"},{"taxonomy":"product_tag","embeddable":true,"href":"https:\/\/boreait.com\/it\/wp-json\/wp\/v2\/product_tag?post=15130"}],"curies":[{"name":"wp","href":"https:\/\/api.w.org\/{rel}","templated":true}]}}