{"id":15129,"date":"2025-07-25T12:01:57","date_gmt":"2025-07-25T12:01:57","guid":{"rendered":"https:\/\/boreait.com\/it\/?post_type=product&#038;p=15129"},"modified":"2025-09-25T05:58:49","modified_gmt":"2025-09-25T05:58:49","slug":"tasti-per-tastiera-portatile-hp-elitebook-840-g1-g2-850-g1-g2-zbook-14-g1-g2-15u-g2-6037boo85805-layout-uk-tasto-singolo","status":"publish","type":"product","link":"https:\/\/boreait.com\/it\/product\/tasti-per-tastiera-portatile-hp-elitebook-840-g1-g2-850-g1-g2-zbook-14-g1-g2-15u-g2-6037boo85805-layout-uk-tasto-singolo\/","title":{"rendered":"Tasti per tastiera portatile HP EliteBook 840 G1 G2, 850 G1 G2, ZBook 14 G1\/G2, 15u G2 | 6037BOO85805 | Layout UK | Tasto singolo"},"content":{"rendered":"<div class=\"flex-1 overflow-hidden\">\n<div class=\"react-scroll-to-bottom--css-jgrcx-79elbk h-full\">\n<div class=\"react-scroll-to-bottom--css-jgrcx-1n7m0yu\">\n<div class=\"flex flex-col pb-9 text-sm\">\n<div class=\"w-full text-token-text-primary\" data-testid=\"conversation-turn-13\">\n<div class=\"px-4 py-2 justify-center text-base md:gap-6 m-auto\">\n<div class=\"flex flex-1 text-base mx-auto gap-3 md:px-5 lg:px-1 xl:px-5 md:max-w-3xl lg:max-w-[40rem] xl:max-w-[48rem] gruppo completamento-finale\">\n<div class=\"relative flex w-full flex-col lg:w-[calc(100%-115px)] agent-turn\">\n<div class=\"flex-col gap-1 md:gap-3\">\n<div class=\"flex flex-grow flex-col max-w-full\">\n<div class=\"min-h-[20px] messaggio-di-testo flex flex-col elementi-inizio gap-3 spazi-pre-a capo break-words [.text-message+&]:mt-5 overflow-x-auto\" data-message-author-role=\"assistente\" data-message-id=\"9e0c8187-f4c8-4090-a084-845fe12600c8\">\n<div class=\"markdown prose w-full break-words dark:prose-invert light\">\n<p>Trasforma il tuo laptop HP EliteBook o ZBook con i nostri tasti tastiera originali per laptop, progettati per modelli come 840 G1 G2, 850 G1 G2, ZBook 14 G1\/G2, 15u G2. Questo componente singolo per laptop (6037BOO85805) con layout UK \u00e8 la soluzione ideale per sostituire i tasti mancanti o danneggiati.<\/p>\n<p>L\u2019autenticit\u00e0 \u00e8 fondamentale e le foto dei nostri prodotti reali nell\u2019inserzione offrono una chiara visione del tasto e delle cerniere inclusi nella confezione. Il set completo comprende il tasto della tastiera e le clip (cerniere), garantendo una sostituzione senza problemi. <\/p>\n<p>Nota importante: sebbene non forniamo istruzioni dettagliate, siamo qui per assisterti. Non esitare a contattarci per un supporto personalizzato. Per preservare l\u2019integrit\u00e0 del tuo laptop, evita di forzare il nuovo tasto in posizione, poich\u00e9 le cerniere sono delicate. Tutti i tasti disponibili sono mostrati nella foto dell\u2019annuncio, per aiutarti a scegliere la combinazione perfetta per il tuo modello HP EliteBook o ZBook.<\/p>\n<p>Per garantire la compatibilit\u00e0, confronta i codici prodotto, incluso 6037BOO85805, e verifica il layout del Regno Unito. Ogni tasto \u00e8 un ricambio autentico, realizzato con precisione per un\u2019esperienza di digitazione confortevole.<\/p>\n<p>Quando inserisci il nuovo tasto, fai attenzione e fai riferimento alla foto che illustra il meccanismo del tasto per verificare la compatibilit\u00e0 con il tuo modello di tastiera.<\/p>\n<p>Scegli i nostri tasti per tastiera per laptop HP EliteBook e ZBook per qualit\u00e0, autenticit\u00e0 e una sostituzione senza intoppi. Migliora le funzionalit\u00e0 del tuo laptop oggi stesso e puoi stare certo che siamo qui per supportarti durante tutto il tuo percorso di acquisto. <\/p>\n<\/div>\n<\/div>\n<\/div>\n<div class=\"mt-1 flex justify-start gap-3 empty:hidden\">\n<div class=\"text-gray-400 flex self-end lg:self-center justify-center lg:justify-start mt-0 gap-1 visible\">\n<p>\u00a0<\/p>\n<div class=\"flex gap-1\"><\/div>\n<div class=\"flex items-center gap-1.5 text-xs\"><\/div>\n<\/div>\n<\/div>\n<\/div>\n<\/div>\n<\/div>\n<\/div>\n<\/div>\n<\/div>\n<\/div>\n<\/div>\n<\/div>\n<\/div>\n<\/div>\n<div class=\"w-full pt-2 md:pt-0 dark:border-white\/20 md:border-transparent md:dark:border-transparent md:w-[calc(100%-.5rem)]\">\n<div class=\"relative flex h-full flex-1 items-stretch md:flex-col\">\n<div class=\"flex w-full items-center\">\n<div classe=\"overflow-hidden [&:has(textarea:focus)]:border-token-border-xheavy [&:has(textarea:focus)]:shadow-[0_2px_6px_rgba(0,0,0,.05)] flex flex-col w-full dark:border-token-border-heavy flex-grow relative border border-token-border-heavy dark:text-white rounded-2xl bg-white dark:bg-gray-800 shadow-[0_0_0_2px_rgba(255,255,255,0.95)] dark:shadow-[0_0_0_2px_rgba(52,53,65,0.95)]\">\n<div data-grammarly-part=\"button\">\n<div>\n<div>\n<div class=\"amkYk\">\n<div>\n<div class=\"ptGJG\"><\/div>\n<\/div>\n<\/div>\n<\/div>\n<\/div>\n<\/div>\n<\/div>\n<\/div>\n<\/div>\n<\/div>\n","protected":false},"excerpt":{"rendered":"<p>Rinnova il tuo laptop HP EliteBook o ZBook con il nostro tasto originale per tastiera (6037BOO85805) per modelli come 840 G1 G2, 850 G1 G2, ZBook 14 G1\/G2, 15u G2. Questo tasto con layout UK si adatta perfettamente alla tua tastiera, inclusi il tasto e le clip per una facile installazione. Le foto reali del prodotto ne garantiscono l&#8217;autenticit\u00e0. Contattaci per assistenza personalizzata, poich\u00e9 non vengono fornite istruzioni.<\/p>\n","protected":false},"featured_media":22527,"template":"","meta":[],"product_brand":[],"product_cat":[25],"product_tag":[],"class_list":{"0":"post-15129","1":"product","2":"type-product","3":"status-publish","4":"has-post-thumbnail","6":"product_cat-individual-keyboard-keys","8":"first","9":"instock","10":"taxable","11":"shipping-taxable","12":"purchasable","13":"product-type-simple"},"_links":{"self":[{"href":"https:\/\/boreait.com\/it\/wp-json\/wp\/v2\/product\/15129","targetHints":{"allow":["GET"]}}],"collection":[{"href":"https:\/\/boreait.com\/it\/wp-json\/wp\/v2\/product"}],"about":[{"href":"https:\/\/boreait.com\/it\/wp-json\/wp\/v2\/types\/product"}],"wp:featuredmedia":[{"embeddable":true,"href":"https:\/\/boreait.com\/it\/wp-json\/wp\/v2\/media\/22527"}],"wp:attachment":[{"href":"https:\/\/boreait.com\/it\/wp-json\/wp\/v2\/media?parent=15129"}],"wp:term":[{"taxonomy":"product_brand","embeddable":true,"href":"https:\/\/boreait.com\/it\/wp-json\/wp\/v2\/product_brand?post=15129"},{"taxonomy":"product_cat","embeddable":true,"href":"https:\/\/boreait.com\/it\/wp-json\/wp\/v2\/product_cat?post=15129"},{"taxonomy":"product_tag","embeddable":true,"href":"https:\/\/boreait.com\/it\/wp-json\/wp\/v2\/product_tag?post=15129"}],"curies":[{"name":"wp","href":"https:\/\/api.w.org\/{rel}","templated":true}]}}