{"id":15128,"date":"2025-07-25T12:01:56","date_gmt":"2025-07-25T12:01:56","guid":{"rendered":"https:\/\/boreait.com\/it\/?post_type=product&#038;p=15128"},"modified":"2025-07-25T12:03:25","modified_gmt":"2025-07-25T12:03:25","slug":"tastiera-sw-dell-latitude-14-rugged-e5404-7404-swiss-0jvmmh-tasti-singoli-oknj-1a1uk03-layout-regno-unito-componenti-per-laptop","status":"publish","type":"product","link":"https:\/\/boreait.com\/it\/product\/tastiera-sw-dell-latitude-14-rugged-e5404-7404-swiss-0jvmmh-tasti-singoli-oknj-1a1uk03-layout-regno-unito-componenti-per-laptop\/","title":{"rendered":"Tastiera SW Dell Latitude 14 Rugged E5404 7404 Swiss 0JVMMH Tasti Singoli | OKNJ-1A1UK03 | Layout Regno Unito | Componenti per Laptop"},"content":{"rendered":"<p><strong>I TASTI DISPONIBILI SONO VISUALIZZABILI NELLA FOTO DELL\u2019INSERIMENTO!<\/strong><\/p>\n<p>Inviaci un messaggio dopo aver effettuato un ordine e facci sapere di quale\/i tasto\/i hai bisogno.<\/p>\n<p>Migliora il tuo laptop Dell Latitude 14 Rugged E5404 o 7404 con il nostro originale tasto singolo per tastiera SW. Questo componente per laptop, con layout UK (OKNJ-1A1UK03), \u00e8 meticolosamente realizzato per una perfetta aderenza, offrendo una soluzione affidabile per tasti mancanti o danneggiati.<\/p>\n<p>L\u2019autenticit\u00e0 \u00e8 la nostra priorit\u00e0 e le foto reali del prodotto nell\u2019inserzione offrono una chiara visione del tasto e delle cerniere inclusi nella confezione. Il set completo comprende il tasto della tastiera e le clip (cerniere), garantendo una sostituzione senza problemi.<\/p>\n<p>Nota importante: non forniamo istruzioni dettagliate, ma siamo qui per assisterti. Non esitare a contattarci per un supporto personalizzato. Per preservare l\u2019integrit\u00e0 del tuo laptop, evita di forzare il nuovo tasto in posizione, poich\u00e9 le cerniere sono delicate. Tutti i tasti disponibili sono mostrati nella foto dell\u2019annuncio, per aiutarti a scegliere quello perfetto per il tuo modello Dell Latitude.<\/p>\n<p>Per garantire la compatibilit\u00e0, confronta i codici prodotto, incluso OKNJ-1A1UK03, e verifica il layout del Regno Unito. Ogni tasto \u00e8 un ricambio autentico, realizzato con precisione per un\u2019esperienza di digitazione confortevole.<\/p>\n<p>Quando inserisci il nuovo tasto, fai attenzione e fai riferimento alla foto che illustra il meccanismo del tasto per verificare la compatibilit\u00e0 con il tuo modello di tastiera.<\/p>\n<p>Scegli il nostro software per tastiera Dell Latitude Individual Key per qualit\u00e0, autenticit\u00e0 e una sostituzione senza intoppi. Migliora le funzionalit\u00e0 del tuo laptop oggi stesso e puoi star certo che siamo qui per supportarti durante tutto il tuo percorso di acquisto.<\/p>\n","protected":false},"excerpt":{"rendered":"<p>Sostituisci i tasti mancanti o danneggiati del tuo laptop Dell Latitude 14 Rugged E5404 o 7404 con il nostro originale tasto singolo per tastiera (OKNJ-1A1UK03). Questo tasto con layout UK \u00e8 perfetto per garantire un&#8217;integrazione perfetta con la tua tastiera. La confezione include il tasto e le clip per una facile installazione. Le foto reali del prodotto ne garantiscono l&#8217;autenticit\u00e0. Contattaci per assistenza personalizzata, poich\u00e9 non vengono fornite istruzioni.<\/p>\n","protected":false},"featured_media":15196,"template":"","meta":[],"product_brand":[],"product_cat":[25],"product_tag":[18],"class_list":{"0":"post-15128","1":"product","2":"type-product","3":"status-publish","4":"has-post-thumbnail","6":"product_cat-individual-keyboard-keys","7":"product_tag-dell","9":"first","10":"instock","11":"taxable","12":"shipping-taxable","13":"purchasable","14":"product-type-simple"},"_links":{"self":[{"href":"https:\/\/boreait.com\/it\/wp-json\/wp\/v2\/product\/15128","targetHints":{"allow":["GET"]}}],"collection":[{"href":"https:\/\/boreait.com\/it\/wp-json\/wp\/v2\/product"}],"about":[{"href":"https:\/\/boreait.com\/it\/wp-json\/wp\/v2\/types\/product"}],"wp:featuredmedia":[{"embeddable":true,"href":"https:\/\/boreait.com\/it\/wp-json\/wp\/v2\/media\/15196"}],"wp:attachment":[{"href":"https:\/\/boreait.com\/it\/wp-json\/wp\/v2\/media?parent=15128"}],"wp:term":[{"taxonomy":"product_brand","embeddable":true,"href":"https:\/\/boreait.com\/it\/wp-json\/wp\/v2\/product_brand?post=15128"},{"taxonomy":"product_cat","embeddable":true,"href":"https:\/\/boreait.com\/it\/wp-json\/wp\/v2\/product_cat?post=15128"},{"taxonomy":"product_tag","embeddable":true,"href":"https:\/\/boreait.com\/it\/wp-json\/wp\/v2\/product_tag?post=15128"}],"curies":[{"name":"wp","href":"https:\/\/api.w.org\/{rel}","templated":true}]}}