{"id":15127,"date":"2025-07-25T12:01:56","date_gmt":"2025-07-25T12:01:56","guid":{"rendered":"https:\/\/boreait.com\/it\/?post_type=product&#038;p=15127"},"modified":"2025-07-25T12:03:17","modified_gmt":"2025-07-25T12:03:17","slug":"tastiera-per-laptop-hp-701986-001-per-elitebook-8570p-550125w00-035-g-layout-uk-componenti-per-laptop","status":"publish","type":"product","link":"https:\/\/boreait.com\/it\/product\/tastiera-per-laptop-hp-701986-001-per-elitebook-8570p-550125w00-035-g-layout-uk-componenti-per-laptop\/","title":{"rendered":"Tastiera per laptop HP 701986-001 per EliteBook 8570p | 550125W00-035-G | Layout UK | Componenti per laptop"},"content":{"rendered":"<div class=\"flex-1 overflow-hidden\">\n<div class=\"react-scroll-to-bottom--css-jgrcx-79elbk h-full\">\n<div class=\"react-scroll-to-bottom--css-jgrcx-1n7m0yu\">\n<div class=\"flex flex-col pb-9 text-sm\">\n<div class=\"w-full text-token-text-primary\" data-testid=\"conversation-turn-9\">\n<div class=\"px-4 py-2 justify-center text-base md:gap-6 m-auto\">\n<div class=\"flex flex-1 text-base mx-auto gap-3 md:px-5 lg:px-1 xl:px-5 md:max-w-3xl lg:max-w-[40rem] xl:max-w-[48rem] gruppo completamento-finale\">\n<div class=\"relative flex w-full flex-col lg:w-[calc(100%-115px)] agent-turn\">\n<div class=\"flex-col gap-1 md:gap-3\">\n<div class=\"flex flex-grow flex-col max-w-full\">\n<div class=\"min-h-[20px] messaggio-di-testo flex flex-col elementi-inizio gap-3 spazi-pre-a capo break-words [.text-message+&]:mt-5 overflow-x-auto\" data-message-author-role=\"assistente\" data-message-id=\"a962f754-2b31-493b-bd3c-1c9df5120eef\">\n<div class=\"markdown prose w-full break-words dark:prose-invert light\">\n<p><strong>I TASTI DISPONIBILI SONO VISUALIZZABILI NELLA FOTO DELL\u2019ANNUNCIO!<\/strong><\/p>\n<p>Inviaci un messaggio dopo aver effettuato un ordine e facci sapere di quale\/i tasto\/i hai bisogno.<\/p>\n<p>Ravviva il tuo laptop EliteBook 8570p con il nostro tasto originale per tastiera per laptop HP 701986-001. Questo componente singolo per laptop, con layout UK (550125W00-035-G), \u00e8 progettato per integrarsi perfettamente nella tua tastiera esistente, offrendo una soluzione affidabile per tasti mancanti o danneggiati. <\/p>\n<p>L\u2019autenticit\u00e0 \u00e8 fondamentale e le foto dei nostri prodotti reali nell\u2019inserzione offrono una chiara visione dei tasti e delle cerniere inclusi nella confezione. Il set completo comprende il tasto della tastiera e le clip (cerniere), garantendo una sostituzione senza problemi.<\/p>\n<p>Nota importante: sebbene non forniamo istruzioni dettagliate, siamo qui per assisterti. Non esitare a contattarci per un supporto personalizzato. Per preservare l\u2019integrit\u00e0 del tuo laptop, evita di forzare il nuovo tasto in posizione, poich\u00e9 le cerniere sono delicate. Tutti i tasti disponibili per tastiera sono mostrati nella foto dell\u2019inserzione, per aiutarti a scegliere quello perfetto per il tuo modello di EliteBook.<\/p>\n<p>Per garantire la compatibilit\u00e0, confronta i codici dei componenti, incluso 550125W00-035-G, e verifica il layout del Regno Unito. Ogni tasto \u00e8 un ricambio autentico, realizzato con precisione per un\u2019esperienza di digitazione confortevole.<\/p>\n<p>Quando inserisci il nuovo tasto, fai attenzione e fai riferimento alla foto che illustra il meccanismo del tasto per assicurarti della compatibilit\u00e0 con il tuo modello di tastiera. <\/p>\n<p>Scegli la nostra tastiera HP 701986-001 per EliteBook 8570p per qualit\u00e0, autenticit\u00e0 e una sostituzione senza intoppi. Migliora le funzionalit\u00e0 del tuo laptop oggi stesso e puoi star certo che siamo qui per supportarti durante tutto il tuo percorso di acquisto.<\/p>\n<\/div>\n<\/div>\n<\/div>\n<div class=\"mt-1 flex justify-start gap-3 empty:hidden\">\n<div class=\"text-gray-400 flex self-end lg:self-center justify-center lg:justify-start mt-0 gap-1 visible\">\n<p>\u00a0<\/p>\n<div class=\"flex gap-1\"><\/div>\n<div class=\"flex items-center gap-1.5 text-xs\"><\/div>\n<\/div>\n<\/div>\n<\/div>\n<\/div>\n<\/div>\n<\/div>\n<\/div>\n<\/div>\n<\/div>\n<\/div>\n<\/div>\n<\/div>\n<\/div>\n<div class=\"w-full pt-2 md:pt-0 dark:border-white\/20 md:border-transparent md:dark:border-transparent md:w-[calc(100%-.5rem)]\">\n<div class=\"relative flex h-full flex-1 items-stretch md:flex-col\">\n<div class=\"flex w-full items-center\">\n<div classe=\"overflow-hidden [&:has(textarea:focus)]:border-token-border-xheavy [&:has(textarea:focus)]:shadow-[0_2px_6px_rgba(0,0,0,.05)] flex flex-col w-full dark:border-token-border-heavy flex-grow relative border border-token-border-heavy dark:text-white rounded-2xl bg-white dark:bg-gray-800 shadow-[0_0_0_2px_rgba(255,255,255,0.95)] dark:shadow-[0_0_0_2px_rgba(52,53,65,0.95)]\">\n<div data-grammarly-part=\"button\">\n<div>\n<div>\n<div class=\"amkYk\">\n<div>\n<div class=\"ptGJG\"><\/div>\n<\/div>\n<\/div>\n<\/div>\n<\/div>\n<\/div>\n<\/div>\n<\/div>\n<\/div>\n<\/div>\n","protected":false},"excerpt":{"rendered":"<p>Sostituisci i tasti mancanti o danneggiati del tuo EliteBook 8570p con il nostro tasto originale HP 701986-001 per tastiera portatile. Questo tasto con layout UK (550125W00-035-G) \u00e8 perfetto per il tuo portatile. La confezione include il tasto e le clip per una facile installazione. Le foto autentiche del prodotto garantiscono un acquisto affidabile. Contattaci per assistenza personalizzata, poich\u00e9 non vengono fornite istruzioni.<\/p>\n","protected":false},"featured_media":15194,"template":"","meta":[],"product_brand":[],"product_cat":[25],"product_tag":[26],"class_list":{"0":"post-15127","1":"product","2":"type-product","3":"status-publish","4":"has-post-thumbnail","6":"product_cat-individual-keyboard-keys","7":"product_tag-hp","9":"first","10":"instock","11":"taxable","12":"shipping-taxable","13":"purchasable","14":"product-type-simple"},"_links":{"self":[{"href":"https:\/\/boreait.com\/it\/wp-json\/wp\/v2\/product\/15127","targetHints":{"allow":["GET"]}}],"collection":[{"href":"https:\/\/boreait.com\/it\/wp-json\/wp\/v2\/product"}],"about":[{"href":"https:\/\/boreait.com\/it\/wp-json\/wp\/v2\/types\/product"}],"wp:featuredmedia":[{"embeddable":true,"href":"https:\/\/boreait.com\/it\/wp-json\/wp\/v2\/media\/15194"}],"wp:attachment":[{"href":"https:\/\/boreait.com\/it\/wp-json\/wp\/v2\/media?parent=15127"}],"wp:term":[{"taxonomy":"product_brand","embeddable":true,"href":"https:\/\/boreait.com\/it\/wp-json\/wp\/v2\/product_brand?post=15127"},{"taxonomy":"product_cat","embeddable":true,"href":"https:\/\/boreait.com\/it\/wp-json\/wp\/v2\/product_cat?post=15127"},{"taxonomy":"product_tag","embeddable":true,"href":"https:\/\/boreait.com\/it\/wp-json\/wp\/v2\/product_tag?post=15127"}],"curies":[{"name":"wp","href":"https:\/\/api.w.org\/{rel}","templated":true}]}}