{"id":15126,"date":"2025-07-25T12:01:56","date_gmt":"2025-07-25T12:01:56","guid":{"rendered":"https:\/\/boreait.com\/it\/?post_type=product&#038;p=15126"},"modified":"2025-07-25T12:03:09","modified_gmt":"2025-07-25T12:03:09","slug":"tastiera-retroilluminata-per-hp-848311-001-pk131c31a00-sg-81610-xua-sn7142bl-pk131c31a28-layout-regno-unito-componenti-per-laptop","status":"publish","type":"product","link":"https:\/\/boreait.com\/it\/product\/tastiera-retroilluminata-per-hp-848311-001-pk131c31a00-sg-81610-xua-sn7142bl-pk131c31a28-layout-regno-unito-componenti-per-laptop\/","title":{"rendered":"Tastiera retroilluminata per HP 848311-001 PK131C31A00 SG-81610-XUA SN7142BL | PK131C31A28 | Layout Regno Unito | Componenti per laptop"},"content":{"rendered":"<p><strong>I TASTI DISPONIBILI SONO VISUALIZZABILI NELLA FOTO DELL\u2019INSERIMENTO!<\/strong><\/p>\n<p>Inviaci un messaggio dopo aver effettuato un ordine e facci sapere di quale\/i tasto\/i hai bisogno.<\/p>\n<p>Aggiorna la tastiera del tuo laptop HP senza sforzo con il nostro tasto retroilluminato progettato per modelli come 848311-001, SG-81610-XUA e SN7142BL. Questo componente singolo per laptop (PK131C31A28) con layout UK si integra perfettamente nella tua tastiera esistente, garantendo un\u2019esperienza di digitazione comoda e familiare.<\/p>\n<p>L\u2019autenticit\u00e0 \u00e8 garantita, con foto reali del prodotto nell\u2019inserzione che mostrano il tasto e le cerniere che riceverai. Il pacchetto completo include sia il tasto della tastiera che le clip (cerniere), offrendo una soluzione semplice e intuitiva per le esigenze della tastiera del tuo laptop. <\/p>\n<p>Nota importante: comprendiamo che ogni tasto sostitutivo \u00e8 unico e, sebbene non forniamo istruzioni, accogliamo volentieri qualsiasi richiesta di assistenza personalizzata. Per evitare qualsiasi confusione, si prega di non forzare il nuovo tasto in posizione, poich\u00e9 le cerniere sono delicate. La foto nell\u2019elenco mostra tutti i tasti della tastiera disponibili, aiutandovi a scegliere quello perfetto per il vostro modello di laptop HP.<\/p>\n<p>Per garantire la compatibilit\u00e0, confrontate i codici prodotto, incluso PK131C31A28, e verificate il layout del Regno Unito. Ogni tasto \u00e8 un ricambio originale, realizzato con precisione per un\u2019esperienza di digitazione affidabile ed efficiente.<\/p>\n<p>Quando inserite il nuovo tasto, fate attenzione e fate riferimento alla foto che illustra il meccanismo del tasto per verificare la compatibilit\u00e0 con il vostro modello di tastiera.<\/p>\n<p>Scegliete i nostri tasti retroilluminati per laptop HP per qualit\u00e0, autenticit\u00e0 e una sostituzione senza intoppi. Migliorate le funzionalit\u00e0 del vostro laptop oggi stesso e abbiate la certezza che siamo qui per supportarvi durante tutto il vostro percorso di acquisto.<\/p>\n","protected":false},"excerpt":{"rendered":"<p>Migliora il tuo laptop HP con la nostra tastiera retroilluminata (PK131C31A28) per modelli come 848311-001, SG-81610-XUA e altri. Il layout britannico garantisce un&#8217;esperienza di digitazione confortevole. Questo componente per laptop include i tasti e le cerniere, con foto reali del prodotto per una facile identificazione. Contattaci per assistenza personalizzata e ricorda che non vengono fornite istruzioni per evitare qualsiasi confusione.<\/p>\n","protected":false},"featured_media":15185,"template":"","meta":[],"product_brand":[],"product_cat":[25],"product_tag":[26],"class_list":{"0":"post-15126","1":"product","2":"type-product","3":"status-publish","4":"has-post-thumbnail","6":"product_cat-individual-keyboard-keys","7":"product_tag-hp","9":"first","10":"instock","11":"taxable","12":"shipping-taxable","13":"purchasable","14":"product-type-simple"},"_links":{"self":[{"href":"https:\/\/boreait.com\/it\/wp-json\/wp\/v2\/product\/15126","targetHints":{"allow":["GET"]}}],"collection":[{"href":"https:\/\/boreait.com\/it\/wp-json\/wp\/v2\/product"}],"about":[{"href":"https:\/\/boreait.com\/it\/wp-json\/wp\/v2\/types\/product"}],"wp:featuredmedia":[{"embeddable":true,"href":"https:\/\/boreait.com\/it\/wp-json\/wp\/v2\/media\/15185"}],"wp:attachment":[{"href":"https:\/\/boreait.com\/it\/wp-json\/wp\/v2\/media?parent=15126"}],"wp:term":[{"taxonomy":"product_brand","embeddable":true,"href":"https:\/\/boreait.com\/it\/wp-json\/wp\/v2\/product_brand?post=15126"},{"taxonomy":"product_cat","embeddable":true,"href":"https:\/\/boreait.com\/it\/wp-json\/wp\/v2\/product_cat?post=15126"},{"taxonomy":"product_tag","embeddable":true,"href":"https:\/\/boreait.com\/it\/wp-json\/wp\/v2\/product_tag?post=15126"}],"curies":[{"name":"wp","href":"https:\/\/api.w.org\/{rel}","templated":true}]}}