{"id":15111,"date":"2025-07-25T12:01:32","date_gmt":"2025-07-25T12:01:32","guid":{"rendered":"https:\/\/boreait.com\/it\/?post_type=product&#038;p=15111"},"modified":"2025-07-25T12:03:06","modified_gmt":"2025-07-25T12:03:06","slug":"tasti-tastiera-per-laptop-rtdpart-per-lenovo-thinkpad-13-gen-2-t470s-t460s-uk-retroilluminati-sn20q84155-layout-quertz-tasti-di-ricambio","status":"publish","type":"product","link":"https:\/\/boreait.com\/it\/product\/tasti-tastiera-per-laptop-rtdpart-per-lenovo-thinkpad-13-gen-2-t470s-t460s-uk-retroilluminati-sn20q84155-layout-quertz-tasti-di-ricambio\/","title":{"rendered":"Tasti tastiera per laptop RTDpart per Lenovo Thinkpad 13 Gen 2 T470S T460S UK &#8211; Retroilluminati | SN20Q84155 | Layout QUERTZ | Tasti di ricambio"},"content":{"rendered":"<p><strong>I TASTI DISPONIBILI SONO VISUALIZZABILI NELLA FOTO DELL\u2019INSERIMENTO!<\/strong><\/p>\n<p>Inviaci un messaggio dopo aver effettuato un ordine e facci sapere di quale\/i tasto\/i hai bisogno.<\/p>\n<p>Migliora la tua esperienza con il laptop con il nostro tasto per tastiera portatile RTDpart, progettato specificamente per i modelli Lenovo Thinkpad 13 Gen 2, T470S e T460S. Questo tasto sostitutivo (SN20Q84155) presenta un layout QUERTZ retroilluminato, che si integra perfettamente con la tua tastiera esistente.<\/p>\n<p>Autenticit\u00e0 e precisione sono le nostre priorit\u00e0. Tutte le foto dei prodotti nell\u2019inserzione sono autentiche, offrendoti una visione chiara del tasto e delle cerniere che riceverai. La confezione include il tasto della tastiera e le clip (cerniere), garantendo una soluzione completa per le esigenze della tastiera del tuo laptop.<\/p>\n<p>Nota importante: non forniamo istruzioni dettagliate, ma la tua soddisfazione \u00e8 la nostra massima priorit\u00e0. Se hai bisogno di assistenza, non esitare a contattarci. Si prega di prestare attenzione durante l\u2019installazione per evitare di danneggiare le delicate cerniere. Tutti i tasti disponibili sono mostrati nella foto dell\u2019annuncio, per aiutarvi a identificare la combinazione perfetta per il vostro laptop Lenovo.<\/p>\n<p>Per garantire la compatibilit\u00e0, confrontate i codici dei componenti, incluso SN20Q84155, e verificate il layout QUERTZ. Ogni tasto \u00e8 un ricambio originale, realizzato con cura per offrire un\u2019esperienza di digitazione impeccabile.<\/p>\n<p>Quando inserite il nuovo tasto, ricordatevi di non forzarlo in posizione, poich\u00e9 le cerniere sono delicate. Osservate attentamente la foto che illustra il meccanismo del tasto per assicurarvi che sia adatto al vostro modello di tastiera.<\/p>\n<p>Scegliete i nostri tasti per tastiera per laptop RTDpart per qualit\u00e0, autenticit\u00e0 e una sostituzione senza problemi. Migliorate le funzionalit\u00e0 del vostro laptop oggi stesso e state certi che siamo qui per supportarvi durante tutto il vostro percorso di acquisto.<\/p>\n","protected":false},"excerpt":{"rendered":"<p>Aggiorna il tuo laptop Lenovo Thinkpad 13 Gen 2 T470S o T460S con i nostri tasti retroilluminati QUERTZ premium (SN20Q84155). Questi tasti sostitutivi, incluse le clip (cerniere) per tastiera, si adattano perfettamente al tuo laptop. Foto autentiche del prodotto, attenzione durante l&#8217;installazione e garanzia di compatibilit\u00e0 lo rendono la scelta ideale. Contattaci per ricevere assistenza personalizzata per il tuo acquisto.<\/p>\n","protected":false},"featured_media":15183,"template":"","meta":[],"product_brand":[],"product_cat":[25],"product_tag":[27],"class_list":{"0":"post-15111","1":"product","2":"type-product","3":"status-publish","4":"has-post-thumbnail","6":"product_cat-individual-keyboard-keys","7":"product_tag-lenovo","9":"first","10":"instock","11":"taxable","12":"shipping-taxable","13":"purchasable","14":"product-type-simple"},"_links":{"self":[{"href":"https:\/\/boreait.com\/it\/wp-json\/wp\/v2\/product\/15111","targetHints":{"allow":["GET"]}}],"collection":[{"href":"https:\/\/boreait.com\/it\/wp-json\/wp\/v2\/product"}],"about":[{"href":"https:\/\/boreait.com\/it\/wp-json\/wp\/v2\/types\/product"}],"wp:featuredmedia":[{"embeddable":true,"href":"https:\/\/boreait.com\/it\/wp-json\/wp\/v2\/media\/15183"}],"wp:attachment":[{"href":"https:\/\/boreait.com\/it\/wp-json\/wp\/v2\/media?parent=15111"}],"wp:term":[{"taxonomy":"product_brand","embeddable":true,"href":"https:\/\/boreait.com\/it\/wp-json\/wp\/v2\/product_brand?post=15111"},{"taxonomy":"product_cat","embeddable":true,"href":"https:\/\/boreait.com\/it\/wp-json\/wp\/v2\/product_cat?post=15111"},{"taxonomy":"product_tag","embeddable":true,"href":"https:\/\/boreait.com\/it\/wp-json\/wp\/v2\/product_tag?post=15111"}],"curies":[{"name":"wp","href":"https:\/\/api.w.org\/{rel}","templated":true}]}}