{"id":15110,"date":"2025-07-25T12:01:31","date_gmt":"2025-07-25T12:01:31","guid":{"rendered":"https:\/\/boreait.com\/it\/?post_type=product&#038;p=15110"},"modified":"2025-07-25T12:03:02","modified_gmt":"2025-07-25T12:03:02","slug":"tastiera-originale-hp-elitebook-850-g5-g6-755-g5-con-retroilluminazione-individuale-colore-argento-l14366-001-layout-sloveno-sostituzione-oem","status":"publish","type":"product","link":"https:\/\/boreait.com\/it\/product\/tastiera-originale-hp-elitebook-850-g5-g6-755-g5-con-retroilluminazione-individuale-colore-argento-l14366-001-layout-sloveno-sostituzione-oem\/","title":{"rendered":"Tastiera originale HP EliteBook 850 G5 G6 755 G5 con retroilluminazione individuale, colore argento, L14366-001 | Layout sloveno | Sostituzione OEM"},"content":{"rendered":"<p><strong>I TASTI DISPONIBILI SONO VISUALIZZABILI NELLA FOTO DELL\u2019INSERIMENTO!<\/strong><\/p>\n<p>Inviaci un messaggio dopo aver effettuato un ordine e facci sapere di quale\/i tasto\/i hai bisogno.<\/p>\n<p>Ravviva il tuo laptop HP EliteBook 850 G5\/G6 o 755 G5 con il nostro autentico tasto OEM per tastiera individuale: la soluzione perfetta per tasti danneggiati o mancanti. Realizzato per una perfetta aderenza, questo tasto argentato retroilluminato (L14366-001) \u00e8 dotato di clip (cerniere) per tastiera e aderisce al layout sloveno, garantendo un\u2019esperienza di digitazione familiare e confortevole.<\/p>\n<p>Per la compatibilit\u00e0, confronta i codici dei componenti, incluso 6037B0136423, per garantire una corrispondenza precisa con il tuo laptop. L\u2019autenticit\u00e0 \u00e8 garantita, poich\u00e9 le foto del prodotto nell\u2019inserzione sono autentiche e offrono una chiara visione dell\u2019articolo che riceverai. La confezione include i tasti della tastiera e le cerniere, consentendo una sostituzione senza problemi.<\/p>\n<p>Nota importante: sebbene non forniamo istruzioni dettagliate, siamo lieti di ricevere qualsiasi richiesta di assistenza. La manipolazione di cerniere delicate richiede cautela durante l\u2019installazione, quindi si prega di evitare di forzare il tasto in posizione. Tutti i tasti disponibili sono mostrati nella foto dell\u2019annuncio, per aiutarvi a identificare quello perfetto per il vostro modello di laptop.<\/p>\n<p>Per un montaggio ottimale, esaminate la foto che illustra il meccanismo del tasto, verificando la compatibilit\u00e0 con la vostra tastiera attuale. Ci occupiamo delle vostre esigenze e, se avete bisogno di ulteriore assistenza, non esitate a contattarci per un supporto personalizzato.<\/p>\n<p>Migliora la tua esperienza con il laptop con i nostri tasti di ricambio OEM originali: acquistali ora e riscopri una digitazione fluida ed efficiente sul tuo HP EliteBook. Ricorda, siamo qui per assisterti in ogni fase del processo.<\/p>\n","protected":false},"excerpt":{"rendered":"<p>Sostituisci i tasti danneggiati o mancanti del tuo laptop HP EliteBook 850 G5\/G6 o 755 G5 con questo tasto originale OEM per tastiera. Il tasto argentato retroilluminato (L14366-001) \u00e8 dotato di clip (cerniere) per tastiera e si adatta al layout sloveno. Assicurati la compatibilit\u00e0 perfetta con il tuo laptop confrontando i codici prodotto (6037B0136423) e controllando le foto del prodotto reale. Maneggia con cura durante l&#8217;installazione e contattaci per assistenza se necessario.<\/p>\n","protected":false},"featured_media":15181,"template":"","meta":[],"product_brand":[],"product_cat":[25],"product_tag":[26],"class_list":{"0":"post-15110","1":"product","2":"type-product","3":"status-publish","4":"has-post-thumbnail","6":"product_cat-individual-keyboard-keys","7":"product_tag-hp","9":"first","10":"instock","11":"taxable","12":"shipping-taxable","13":"purchasable","14":"product-type-simple"},"_links":{"self":[{"href":"https:\/\/boreait.com\/it\/wp-json\/wp\/v2\/product\/15110","targetHints":{"allow":["GET"]}}],"collection":[{"href":"https:\/\/boreait.com\/it\/wp-json\/wp\/v2\/product"}],"about":[{"href":"https:\/\/boreait.com\/it\/wp-json\/wp\/v2\/types\/product"}],"wp:featuredmedia":[{"embeddable":true,"href":"https:\/\/boreait.com\/it\/wp-json\/wp\/v2\/media\/15181"}],"wp:attachment":[{"href":"https:\/\/boreait.com\/it\/wp-json\/wp\/v2\/media?parent=15110"}],"wp:term":[{"taxonomy":"product_brand","embeddable":true,"href":"https:\/\/boreait.com\/it\/wp-json\/wp\/v2\/product_brand?post=15110"},{"taxonomy":"product_cat","embeddable":true,"href":"https:\/\/boreait.com\/it\/wp-json\/wp\/v2\/product_cat?post=15110"},{"taxonomy":"product_tag","embeddable":true,"href":"https:\/\/boreait.com\/it\/wp-json\/wp\/v2\/product_tag?post=15110"}],"curies":[{"name":"wp","href":"https:\/\/api.w.org\/{rel}","templated":true}]}}