{"id":15109,"date":"2025-07-25T12:01:31","date_gmt":"2025-07-25T12:01:31","guid":{"rendered":"https:\/\/boreait.com\/it\/?post_type=product&#038;p=15109"},"modified":"2025-07-25T12:02:55","modified_gmt":"2025-07-25T12:02:55","slug":"cerniera-originale-per-laptop-lenovo-3000-n200-tipo-0769-amzhw00200-amzhw00100-oem","status":"publish","type":"product","link":"https:\/\/boreait.com\/it\/product\/cerniera-originale-per-laptop-lenovo-3000-n200-tipo-0769-amzhw00200-amzhw00100-oem\/","title":{"rendered":"Cerniera originale per laptop Lenovo 3000 N200 tipo 0769 AMZHW00200 AMZHW00100 &#8211; OEM"},"content":{"rendered":"<p>Migliora la funzionalit\u00e0 e la durata del tuo laptop Lenovo 3000 N200 tipo 0769 con il nostro set di cerniere originale, che include sia la cerniera sinistra (AMZHW00200) che quella destra (AMZHW00100). Realizzato secondo gli standard OEM, questo set di cerniere garantisce una vestibilit\u00e0 precisa e prestazioni ottimali.<\/p>\n<p><strong>Compatibilit\u00e0:<\/strong> Progettato specificamente per i laptop Lenovo 3000 N200 tipo 0769, questo set di cerniere \u00e8 una scelta affidabile per garantire l\u2019integrit\u00e0 strutturale del tuo dispositivo. Che tu stia sostituendo cerniere danneggiate o eseguendo un aggiornamento proattivo, i nostri ricambi originali Lenovo offrono una qualit\u00e0 di cui ti puoi fidare.<\/p>\n<p><strong>Garanzia di qualit\u00e0:<\/strong> Realizzate con precisione, queste cerniere soddisfano i pi\u00f9 elevati standard del settore, garantendo una vestibilit\u00e0 sicura e prestazioni affidabili. Puoi stare certo che il tuo laptop funzioner\u00e0 senza problemi, con l\u2019ulteriore vantaggio di una maggiore longevit\u00e0. <\/p>\n<p><strong>Installazione semplice:<\/strong> non c\u2019\u00e8 bisogno di essere un esperto di tecnologia: il nostro set di cerniere \u00e8 progettato per l\u2019installazione fai da te. Sebbene non forniamo istruzioni dettagliate, non esitate a contattarci per qualsiasi domanda o assistenza. Crediamo nell\u2019importanza di consentire ai nostri clienti di gestire al meglio la manutenzione del proprio laptop.<\/p>\n<p><strong>Foto reali, componenti reali:<\/strong> le immagini che vedete sono una rappresentazione accurata delle cerniere che riceverete. Crediamo nella trasparenza e il nostro set di cerniere per laptop Lenovo 3000 N200 tipo 0769 originale non fa eccezione. Quello che vedete \u00e8 quello che ricevete: componenti di alta qualit\u00e0 per il vostro laptop.<\/p>\n<p><strong>Spedizione globale:<\/strong> con sede in Europa, offriamo spedizioni in tutto il mondo. Ovunque vi troviate, ci assicureremo che il vostro set di cerniere per laptop Lenovo originale vi raggiunga in modo sicuro e tempestivo. Scoprite la comodit\u00e0 di acquistare componenti per laptop da Siggmo. Aggiorna oggi stesso il tuo laptop Lenovo 3000 N200 con il nostro set di cerniere originale: la soluzione perfetta per un\u2019esperienza laptop affidabile e duratura. Per qualsiasi domanda o ulteriore assistenza, non esitare a contattarci. La tua soddisfazione \u00e8 la nostra priorit\u00e0.<\/p>\n","protected":false},"excerpt":{"rendered":"<p>Aggiorna il tuo laptop Lenovo 3000 N200 tipo 0769 con questo set di cerniere originale. La confezione include sia la cerniera sinistra che quella destra (AMZHW00200, AMZHW00100). Realizzate secondo le specifiche OEM, queste cerniere garantiscono una perfetta aderenza, garantendo stabilit\u00e0 e longevit\u00e0 al tuo laptop. Ideali per la riparazione fai da te di laptop e compatibili con diversi modelli di Lenovo 3000 N200.<\/p>\n","protected":false},"featured_media":15180,"template":"","meta":[],"product_brand":[],"product_cat":[20],"product_tag":[27],"class_list":{"0":"post-15109","1":"product","2":"type-product","3":"status-publish","4":"has-post-thumbnail","6":"product_cat-screen-hinge","7":"product_tag-lenovo","9":"first","10":"instock","11":"taxable","12":"shipping-taxable","13":"purchasable","14":"product-type-simple"},"_links":{"self":[{"href":"https:\/\/boreait.com\/it\/wp-json\/wp\/v2\/product\/15109","targetHints":{"allow":["GET"]}}],"collection":[{"href":"https:\/\/boreait.com\/it\/wp-json\/wp\/v2\/product"}],"about":[{"href":"https:\/\/boreait.com\/it\/wp-json\/wp\/v2\/types\/product"}],"wp:featuredmedia":[{"embeddable":true,"href":"https:\/\/boreait.com\/it\/wp-json\/wp\/v2\/media\/15180"}],"wp:attachment":[{"href":"https:\/\/boreait.com\/it\/wp-json\/wp\/v2\/media?parent=15109"}],"wp:term":[{"taxonomy":"product_brand","embeddable":true,"href":"https:\/\/boreait.com\/it\/wp-json\/wp\/v2\/product_brand?post=15109"},{"taxonomy":"product_cat","embeddable":true,"href":"https:\/\/boreait.com\/it\/wp-json\/wp\/v2\/product_cat?post=15109"},{"taxonomy":"product_tag","embeddable":true,"href":"https:\/\/boreait.com\/it\/wp-json\/wp\/v2\/product_tag?post=15109"}],"curies":[{"name":"wp","href":"https:\/\/api.w.org\/{rel}","templated":true}]}}