{"id":14930,"date":"2025-07-25T11:58:10","date_gmt":"2025-07-25T11:58:10","guid":{"rendered":"https:\/\/boreait.com\/it\/?post_type=product&#038;p=14930"},"modified":"2025-07-25T11:59:00","modified_gmt":"2025-07-25T11:59:00","slug":"cover-inferiore-per-hp-zbook-15-g1-g2-734279-001-ricambio-originale","status":"publish","type":"product","link":"https:\/\/boreait.com\/it\/product\/cover-inferiore-per-hp-zbook-15-g1-g2-734279-001-ricambio-originale\/","title":{"rendered":"Cover inferiore per HP ZBOOK 15 G1 G2 734279-001 &#8211; Ricambio originale"},"content":{"rendered":"<p>Rinnova il tuo laptop HP ZBOOK 15 G1 G2 con l\u2019originale cover inferiore HP 734279-001. Se la cover inferiore del tuo laptop ha visto giorni migliori, questa sostituzione garantisce una perfetta aderenza e ne ripristina l\u2019integrit\u00e0 strutturale originale.<\/p>\n<p>Caratteristiche principali:<\/p>\n<ul>\n<li>Modello: Cover inferiore HP ZBOOK 15 G1 G2 734279-001<\/li>\n<li>Ricambio originale HP<\/li>\n<li>Garantisce una perfetta aderenza e integrit\u00e0 strutturale<\/li>\n<li>Facile da installare<\/li>\n<\/ul>\n<p>Realizzata con precisione, questa cover inferiore \u00e8 realizzata secondo gli stessi elevati standard dell\u2019originale, garantendo una perfetta aderenza. Ripristina l\u2019aspetto e la funzionalit\u00e0 del tuo laptop con questo ricambio originale HP. <\/p>\n<p>Si prega di notare che questo elenco si riferisce solo alla cover inferiore della base e non sono fornite istruzioni di installazione. Per qualsiasi domanda o assistenza, non esitate a contattarci. Migliorate l\u2019estetica e la protezione del vostro laptop con la cover inferiore della base per HP ZBOOK 15 G1 G2 734279-001.<\/p>\n","protected":false},"excerpt":{"rendered":"<p>Sostituisci la base inferiore usurata o danneggiata del tuo laptop con la cover inferiore originale per HP ZBOOK 15 G1 G2 734279-001. Realizzata per garantire resistenza e una vestibilit\u00e0 precisa, questa cover garantisce l&#8217;integrit\u00e0 strutturale del tuo laptop. Qualit\u00e0 HP originale per una sostituzione impeccabile.<\/p>\n","protected":false},"featured_media":14992,"template":"","meta":[],"product_brand":[],"product_cat":[17],"product_tag":[26],"class_list":{"0":"post-14930","1":"product","2":"type-product","3":"status-publish","4":"has-post-thumbnail","6":"product_cat-laptop-housing","7":"product_tag-hp","9":"first","10":"instock","11":"taxable","12":"shipping-taxable","13":"purchasable","14":"product-type-simple"},"_links":{"self":[{"href":"https:\/\/boreait.com\/it\/wp-json\/wp\/v2\/product\/14930","targetHints":{"allow":["GET"]}}],"collection":[{"href":"https:\/\/boreait.com\/it\/wp-json\/wp\/v2\/product"}],"about":[{"href":"https:\/\/boreait.com\/it\/wp-json\/wp\/v2\/types\/product"}],"wp:featuredmedia":[{"embeddable":true,"href":"https:\/\/boreait.com\/it\/wp-json\/wp\/v2\/media\/14992"}],"wp:attachment":[{"href":"https:\/\/boreait.com\/it\/wp-json\/wp\/v2\/media?parent=14930"}],"wp:term":[{"taxonomy":"product_brand","embeddable":true,"href":"https:\/\/boreait.com\/it\/wp-json\/wp\/v2\/product_brand?post=14930"},{"taxonomy":"product_cat","embeddable":true,"href":"https:\/\/boreait.com\/it\/wp-json\/wp\/v2\/product_cat?post=14930"},{"taxonomy":"product_tag","embeddable":true,"href":"https:\/\/boreait.com\/it\/wp-json\/wp\/v2\/product_tag?post=14930"}],"curies":[{"name":"wp","href":"https:\/\/api.w.org\/{rel}","templated":true}]}}