{"id":14878,"date":"2025-07-25T11:57:20","date_gmt":"2025-07-25T11:57:20","guid":{"rendered":"https:\/\/boreait.com\/it\/?post_type=product&#038;p=14878"},"modified":"2025-07-25T11:58:15","modified_gmt":"2025-07-25T11:58:15","slug":"scheda-webcam-dell-latitude-e7470-e7270-e5470-e5570-cn-0j8nnp-j8nnp","status":"publish","type":"product","link":"https:\/\/boreait.com\/it\/product\/scheda-webcam-dell-latitude-e7470-e7270-e5470-e5570-cn-0j8nnp-j8nnp\/","title":{"rendered":"Scheda webcam Dell Latitude E7470 E7270 E5470 E5570 CN-0J8NNP J8NNP"},"content":{"rendered":"<p>Rinnova il tuo laptop Dell Latitude E7470, E7270, E5470 o E5570 con la scheda webcam CN-0J8NNP J8NNP. Questo ricambio originale Dell \u00e8 progettato per ripristinare la funzionalit\u00e0 della fotocamera del tuo laptop, assicurandoti di essere pronto per riunioni virtuali, conferenze online e videocomunicazioni.<\/p>\n<p>Caratteristiche principali:<\/p>\n<ul>\n<li>Compatibile con Dell Latitude E7470, E7270, E5470, E5570<\/li>\n<li>Codice prodotto Dell: CN-0J8NNP J8NNP<\/li>\n<li>Scheda webcam originale Dell<\/li>\n<\/ul>\n<p>Questa scheda webcam \u00e8 una soluzione semplice ed efficace per ripristinare la nitidezza e la chiarezza della fotocamera del tuo laptop. L\u2019installazione \u00e8 semplice e si integra perfettamente con il tuo modello Dell Latitude. Non devi preoccuparti di problemi di compatibilit\u00e0; Questa scheda \u00e8 realizzata appositamente per la serie Dell Latitude menzionata.<\/p>\n<p>Nota:<\/p>\n<ul>\n<li>Questo annuncio include foto reali della scheda webcam CN-0J8NNP J8NNP per Dell Latitude E7470 E7270 E5470 E5570.<\/li>\n<li>Non sono fornite istruzioni per l\u2019installazione. Per qualsiasi domanda o assistenza, non esitate a contattarci.<\/li>\n<\/ul>\n<p>Ripristina le funzionalit\u00e0 della fotocamera del tuo laptop Dell Latitude con la scheda webcam CN-0J8NNP J8NNP. Aumenta oggi stesso il potenziale di comunicazione del tuo laptop.<\/p>\n","protected":false},"excerpt":{"rendered":"<p>Migliora il tuo laptop Dell Latitude E7470, E7270, E5470 o E5570 con la scheda webcam CN-0J8NNP J8NNP. Questo ricambio originale Dell garantisce una qualit\u00e0 video nitida e chiara per riunioni virtuali, conferenze e comunicazioni online. Ripristina la funzionalit\u00e0 della fotocamera del tuo laptop con questa affidabile scheda webcam. Facile da installare e compatibile con alcuni modelli Dell, \u00e8 la soluzione ideale per ripristinare la funzionalit\u00e0 della fotocamera.<\/p>\n","protected":false},"featured_media":14940,"template":"","meta":[],"product_brand":[],"product_cat":[24],"product_tag":[18],"class_list":{"0":"post-14878","1":"product","2":"type-product","3":"status-publish","4":"has-post-thumbnail","6":"product_cat-laptop-camera","7":"product_tag-dell","9":"first","10":"instock","11":"taxable","12":"shipping-taxable","13":"purchasable","14":"product-type-simple"},"_links":{"self":[{"href":"https:\/\/boreait.com\/it\/wp-json\/wp\/v2\/product\/14878","targetHints":{"allow":["GET"]}}],"collection":[{"href":"https:\/\/boreait.com\/it\/wp-json\/wp\/v2\/product"}],"about":[{"href":"https:\/\/boreait.com\/it\/wp-json\/wp\/v2\/types\/product"}],"wp:featuredmedia":[{"embeddable":true,"href":"https:\/\/boreait.com\/it\/wp-json\/wp\/v2\/media\/14940"}],"wp:attachment":[{"href":"https:\/\/boreait.com\/it\/wp-json\/wp\/v2\/media?parent=14878"}],"wp:term":[{"taxonomy":"product_brand","embeddable":true,"href":"https:\/\/boreait.com\/it\/wp-json\/wp\/v2\/product_brand?post=14878"},{"taxonomy":"product_cat","embeddable":true,"href":"https:\/\/boreait.com\/it\/wp-json\/wp\/v2\/product_cat?post=14878"},{"taxonomy":"product_tag","embeddable":true,"href":"https:\/\/boreait.com\/it\/wp-json\/wp\/v2\/product_tag?post=14878"}],"curies":[{"name":"wp","href":"https:\/\/api.w.org\/{rel}","templated":true}]}}